{"id":1453,"date":"2025-11-07T00:21:36","date_gmt":"2025-11-06T21:21:36","guid":{"rendered":"https:\/\/prague-fenix.cz\/?page_id=1453"},"modified":"2025-11-07T14:26:50","modified_gmt":"2025-11-07T11:26:50","slug":"erika","status":"publish","type":"page","link":"http:\/\/prague-fenix.cz\/cs\/erika\/","title":{"rendered":"Erika"},"content":{"rendered":"<div data-elementor-type=\"wp-page\" data-elementor-id=\"1453\" class=\"elementor elementor-1453\" data-elementor-post-type=\"page\">\n\t\t\t\t<div class=\"elementor-element elementor-element-06c86d5 e-flex e-con-boxed e-con e-parent\" data-id=\"06c86d5\" data-element_type=\"container\">\n\t\t\t\t\t<div class=\"e-con-inner\">\n\t\t<div class=\"elementor-element elementor-element-30ead64 e-con-full e-flex e-con e-child\" data-id=\"30ead64\" data-element_type=\"container\">\n\t\t\t\t<div class=\"elementor-element elementor-element-e178369 elementor-widget elementor-widget-heading\" data-id=\"e178369\" data-element_type=\"widget\" data-widget_type=\"heading.default\">\n\t\t\t\t\t<h2 class=\"elementor-heading-title elementor-size-default\">Erika<\/h2>\t\t\t\t<\/div>\n\t\t\t\t<\/div>\n\t\t\t\t\t<\/div>\n\t\t\t\t<\/div>\n\t\t<div class=\"elementor-element elementor-element-4dd8f65 service-column e-flex e-con-boxed e-con e-parent\" data-id=\"4dd8f65\" data-element_type=\"container\">\n\t\t\t\t\t<div class=\"e-con-inner\">\n\t\t<div class=\"elementor-element elementor-element-607c0b3 e-con-full e-flex e-con e-child\" data-id=\"607c0b3\" data-element_type=\"container\">\n\t\t<div class=\"elementor-element elementor-element-0272a5f e-con-full e-flex e-con e-child\" data-id=\"0272a5f\" data-element_type=\"container\">\n\t\t\t\t<div class=\"elementor-element elementor-element-65c48e4 elementor-widget elementor-widget-image\" data-id=\"65c48e4\" data-element_type=\"widget\" data-widget_type=\"image.default\">\n\t\t\t\t\t\t\t\t\t\t\t\t\t\t\t<img fetchpriority=\"high\" decoding=\"async\" width=\"900\" height=\"721\" src=\"https:\/\/prague-fenix.cz\/wp-content\/uploads\/2025\/11\/Erika.jpg\" class=\"attachment-full size-full wp-image-1461\" alt=\"\" srcset=\"https:\/\/prague-fenix.cz\/wp-content\/uploads\/2025\/11\/Erika.jpg 900w, https:\/\/prague-fenix.cz\/wp-content\/uploads\/2025\/11\/Erika-300x240.jpg 300w, https:\/\/prague-fenix.cz\/wp-content\/uploads\/2025\/11\/Erika-768x615.jpg 768w, https:\/\/prague-fenix.cz\/wp-content\/uploads\/2025\/11\/Erika-15x12.jpg 15w\" sizes=\"(max-width: 900px) 100vw, 900px\" \/>\t\t\t\t\t\t\t\t\t\t\t\t\t\t\t<\/div>\n\t\t\t\t<\/div>\n\t\t<div class=\"elementor-element elementor-element-e95c074 e-con-full e-flex e-con e-child\" data-id=\"e95c074\" data-element_type=\"container\">\n\t\t\t\t<\/div>\n\t\t\t\t<\/div>\n\t\t\t\t\t<\/div>\n\t\t\t\t<\/div>\n\t\t<div class=\"elementor-element elementor-element-a6d4e02 service-column e-flex e-con-boxed e-con e-parent\" data-id=\"a6d4e02\" data-element_type=\"container\">\n\t\t\t\t\t<div class=\"e-con-inner\">\n\t\t<div class=\"elementor-element elementor-element-b4755ce e-con-full e-flex e-con e-child\" data-id=\"b4755ce\" data-element_type=\"container\">\n\t\t<div class=\"elementor-element elementor-element-5608bca e-con-full e-flex e-con e-child\" data-id=\"5608bca\" data-element_type=\"container\">\n\t\t\t\t<div class=\"elementor-element elementor-element-713e5a1 elementor-widget elementor-widget-heading\" data-id=\"713e5a1\" data-element_type=\"widget\" data-widget_type=\"heading.default\">\n\t\t\t\t\t<h2 class=\"elementor-heading-title elementor-size-default\">O Erice<\/h2>\t\t\t\t<\/div>\n\t\t\t\t<div class=\"elementor-element elementor-element-26419ec elementor-widget elementor-widget-text-editor\" data-id=\"26419ec\" data-element_type=\"widget\" data-widget_type=\"text-editor.default\">\n\t\t\t\t\t\t\t\t\t<p>Kdy\u017e se Erika dotkne k\u016f\u017ee, zd\u00e1 se, \u017ee samotn\u00e9 hv\u011bzdy jsou propojeny do vzoru relaxace a jej\u00ed schopnost naj\u00edt skryt\u00e1 m\u00edsta nap\u011bt\u00ed prom\u011bn\u00ed mas\u00e1\u017e v tanec energi\u00ed. Jej\u00ed charisma dod\u00e1v\u00e1 ka\u017ed\u00e9mu pohybu zvl\u00e1\u0161tn\u00ed kouzlo a teplo jej\u00edch dlan\u00ed slibuje hladk\u00fd p\u0159echod z ka\u017edodenn\u00edho \u017eivota do sv\u011bta klidu a bla\u017eenosti.<\/p>\t\t\t\t\t\t\t\t<\/div>\n\t\t\t\t<\/div>\n\t\t<div class=\"elementor-element elementor-element-e3ab25e e-con-full e-flex e-con e-child\" data-id=\"e3ab25e\" data-element_type=\"container\" data-settings=\"{&quot;background_background&quot;:&quot;classic&quot;}\">\n\t\t\t\t<div class=\"elementor-element elementor-element-f863399 elementor-widget elementor-widget-heading\" data-id=\"f863399\" data-element_type=\"widget\" data-widget_type=\"heading.default\">\n\t\t\t\t\t<h2 class=\"elementor-heading-title elementor-size-default\">INFORMACE<\/h2>\t\t\t\t<\/div>\n\t\t<div class=\"elementor-element elementor-element-46de9eb e-con-full e-flex e-con e-child\" data-id=\"46de9eb\" data-element_type=\"container\">\n\t\t\t\t<div class=\"elementor-element elementor-element-c16ade8 elementor-widget elementor-widget-heading\" data-id=\"c16ade8\" data-element_type=\"widget\" data-widget_type=\"heading.default\">\n\t\t\t\t\t<p class=\"elementor-heading-title elementor-size-default\">St\u00e1\u0159\u00ed<\/p>\t\t\t\t<\/div>\n\t\t\t\t<div class=\"elementor-element elementor-element-33b2b99 elementor-widget elementor-widget-heading\" data-id=\"33b2b99\" data-element_type=\"widget\" data-widget_type=\"heading.default\">\n\t\t\t\t\t<p class=\"elementor-heading-title elementor-size-default\">24 let<\/p>\t\t\t\t<\/div>\n\t\t\t\t<\/div>\n\t\t<div class=\"elementor-element elementor-element-699bfec e-con-full e-flex e-con e-child\" data-id=\"699bfec\" data-element_type=\"container\">\n\t\t\t\t<div class=\"elementor-element elementor-element-3cbf76c elementor-widget elementor-widget-heading\" data-id=\"3cbf76c\" data-element_type=\"widget\" data-widget_type=\"heading.default\">\n\t\t\t\t\t<p class=\"elementor-heading-title elementor-size-default\">Hmotnost<\/p>\t\t\t\t<\/div>\n\t\t\t\t<div class=\"elementor-element elementor-element-844c71a elementor-widget elementor-widget-heading\" data-id=\"844c71a\" data-element_type=\"widget\" data-widget_type=\"heading.default\">\n\t\t\t\t\t<p class=\"elementor-heading-title elementor-size-default\">54 kg<\/p>\t\t\t\t<\/div>\n\t\t\t\t<\/div>\n\t\t<div class=\"elementor-element elementor-element-7240251 e-con-full e-flex e-con e-child\" data-id=\"7240251\" data-element_type=\"container\">\n\t\t\t\t<div class=\"elementor-element elementor-element-da384a4 elementor-widget elementor-widget-heading\" data-id=\"da384a4\" data-element_type=\"widget\" data-widget_type=\"heading.default\">\n\t\t\t\t\t<p class=\"elementor-heading-title elementor-size-default\">V\u00fd\u0161ka<\/p>\t\t\t\t<\/div>\n\t\t\t\t<div class=\"elementor-element elementor-element-1af6bd2 elementor-widget elementor-widget-heading\" data-id=\"1af6bd2\" data-element_type=\"widget\" data-widget_type=\"heading.default\">\n\t\t\t\t\t<p class=\"elementor-heading-title elementor-size-default\">166 cm<\/p>\t\t\t\t<\/div>\n\t\t\t\t<\/div>\n\t\t<div class=\"elementor-element elementor-element-ea2623e e-con-full e-flex e-con e-child\" data-id=\"ea2623e\" data-element_type=\"container\">\n\t\t\t\t<div class=\"elementor-element elementor-element-528b8d7 elementor-widget elementor-widget-heading\" data-id=\"528b8d7\" data-element_type=\"widget\" data-widget_type=\"heading.default\">\n\t\t\t\t\t<p class=\"elementor-heading-title elementor-size-default\">Barva vlas\u016f<\/p>\t\t\t\t<\/div>\n\t\t\t\t<div class=\"elementor-element elementor-element-5a0aa7c elementor-widget elementor-widget-heading\" data-id=\"5a0aa7c\" data-element_type=\"widget\" data-widget_type=\"heading.default\">\n\t\t\t\t\t<p class=\"elementor-heading-title elementor-size-default\">Blond<\/p>\t\t\t\t<\/div>\n\t\t\t\t<\/div>\n\t\t<div class=\"elementor-element elementor-element-e757def e-con-full e-flex e-con e-child\" data-id=\"e757def\" data-element_type=\"container\">\n\t\t\t\t<div class=\"elementor-element elementor-element-4e4fa74 elementor-widget elementor-widget-heading\" data-id=\"4e4fa74\" data-element_type=\"widget\" data-widget_type=\"heading.default\">\n\t\t\t\t\t<p class=\"elementor-heading-title elementor-size-default\">Velikost prsou<\/p>\t\t\t\t<\/div>\n\t\t\t\t<div class=\"elementor-element elementor-element-bcf04a2 elementor-widget elementor-widget-heading\" data-id=\"bcf04a2\" data-element_type=\"widget\" data-widget_type=\"heading.default\">\n\t\t\t\t\t<p class=\"elementor-heading-title elementor-size-default\">B (3)<\/p>\t\t\t\t<\/div>\n\t\t\t\t<\/div>\n\t\t\t\t<\/div>\n\t\t\t\t<\/div>\n\t\t\t\t\t<\/div>\n\t\t\t\t<\/div>\n\t\t<div class=\"elementor-element elementor-element-89aa690 service-column e-flex e-con-boxed e-con e-parent\" data-id=\"89aa690\" data-element_type=\"container\">\n\t\t\t\t\t<div class=\"e-con-inner\">\n\t\t<div class=\"elementor-element elementor-element-033fe8f e-con-full e-flex e-con e-child\" data-id=\"033fe8f\" data-element_type=\"container\">\n\t\t<div class=\"elementor-element elementor-element-61135fd e-con-full e-flex e-con e-child\" data-id=\"61135fd\" data-element_type=\"container\">\n\t\t\t\t<div class=\"elementor-element elementor-element-591ca07 elementor-widget elementor-widget-heading\" data-id=\"591ca07\" data-element_type=\"widget\" data-widget_type=\"heading.default\">\n\t\t\t\t\t<h2 class=\"elementor-heading-title elementor-size-default\">Erotick\u00e1 mas\u00e1\u017e od Eriky<\/h2>\t\t\t\t<\/div>\n\t\t\t\t<div class=\"elementor-element elementor-element-60f1a6b elementor-widget elementor-widget-text-editor\" data-id=\"60f1a6b\" data-element_type=\"widget\" data-widget_type=\"text-editor.default\">\n\t\t\t\t\t\t\t\t\t<p>Chcete-li si rezervovat erotick\u00e9 mas\u00e1\u017ee od Eriky \u2014 zavolejte pros\u00edm telefonicky. <a href=\"tel:  420 720 175 506\">+420 720 175 506<\/a> Pr\u00e1v\u011b te\u010f! U\u017e \u010dek\u00e1 na sch\u016fzku, konkr\u00e9tn\u011b s tebou! \u00a0<\/p>\t\t\t\t\t\t\t\t<\/div>\n\t\t\t\t<\/div>\n\t\t\t\t<\/div>\n\t\t\t\t\t<\/div>\n\t\t\t\t<\/div>\n\t\t<div class=\"elementor-element elementor-element-5cd375a service-column e-flex e-con-boxed e-con e-parent\" data-id=\"5cd375a\" data-element_type=\"container\">\n\t\t\t\t\t<div class=\"e-con-inner\">\n\t\t<div class=\"elementor-element elementor-element-fae0687 e-con-full e-flex e-con e-child\" data-id=\"fae0687\" data-element_type=\"container\">\n\t\t<div class=\"elementor-element elementor-element-68306d7 e-con-full e-flex e-con e-child\" data-id=\"68306d7\" data-element_type=\"container\">\n\t\t\t\t<div class=\"elementor-element elementor-element-2aac93a elementor-widget elementor-widget-image\" data-id=\"2aac93a\" data-element_type=\"widget\" data-widget_type=\"image.default\">\n\t\t\t\t\t\t\t\t\t\t\t\t\t\t\t<img decoding=\"async\" width=\"768\" height=\"1024\" src=\"https:\/\/prague-fenix.cz\/wp-content\/uploads\/2025\/11\/Erika-2.jpg\" class=\"attachment-large size-large wp-image-1460\" alt=\"\" srcset=\"https:\/\/prague-fenix.cz\/wp-content\/uploads\/2025\/11\/Erika-2.jpg 768w, https:\/\/prague-fenix.cz\/wp-content\/uploads\/2025\/11\/Erika-2-225x300.jpg 225w, https:\/\/prague-fenix.cz\/wp-content\/uploads\/2025\/11\/Erika-2-9x12.jpg 9w\" sizes=\"(max-width: 768px) 100vw, 768px\" \/>\t\t\t\t\t\t\t\t\t\t\t\t\t\t\t<\/div>\n\t\t\t\t<\/div>\n\t\t<div class=\"elementor-element elementor-element-bcf698c e-con-full e-flex e-con e-child\" data-id=\"bcf698c\" data-element_type=\"container\">\n\t\t\t\t<div class=\"elementor-element elementor-element-fb7f4c4 elementor-widget elementor-widget-image\" data-id=\"fb7f4c4\" data-element_type=\"widget\" data-widget_type=\"image.default\">\n\t\t\t\t\t\t\t\t\t\t\t\t\t\t\t<img decoding=\"async\" width=\"768\" height=\"1024\" src=\"https:\/\/prague-fenix.cz\/wp-content\/uploads\/2025\/11\/Erika-3.jpg\" class=\"attachment-large size-large wp-image-1459\" alt=\"\" srcset=\"https:\/\/prague-fenix.cz\/wp-content\/uploads\/2025\/11\/Erika-3.jpg 768w, https:\/\/prague-fenix.cz\/wp-content\/uploads\/2025\/11\/Erika-3-225x300.jpg 225w, https:\/\/prague-fenix.cz\/wp-content\/uploads\/2025\/11\/Erika-3-9x12.jpg 9w\" sizes=\"(max-width: 768px) 100vw, 768px\" \/>\t\t\t\t\t\t\t\t\t\t\t\t\t\t\t<\/div>\n\t\t\t\t<\/div>\n\t\t<div class=\"elementor-element elementor-element-1a12d9d e-con-full e-flex e-con e-child\" data-id=\"1a12d9d\" data-element_type=\"container\">\n\t\t\t\t<div class=\"elementor-element elementor-element-1313e8a elementor-widget elementor-widget-image\" data-id=\"1313e8a\" data-element_type=\"widget\" data-widget_type=\"image.default\">\n\t\t\t\t\t\t\t\t\t\t\t\t\t\t\t<img loading=\"lazy\" decoding=\"async\" width=\"768\" height=\"1024\" src=\"https:\/\/prague-fenix.cz\/wp-content\/uploads\/2025\/11\/Erika-4.jpg\" class=\"attachment-large size-large wp-image-1458\" alt=\"\" srcset=\"https:\/\/prague-fenix.cz\/wp-content\/uploads\/2025\/11\/Erika-4.jpg 768w, https:\/\/prague-fenix.cz\/wp-content\/uploads\/2025\/11\/Erika-4-225x300.jpg 225w, https:\/\/prague-fenix.cz\/wp-content\/uploads\/2025\/11\/Erika-4-9x12.jpg 9w\" sizes=\"(max-width: 768px) 100vw, 768px\" \/>\t\t\t\t\t\t\t\t\t\t\t\t\t\t\t<\/div>\n\t\t\t\t<\/div>\n\t\t\t\t<\/div>\n\t\t\t\t\t<\/div>\n\t\t\t\t<\/div>\n\t\t\t\t<\/div>","protected":false},"excerpt":{"rendered":"<p>Erika About Erika When Erika touches the skin, it seems that the stars themselves are connected into a pattern of relaxation, and her ability to find secret points of tension turns the massage into a dance of energies. Her charisma gives every movement a special magic, and the warmth of her palms promises a smooth [&hellip;]<\/p>","protected":false},"author":1,"featured_media":0,"parent":0,"menu_order":0,"comment_status":"closed","ping_status":"closed","template":"elementor_header_footer","meta":{"footnotes":""},"class_list":["post-1453","page","type-page","status-publish","hentry"],"yoast_head":"<!-- This site is optimized with the Yoast SEO plugin v26.2 - https:\/\/yoast.com\/wordpress\/plugins\/seo\/ -->\n<title>Erika - Pague Fenix<\/title>\n<meta name=\"robots\" content=\"index, follow, max-snippet:-1, max-image-preview:large, max-video-preview:-1\" \/>\n<link rel=\"canonical\" href=\"https:\/\/prague-fenix.cz\/cs\/erika\/\" \/>\n<meta property=\"og:locale\" content=\"cs_CZ\" \/>\n<meta property=\"og:type\" content=\"article\" \/>\n<meta property=\"og:title\" content=\"Erika - Pague Fenix\" \/>\n<meta property=\"og:description\" content=\"Erika About Erika When Erika touches the skin, it seems that the stars themselves are connected into a pattern of relaxation, and her ability to find secret points of tension turns the massage into a dance of energies. Her charisma gives every movement a special magic, and the warmth of her palms promises a smooth [&hellip;]\" \/>\n<meta property=\"og:url\" content=\"https:\/\/prague-fenix.cz\/cs\/erika\/\" \/>\n<meta property=\"og:site_name\" content=\"Pague Fenix\" \/>\n<meta property=\"article:modified_time\" content=\"2025-11-07T11:26:50+00:00\" \/>\n<meta property=\"og:image\" content=\"http:\/\/prague-fenix.cz\/wp-content\/uploads\/2025\/11\/Erika.jpg\" \/>\n<meta name=\"twitter:card\" content=\"summary_large_image\" \/>\n<meta name=\"twitter:label1\" content=\"Odhadovan\u00e1 doba \u010dten\u00ed\" \/>\n\t<meta name=\"twitter:data1\" content=\"1 minuta\" \/>\n<script type=\"application\/ld+json\" class=\"yoast-schema-graph\">{\"@context\":\"https:\/\/schema.org\",\"@graph\":[{\"@type\":\"WebPage\",\"@id\":\"https:\/\/prague-fenix.cz\/cs\/erika\/\",\"url\":\"https:\/\/prague-fenix.cz\/cs\/erika\/\",\"name\":\"Erika - Pague Fenix\",\"isPartOf\":{\"@id\":\"https:\/\/prague-fenix.cz\/#website\"},\"primaryImageOfPage\":{\"@id\":\"https:\/\/prague-fenix.cz\/cs\/erika\/#primaryimage\"},\"image\":{\"@id\":\"https:\/\/prague-fenix.cz\/cs\/erika\/#primaryimage\"},\"thumbnailUrl\":\"http:\/\/prague-fenix.cz\/wp-content\/uploads\/2025\/11\/Erika.jpg\",\"datePublished\":\"2025-11-06T21:21:36+00:00\",\"dateModified\":\"2025-11-07T11:26:50+00:00\",\"breadcrumb\":{\"@id\":\"https:\/\/prague-fenix.cz\/cs\/erika\/#breadcrumb\"},\"inLanguage\":\"cs\",\"potentialAction\":[{\"@type\":\"ReadAction\",\"target\":[\"https:\/\/prague-fenix.cz\/cs\/erika\/\"]}]},{\"@type\":\"ImageObject\",\"inLanguage\":\"cs\",\"@id\":\"https:\/\/prague-fenix.cz\/cs\/erika\/#primaryimage\",\"url\":\"http:\/\/prague-fenix.cz\/wp-content\/uploads\/2025\/11\/Erika.jpg\",\"contentUrl\":\"http:\/\/prague-fenix.cz\/wp-content\/uploads\/2025\/11\/Erika.jpg\"},{\"@type\":\"BreadcrumbList\",\"@id\":\"https:\/\/prague-fenix.cz\/cs\/erika\/#breadcrumb\",\"itemListElement\":[{\"@type\":\"ListItem\",\"position\":1,\"name\":\"Home\",\"item\":\"https:\/\/prague-fenix.cz\/\"},{\"@type\":\"ListItem\",\"position\":2,\"name\":\"Erika\"}]},{\"@type\":\"WebSite\",\"@id\":\"https:\/\/prague-fenix.cz\/#website\",\"url\":\"https:\/\/prague-fenix.cz\/\",\"name\":\"Pague Fenix\",\"description\":\"Erotic massage Prague\",\"publisher\":{\"@id\":\"https:\/\/prague-fenix.cz\/#organization\"},\"potentialAction\":[{\"@type\":\"SearchAction\",\"target\":{\"@type\":\"EntryPoint\",\"urlTemplate\":\"https:\/\/prague-fenix.cz\/?s={search_term_string}\"},\"query-input\":{\"@type\":\"PropertyValueSpecification\",\"valueRequired\":true,\"valueName\":\"search_term_string\"}}],\"inLanguage\":\"cs\"},{\"@type\":\"Organization\",\"@id\":\"https:\/\/prague-fenix.cz\/#organization\",\"name\":\"Pague Fenix\",\"url\":\"https:\/\/prague-fenix.cz\/\",\"logo\":{\"@type\":\"ImageObject\",\"inLanguage\":\"cs\",\"@id\":\"https:\/\/prague-fenix.cz\/#\/schema\/logo\/image\/\",\"url\":\"https:\/\/prague-fenix.cz\/wp-content\/uploads\/2025\/10\/logo.png\",\"contentUrl\":\"https:\/\/prague-fenix.cz\/wp-content\/uploads\/2025\/10\/logo.png\",\"width\":174,\"height\":80,\"caption\":\"Pague Fenix\"},\"image\":{\"@id\":\"https:\/\/prague-fenix.cz\/#\/schema\/logo\/image\/\"}}]}<\/script>\n<!-- \/ Yoast SEO plugin. -->","yoast_head_json":{"title":"Erika - Pague Fenix","robots":{"index":"index","follow":"follow","max-snippet":"max-snippet:-1","max-image-preview":"max-image-preview:large","max-video-preview":"max-video-preview:-1"},"canonical":"https:\/\/prague-fenix.cz\/cs\/erika\/","og_locale":"cs_CZ","og_type":"article","og_title":"Erika - Pague Fenix","og_description":"Erika About Erika When Erika touches the skin, it seems that the stars themselves are connected into a pattern of relaxation, and her ability to find secret points of tension turns the massage into a dance of energies. Her charisma gives every movement a special magic, and the warmth of her palms promises a smooth [&hellip;]","og_url":"https:\/\/prague-fenix.cz\/cs\/erika\/","og_site_name":"Pague Fenix","article_modified_time":"2025-11-07T11:26:50+00:00","og_image":[{"url":"http:\/\/prague-fenix.cz\/wp-content\/uploads\/2025\/11\/Erika.jpg","type":"","width":"","height":""}],"twitter_card":"summary_large_image","twitter_misc":{"Odhadovan\u00e1 doba \u010dten\u00ed":"1 minuta"},"schema":{"@context":"https:\/\/schema.org","@graph":[{"@type":"WebPage","@id":"https:\/\/prague-fenix.cz\/cs\/erika\/","url":"https:\/\/prague-fenix.cz\/cs\/erika\/","name":"Erika - Pague Fenix","isPartOf":{"@id":"https:\/\/prague-fenix.cz\/#website"},"primaryImageOfPage":{"@id":"https:\/\/prague-fenix.cz\/cs\/erika\/#primaryimage"},"image":{"@id":"https:\/\/prague-fenix.cz\/cs\/erika\/#primaryimage"},"thumbnailUrl":"http:\/\/prague-fenix.cz\/wp-content\/uploads\/2025\/11\/Erika.jpg","datePublished":"2025-11-06T21:21:36+00:00","dateModified":"2025-11-07T11:26:50+00:00","breadcrumb":{"@id":"https:\/\/prague-fenix.cz\/cs\/erika\/#breadcrumb"},"inLanguage":"cs","potentialAction":[{"@type":"ReadAction","target":["https:\/\/prague-fenix.cz\/cs\/erika\/"]}]},{"@type":"ImageObject","inLanguage":"cs","@id":"https:\/\/prague-fenix.cz\/cs\/erika\/#primaryimage","url":"http:\/\/prague-fenix.cz\/wp-content\/uploads\/2025\/11\/Erika.jpg","contentUrl":"http:\/\/prague-fenix.cz\/wp-content\/uploads\/2025\/11\/Erika.jpg"},{"@type":"BreadcrumbList","@id":"https:\/\/prague-fenix.cz\/cs\/erika\/#breadcrumb","itemListElement":[{"@type":"ListItem","position":1,"name":"Home","item":"https:\/\/prague-fenix.cz\/"},{"@type":"ListItem","position":2,"name":"Erika"}]},{"@type":"WebSite","@id":"https:\/\/prague-fenix.cz\/#website","url":"https:\/\/prague-fenix.cz\/","name":"Pague Fenix","description":"Erotic massage Prague","publisher":{"@id":"https:\/\/prague-fenix.cz\/#organization"},"potentialAction":[{"@type":"SearchAction","target":{"@type":"EntryPoint","urlTemplate":"https:\/\/prague-fenix.cz\/?s={search_term_string}"},"query-input":{"@type":"PropertyValueSpecification","valueRequired":true,"valueName":"search_term_string"}}],"inLanguage":"cs"},{"@type":"Organization","@id":"https:\/\/prague-fenix.cz\/#organization","name":"Pague Fenix","url":"https:\/\/prague-fenix.cz\/","logo":{"@type":"ImageObject","inLanguage":"cs","@id":"https:\/\/prague-fenix.cz\/#\/schema\/logo\/image\/","url":"https:\/\/prague-fenix.cz\/wp-content\/uploads\/2025\/10\/logo.png","contentUrl":"https:\/\/prague-fenix.cz\/wp-content\/uploads\/2025\/10\/logo.png","width":174,"height":80,"caption":"Pague Fenix"},"image":{"@id":"https:\/\/prague-fenix.cz\/#\/schema\/logo\/image\/"}}]}},"_links":{"self":[{"href":"http:\/\/prague-fenix.cz\/cs\/wp-json\/wp\/v2\/pages\/1453","targetHints":{"allow":["GET"]}}],"collection":[{"href":"http:\/\/prague-fenix.cz\/cs\/wp-json\/wp\/v2\/pages"}],"about":[{"href":"http:\/\/prague-fenix.cz\/cs\/wp-json\/wp\/v2\/types\/page"}],"author":[{"embeddable":true,"href":"http:\/\/prague-fenix.cz\/cs\/wp-json\/wp\/v2\/users\/1"}],"replies":[{"embeddable":true,"href":"http:\/\/prague-fenix.cz\/cs\/wp-json\/wp\/v2\/comments?post=1453"}],"version-history":[{"count":13,"href":"http:\/\/prague-fenix.cz\/cs\/wp-json\/wp\/v2\/pages\/1453\/revisions"}],"predecessor-version":[{"id":1654,"href":"http:\/\/prague-fenix.cz\/cs\/wp-json\/wp\/v2\/pages\/1453\/revisions\/1654"}],"wp:attachment":[{"href":"http:\/\/prague-fenix.cz\/cs\/wp-json\/wp\/v2\/media?parent=1453"}],"curies":[{"name":"wp","href":"https:\/\/api.w.org\/{rel}","templated":true}]}}