{"id":1262,"date":"2025-10-28T11:15:14","date_gmt":"2025-10-28T08:15:14","guid":{"rendered":"https:\/\/prague-fenix.cz\/?page_id=1262"},"modified":"2026-01-05T13:55:30","modified_gmt":"2026-01-05T10:55:30","slug":"kira","status":"publish","type":"page","link":"https:\/\/prague-fenix.cz\/cs\/kira\/","title":{"rendered":"Kira"},"content":{"rendered":"<div data-elementor-type=\"wp-page\" data-elementor-id=\"1262\" class=\"elementor elementor-1262\" data-elementor-post-type=\"page\">\n\t\t\t\t<div class=\"elementor-element elementor-element-06c86d5 e-flex e-con-boxed e-con e-parent\" data-id=\"06c86d5\" data-element_type=\"container\">\n\t\t\t\t\t<div class=\"e-con-inner\">\n\t\t<div class=\"elementor-element elementor-element-30ead64 e-con-full e-flex e-con e-child\" data-id=\"30ead64\" data-element_type=\"container\">\n\t\t\t\t<div class=\"elementor-element elementor-element-e178369 elementor-widget elementor-widget-heading\" data-id=\"e178369\" data-element_type=\"widget\" data-widget_type=\"heading.default\">\n\t\t\t\t\t<h2 class=\"elementor-heading-title elementor-size-default\">Kira<\/h2>\t\t\t\t<\/div>\n\t\t\t\t<\/div>\n\t\t\t\t\t<\/div>\n\t\t\t\t<\/div>\n\t\t<div class=\"elementor-element elementor-element-4dd8f65 service-column e-flex e-con-boxed e-con e-parent\" data-id=\"4dd8f65\" data-element_type=\"container\">\n\t\t\t\t\t<div class=\"e-con-inner\">\n\t\t<div class=\"elementor-element elementor-element-607c0b3 e-con-full e-flex e-con e-child\" data-id=\"607c0b3\" data-element_type=\"container\">\n\t\t<div class=\"elementor-element elementor-element-0272a5f e-con-full e-flex e-con e-child\" data-id=\"0272a5f\" data-element_type=\"container\">\n\t\t\t\t<div class=\"elementor-element elementor-element-65c48e4 elementor-widget elementor-widget-image\" data-id=\"65c48e4\" data-element_type=\"widget\" data-widget_type=\"image.default\">\n\t\t\t\t\t\t\t\t\t\t\t\t\t\t\t<img fetchpriority=\"high\" decoding=\"async\" width=\"1500\" height=\"1000\" src=\"https:\/\/prague-fenix.cz\/wp-content\/uploads\/2025\/12\/0097-g.jpg\" class=\"attachment-full size-full wp-image-2593\" alt=\"\" srcset=\"https:\/\/prague-fenix.cz\/wp-content\/uploads\/2025\/12\/0097-g.jpg 1500w, https:\/\/prague-fenix.cz\/wp-content\/uploads\/2025\/12\/0097-g-300x200.jpg 300w, https:\/\/prague-fenix.cz\/wp-content\/uploads\/2025\/12\/0097-g-1024x683.jpg 1024w, https:\/\/prague-fenix.cz\/wp-content\/uploads\/2025\/12\/0097-g-768x512.jpg 768w, https:\/\/prague-fenix.cz\/wp-content\/uploads\/2025\/12\/0097-g-18x12.jpg 18w\" sizes=\"(max-width: 1500px) 100vw, 1500px\" \/>\t\t\t\t\t\t\t\t\t\t\t\t\t\t\t<\/div>\n\t\t\t\t<\/div>\n\t\t<div class=\"elementor-element elementor-element-e95c074 e-con-full e-flex e-con e-child\" data-id=\"e95c074\" data-element_type=\"container\">\n\t\t\t\t<div class=\"elementor-element elementor-element-6999b52 elementor-widget elementor-widget-text-editor\" data-id=\"6999b52\" data-element_type=\"widget\" data-widget_type=\"text-editor.default\">\n\t\t\t\t\t\t\t\t\t<p>P\u016fvabn\u00e1 a v\u017edy v\u00e1\u0161niv\u00e1 mas\u00e9rka Kira pot\u011b\u0161\u00ed ka\u017ed\u00e9ho sv\u00e9ho n\u00e1v\u0161t\u011bvn\u00edka speci\u00e1ln\u00ed, jen pro ni charakteristickou technikou relaxa\u010dn\u00ed mas\u00e1\u017ee. D\u00edvka je zn\u00e1m\u00e1 sv\u00fdm v\u00fdjime\u010dn\u00fdm p\u0159\u00edstupem k pr\u00e1ci a schopnost\u00ed uspokojit touhy ka\u017ed\u00e9ho klienta po nev\u0161edn\u00ed erotick\u00e9 mas\u00e1\u017ei.<\/p>\t\t\t\t\t\t\t\t<\/div>\n\t\t\t\t<\/div>\n\t\t\t\t<\/div>\n\t\t\t\t\t<\/div>\n\t\t\t\t<\/div>\n\t\t<div class=\"elementor-element elementor-element-a6d4e02 service-column e-flex e-con-boxed e-con e-parent\" data-id=\"a6d4e02\" data-element_type=\"container\">\n\t\t\t\t\t<div class=\"e-con-inner\">\n\t\t<div class=\"elementor-element elementor-element-b4755ce e-con-full e-flex e-con e-child\" data-id=\"b4755ce\" data-element_type=\"container\">\n\t\t<div class=\"elementor-element elementor-element-5608bca e-con-full e-flex e-con e-child\" data-id=\"5608bca\" data-element_type=\"container\">\n\t\t\t\t<div class=\"elementor-element elementor-element-713e5a1 elementor-widget elementor-widget-heading\" data-id=\"713e5a1\" data-element_type=\"widget\" data-widget_type=\"heading.default\">\n\t\t\t\t\t<h2 class=\"elementor-heading-title elementor-size-default\">O Ki\u0159e<\/h2>\t\t\t\t<\/div>\n\t\t\t\t<div class=\"elementor-element elementor-element-26419ec elementor-widget elementor-widget-text-editor\" data-id=\"26419ec\" data-element_type=\"widget\" data-widget_type=\"text-editor.default\">\n\t\t\t\t\t\t\t\t\t<p>Kira dokonale v\u00ed, co se od n\u00ed o\u010dek\u00e1v\u00e1. Jej\u00ed zku\u0161enosti a bezchybn\u00e1 znalost r\u016fzn\u00fdch mas\u00e1\u017en\u00edch technik se projev\u00ed ji\u017e od prvn\u00edch minut sezen\u00ed. Tato d\u00edvka v\u00e1m zaru\u010den\u011b dop\u0159eje ty nejlep\u0161\u00ed emoce a skute\u010dn\u011b vynikaj\u00edc\u00ed mas\u00e1\u017e. A prakticky jak\u00fdkoli druh! Specializuje se na v\u011bt\u0161inu slu\u017eeb v erotick\u00e9m mas\u00e1\u017en\u00edm salonu Praha Fenix.<\/p>\n<p>\u00a0<\/p>\n<p>Ka\u017ed\u00fd, kdo absolvoval sezen\u00ed s Kirou, z\u00edskal jedine\u010dn\u00fd z\u00e1\u017eitek a touha si ho zopakovat se objev\u00ed hned po prvn\u00edm setk\u00e1n\u00ed s touto mas\u00e9rkou. D\u00edvka v\u011bnuje pozornost v\u0161em detail\u016fm a dok\u00e1\u017ee se okam\u017eit\u011b p\u0159izp\u016fsobit individu\u00e1ln\u00edm pot\u0159eb\u00e1m klienta, co\u017e z jej\u00edch slu\u017eeb \u010din\u00ed vysoce cen\u011bn\u00e9. Obzvl\u00e1\u0161t\u011b pro ty, kte\u0159\u00ed do Fenixu p\u0159ich\u00e1zej\u00ed za kvalitn\u00edm odpo\u010dinkem a relaxac\u00ed.<\/p>\t\t\t\t\t\t\t\t<\/div>\n\t\t\t\t<\/div>\n\t\t<div class=\"elementor-element elementor-element-e3ab25e e-con-full e-flex e-con e-child\" data-id=\"e3ab25e\" data-element_type=\"container\" data-settings=\"{&quot;background_background&quot;:&quot;classic&quot;}\">\n\t\t\t\t<div class=\"elementor-element elementor-element-f863399 elementor-widget elementor-widget-heading\" data-id=\"f863399\" data-element_type=\"widget\" data-widget_type=\"heading.default\">\n\t\t\t\t\t<h2 class=\"elementor-heading-title elementor-size-default\">INFORMACE<\/h2>\t\t\t\t<\/div>\n\t\t<div class=\"elementor-element elementor-element-46de9eb e-con-full e-flex e-con e-child\" data-id=\"46de9eb\" data-element_type=\"container\">\n\t\t\t\t<div class=\"elementor-element elementor-element-c16ade8 elementor-widget elementor-widget-heading\" data-id=\"c16ade8\" data-element_type=\"widget\" data-widget_type=\"heading.default\">\n\t\t\t\t\t<p class=\"elementor-heading-title elementor-size-default\">St\u00e1\u0159\u00ed<\/p>\t\t\t\t<\/div>\n\t\t\t\t<div class=\"elementor-element elementor-element-33b2b99 elementor-widget elementor-widget-heading\" data-id=\"33b2b99\" data-element_type=\"widget\" data-widget_type=\"heading.default\">\n\t\t\t\t\t<p class=\"elementor-heading-title elementor-size-default\">30 years<\/p>\t\t\t\t<\/div>\n\t\t\t\t<\/div>\n\t\t<div class=\"elementor-element elementor-element-699bfec e-con-full e-flex e-con e-child\" data-id=\"699bfec\" data-element_type=\"container\">\n\t\t\t\t<div class=\"elementor-element elementor-element-3cbf76c elementor-widget elementor-widget-heading\" data-id=\"3cbf76c\" data-element_type=\"widget\" data-widget_type=\"heading.default\">\n\t\t\t\t\t<p class=\"elementor-heading-title elementor-size-default\">Hmotnost<\/p>\t\t\t\t<\/div>\n\t\t\t\t<div class=\"elementor-element elementor-element-844c71a elementor-widget elementor-widget-heading\" data-id=\"844c71a\" data-element_type=\"widget\" data-widget_type=\"heading.default\">\n\t\t\t\t\t<p class=\"elementor-heading-title elementor-size-default\">58 kg<\/p>\t\t\t\t<\/div>\n\t\t\t\t<\/div>\n\t\t<div class=\"elementor-element elementor-element-7240251 e-con-full e-flex e-con e-child\" data-id=\"7240251\" data-element_type=\"container\">\n\t\t\t\t<div class=\"elementor-element elementor-element-da384a4 elementor-widget elementor-widget-heading\" data-id=\"da384a4\" data-element_type=\"widget\" data-widget_type=\"heading.default\">\n\t\t\t\t\t<p class=\"elementor-heading-title elementor-size-default\">V\u00fd\u0161ka<\/p>\t\t\t\t<\/div>\n\t\t\t\t<div class=\"elementor-element elementor-element-1af6bd2 elementor-widget elementor-widget-heading\" data-id=\"1af6bd2\" data-element_type=\"widget\" data-widget_type=\"heading.default\">\n\t\t\t\t\t<p class=\"elementor-heading-title elementor-size-default\">170 cm<\/p>\t\t\t\t<\/div>\n\t\t\t\t<\/div>\n\t\t<div class=\"elementor-element elementor-element-095c9af e-con-full e-flex e-con e-child\" data-id=\"095c9af\" data-element_type=\"container\">\n\t\t\t\t<div class=\"elementor-element elementor-element-b99fc87 elementor-widget elementor-widget-heading\" data-id=\"b99fc87\" data-element_type=\"widget\" data-widget_type=\"heading.default\">\n\t\t\t\t\t<p class=\"elementor-heading-title elementor-size-default\">Barva vlas\u016f<\/p>\t\t\t\t<\/div>\n\t\t\t\t<div class=\"elementor-element elementor-element-7f8f459 elementor-widget elementor-widget-heading\" data-id=\"7f8f459\" data-element_type=\"widget\" data-widget_type=\"heading.default\">\n\t\t\t\t\t<p class=\"elementor-heading-title elementor-size-default\">Bruneta<\/p>\t\t\t\t<\/div>\n\t\t\t\t<\/div>\n\t\t<div class=\"elementor-element elementor-element-e757def e-con-full e-flex e-con e-child\" data-id=\"e757def\" data-element_type=\"container\">\n\t\t\t\t<div class=\"elementor-element elementor-element-4e4fa74 elementor-widget elementor-widget-heading\" data-id=\"4e4fa74\" data-element_type=\"widget\" data-widget_type=\"heading.default\">\n\t\t\t\t\t<p class=\"elementor-heading-title elementor-size-default\">Velikost prsou<\/p>\t\t\t\t<\/div>\n\t\t\t\t<div class=\"elementor-element elementor-element-bcf04a2 elementor-widget elementor-widget-heading\" data-id=\"bcf04a2\" data-element_type=\"widget\" data-widget_type=\"heading.default\">\n\t\t\t\t\t<p class=\"elementor-heading-title elementor-size-default\">C (3)<\/p>\t\t\t\t<\/div>\n\t\t\t\t<\/div>\n\t\t\t\t<\/div>\n\t\t\t\t<\/div>\n\t\t\t\t\t<\/div>\n\t\t\t\t<\/div>\n\t\t<div class=\"elementor-element elementor-element-89aa690 service-column e-flex e-con-boxed e-con e-parent\" data-id=\"89aa690\" data-element_type=\"container\">\n\t\t\t\t\t<div class=\"e-con-inner\">\n\t\t<div class=\"elementor-element elementor-element-033fe8f e-con-full e-flex e-con e-child\" data-id=\"033fe8f\" data-element_type=\"container\">\n\t\t<div class=\"elementor-element elementor-element-61135fd e-con-full e-flex e-con e-child\" data-id=\"61135fd\" data-element_type=\"container\">\n\t\t\t\t<div class=\"elementor-element elementor-element-591ca07 elementor-widget elementor-widget-heading\" data-id=\"591ca07\" data-element_type=\"widget\" data-widget_type=\"heading.default\">\n\t\t\t\t\t<h2 class=\"elementor-heading-title elementor-size-default\">Erotick\u00e1 mas\u00e1\u017e od Kiry<\/h2>\t\t\t\t<\/div>\n\t\t\t\t<div class=\"elementor-element elementor-element-60f1a6b elementor-widget elementor-widget-text-editor\" data-id=\"60f1a6b\" data-element_type=\"widget\" data-widget_type=\"text-editor.default\">\n\t\t\t\t\t\t\t\t\t<p>Chcete-li si rezervovat erotick\u00e9 mas\u00e1\u017ee od Kiry \u2014 zavolejte pros\u00edm telefonicky.\u00a0\u00a0<a href=\"tel:  420 720 175 506\">+420 720 175 506<\/a>\u00a0Pr\u00e1v\u011b te\u010f! U\u017e \u010dek\u00e1 na sch\u016fzku, konkr\u00e9tn\u011b s tebou! \u00a0<\/p>\t\t\t\t\t\t\t\t<\/div>\n\t\t\t\t<\/div>\n\t\t\t\t<\/div>\n\t\t\t\t\t<\/div>\n\t\t\t\t<\/div>\n\t\t<div class=\"elementor-element elementor-element-5cd375a service-column e-flex e-con-boxed e-con e-parent\" data-id=\"5cd375a\" data-element_type=\"container\">\n\t\t\t\t\t<div class=\"e-con-inner\">\n\t\t<div class=\"elementor-element elementor-element-fae0687 e-con-full e-flex e-con e-child\" data-id=\"fae0687\" data-element_type=\"container\">\n\t\t<div class=\"elementor-element elementor-element-68306d7 e-con-full e-flex e-con e-child\" data-id=\"68306d7\" data-element_type=\"container\">\n\t\t\t\t<div class=\"elementor-element elementor-element-2aac93a elementor-widget elementor-widget-image\" data-id=\"2aac93a\" data-element_type=\"widget\" data-widget_type=\"image.default\">\n\t\t\t\t\t\t\t\t\t\t\t\t\t\t\t<img decoding=\"async\" width=\"682\" height=\"1024\" src=\"https:\/\/prague-fenix.cz\/wp-content\/uploads\/2025\/12\/0116.jpg\" class=\"attachment-large size-large wp-image-2537\" alt=\"\" srcset=\"https:\/\/prague-fenix.cz\/wp-content\/uploads\/2025\/12\/0116.jpg 682w, https:\/\/prague-fenix.cz\/wp-content\/uploads\/2025\/12\/0116-200x300.jpg 200w, https:\/\/prague-fenix.cz\/wp-content\/uploads\/2025\/12\/0116-8x12.jpg 8w\" sizes=\"(max-width: 682px) 100vw, 682px\" \/>\t\t\t\t\t\t\t\t\t\t\t\t\t\t\t<\/div>\n\t\t\t\t<\/div>\n\t\t<div class=\"elementor-element elementor-element-bcf698c e-con-full e-flex e-con e-child\" data-id=\"bcf698c\" data-element_type=\"container\">\n\t\t\t\t<div class=\"elementor-element elementor-element-fb7f4c4 elementor-widget elementor-widget-image\" data-id=\"fb7f4c4\" data-element_type=\"widget\" data-widget_type=\"image.default\">\n\t\t\t\t\t\t\t\t\t\t\t\t\t\t\t<img decoding=\"async\" width=\"682\" height=\"1024\" src=\"https:\/\/prague-fenix.cz\/wp-content\/uploads\/2025\/12\/0074.jpg\" class=\"attachment-large size-large wp-image-2533\" alt=\"\" srcset=\"https:\/\/prague-fenix.cz\/wp-content\/uploads\/2025\/12\/0074.jpg 682w, https:\/\/prague-fenix.cz\/wp-content\/uploads\/2025\/12\/0074-200x300.jpg 200w, https:\/\/prague-fenix.cz\/wp-content\/uploads\/2025\/12\/0074-8x12.jpg 8w\" sizes=\"(max-width: 682px) 100vw, 682px\" \/>\t\t\t\t\t\t\t\t\t\t\t\t\t\t\t<\/div>\n\t\t\t\t<\/div>\n\t\t<div class=\"elementor-element elementor-element-1a12d9d e-con-full e-flex e-con e-child\" data-id=\"1a12d9d\" data-element_type=\"container\">\n\t\t\t\t<div class=\"elementor-element elementor-element-1313e8a elementor-widget elementor-widget-image\" data-id=\"1313e8a\" data-element_type=\"widget\" data-widget_type=\"image.default\">\n\t\t\t\t\t\t\t\t\t\t\t\t\t\t\t<img loading=\"lazy\" decoding=\"async\" width=\"682\" height=\"1024\" src=\"https:\/\/prague-fenix.cz\/wp-content\/uploads\/2025\/12\/0097.jpg\" class=\"attachment-large size-large wp-image-2535\" alt=\"\" srcset=\"https:\/\/prague-fenix.cz\/wp-content\/uploads\/2025\/12\/0097.jpg 682w, https:\/\/prague-fenix.cz\/wp-content\/uploads\/2025\/12\/0097-200x300.jpg 200w, https:\/\/prague-fenix.cz\/wp-content\/uploads\/2025\/12\/0097-8x12.jpg 8w\" sizes=\"(max-width: 682px) 100vw, 682px\" \/>\t\t\t\t\t\t\t\t\t\t\t\t\t\t\t<\/div>\n\t\t\t\t<\/div>\n\t\t\t\t<\/div>\n\t\t\t\t\t<\/div>\n\t\t\t\t<\/div>\n\t\t\t\t<\/div>","protected":false},"excerpt":{"rendered":"<p>Kira The graceful and always passionate masseuse Kira will please every visitor of hers\u00a0with a special, distinctive only to her technique of relaxing massage. The girl is known for her exceptional work approach, her ability to satisfy desires of each client for an extraordinary erotic massage. About Kira Kira perfectly, know what is wanted from [&hellip;]<\/p>","protected":false},"author":1,"featured_media":0,"parent":0,"menu_order":0,"comment_status":"closed","ping_status":"closed","template":"elementor_header_footer","meta":{"footnotes":""},"class_list":["post-1262","page","type-page","status-publish","hentry"],"yoast_head":"<!-- This site is optimized with the Yoast SEO plugin v26.2 - https:\/\/yoast.com\/wordpress\/plugins\/seo\/ -->\n<title>Therapist Kira, Erotic Massage in Prague - Prague Fenix<\/title>\n<meta name=\"description\" content=\"Kira is a professional massage therapist at Prague Fenix in Prague. Personalized approach, relaxing and erotic massage, private atmosphere.\" \/>\n<meta name=\"robots\" content=\"index, follow, max-snippet:-1, max-image-preview:large, max-video-preview:-1\" \/>\n<link rel=\"canonical\" href=\"https:\/\/prague-fenix.cz\/cs\/kira\/\" \/>\n<meta property=\"og:locale\" content=\"cs_CZ\" \/>\n<meta property=\"og:type\" content=\"article\" \/>\n<meta property=\"og:title\" content=\"Therapist Kira, Erotic Massage in Prague - Prague Fenix\" \/>\n<meta property=\"og:description\" content=\"Kira is a professional massage therapist at Prague Fenix in Prague. Personalized approach, relaxing and erotic massage, private atmosphere.\" \/>\n<meta property=\"og:url\" content=\"https:\/\/prague-fenix.cz\/cs\/kira\/\" \/>\n<meta property=\"og:site_name\" content=\"Pague Fenix\" \/>\n<meta property=\"article:modified_time\" content=\"2026-01-05T10:55:30+00:00\" \/>\n<meta property=\"og:image\" content=\"http:\/\/prague-fenix.cz\/wp-content\/uploads\/2025\/12\/0097-g.jpg\" \/>\n<meta name=\"twitter:card\" content=\"summary_large_image\" \/>\n<meta name=\"twitter:label1\" content=\"Odhadovan\u00e1 doba \u010dten\u00ed\" \/>\n\t<meta name=\"twitter:data1\" content=\"2 minuty\" \/>\n<script type=\"application\/ld+json\" class=\"yoast-schema-graph\">{\"@context\":\"https:\/\/schema.org\",\"@graph\":[{\"@type\":\"WebPage\",\"@id\":\"https:\/\/prague-fenix.cz\/cs\/kira\/\",\"url\":\"https:\/\/prague-fenix.cz\/cs\/kira\/\",\"name\":\"Therapist Kira, Erotic Massage in Prague - Prague Fenix\",\"isPartOf\":{\"@id\":\"https:\/\/prague-fenix.cz\/#website\"},\"primaryImageOfPage\":{\"@id\":\"https:\/\/prague-fenix.cz\/cs\/kira\/#primaryimage\"},\"image\":{\"@id\":\"https:\/\/prague-fenix.cz\/cs\/kira\/#primaryimage\"},\"thumbnailUrl\":\"http:\/\/prague-fenix.cz\/wp-content\/uploads\/2025\/12\/0097-g.jpg\",\"datePublished\":\"2025-10-28T08:15:14+00:00\",\"dateModified\":\"2026-01-05T10:55:30+00:00\",\"description\":\"Kira is a professional massage therapist at Prague Fenix in Prague. Personalized approach, relaxing and erotic massage, private atmosphere.\",\"breadcrumb\":{\"@id\":\"https:\/\/prague-fenix.cz\/cs\/kira\/#breadcrumb\"},\"inLanguage\":\"cs\",\"potentialAction\":[{\"@type\":\"ReadAction\",\"target\":[\"https:\/\/prague-fenix.cz\/cs\/kira\/\"]}]},{\"@type\":\"ImageObject\",\"inLanguage\":\"cs\",\"@id\":\"https:\/\/prague-fenix.cz\/cs\/kira\/#primaryimage\",\"url\":\"http:\/\/prague-fenix.cz\/wp-content\/uploads\/2025\/12\/0097-g.jpg\",\"contentUrl\":\"http:\/\/prague-fenix.cz\/wp-content\/uploads\/2025\/12\/0097-g.jpg\"},{\"@type\":\"BreadcrumbList\",\"@id\":\"https:\/\/prague-fenix.cz\/cs\/kira\/#breadcrumb\",\"itemListElement\":[{\"@type\":\"ListItem\",\"position\":1,\"name\":\"Home\",\"item\":\"https:\/\/prague-fenix.cz\/\"},{\"@type\":\"ListItem\",\"position\":2,\"name\":\"Kira\"}]},{\"@type\":\"WebSite\",\"@id\":\"https:\/\/prague-fenix.cz\/#website\",\"url\":\"https:\/\/prague-fenix.cz\/\",\"name\":\"Pague Fenix\",\"description\":\"Erotic massage Prague\",\"publisher\":{\"@id\":\"https:\/\/prague-fenix.cz\/#organization\"},\"potentialAction\":[{\"@type\":\"SearchAction\",\"target\":{\"@type\":\"EntryPoint\",\"urlTemplate\":\"https:\/\/prague-fenix.cz\/?s={search_term_string}\"},\"query-input\":{\"@type\":\"PropertyValueSpecification\",\"valueRequired\":true,\"valueName\":\"search_term_string\"}}],\"inLanguage\":\"cs\"},{\"@type\":\"Organization\",\"@id\":\"https:\/\/prague-fenix.cz\/#organization\",\"name\":\"Pague Fenix\",\"url\":\"https:\/\/prague-fenix.cz\/\",\"logo\":{\"@type\":\"ImageObject\",\"inLanguage\":\"cs\",\"@id\":\"https:\/\/prague-fenix.cz\/#\/schema\/logo\/image\/\",\"url\":\"https:\/\/prague-fenix.cz\/wp-content\/uploads\/2025\/10\/logo.png\",\"contentUrl\":\"https:\/\/prague-fenix.cz\/wp-content\/uploads\/2025\/10\/logo.png\",\"width\":174,\"height\":80,\"caption\":\"Pague Fenix\"},\"image\":{\"@id\":\"https:\/\/prague-fenix.cz\/#\/schema\/logo\/image\/\"}}]}<\/script>\n<!-- \/ Yoast SEO plugin. -->","yoast_head_json":{"title":"Therapist Kira, Erotic Massage in Prague - Prague Fenix","description":"Kira is a professional massage therapist at Prague Fenix in Prague. Personalized approach, relaxing and erotic massage, private atmosphere.","robots":{"index":"index","follow":"follow","max-snippet":"max-snippet:-1","max-image-preview":"max-image-preview:large","max-video-preview":"max-video-preview:-1"},"canonical":"https:\/\/prague-fenix.cz\/cs\/kira\/","og_locale":"cs_CZ","og_type":"article","og_title":"Therapist Kira, Erotic Massage in Prague - Prague Fenix","og_description":"Kira is a professional massage therapist at Prague Fenix in Prague. Personalized approach, relaxing and erotic massage, private atmosphere.","og_url":"https:\/\/prague-fenix.cz\/cs\/kira\/","og_site_name":"Pague Fenix","article_modified_time":"2026-01-05T10:55:30+00:00","og_image":[{"url":"http:\/\/prague-fenix.cz\/wp-content\/uploads\/2025\/12\/0097-g.jpg","type":"","width":"","height":""}],"twitter_card":"summary_large_image","twitter_misc":{"Odhadovan\u00e1 doba \u010dten\u00ed":"2 minuty"},"schema":{"@context":"https:\/\/schema.org","@graph":[{"@type":"WebPage","@id":"https:\/\/prague-fenix.cz\/cs\/kira\/","url":"https:\/\/prague-fenix.cz\/cs\/kira\/","name":"Therapist Kira, Erotic Massage in Prague - Prague Fenix","isPartOf":{"@id":"https:\/\/prague-fenix.cz\/#website"},"primaryImageOfPage":{"@id":"https:\/\/prague-fenix.cz\/cs\/kira\/#primaryimage"},"image":{"@id":"https:\/\/prague-fenix.cz\/cs\/kira\/#primaryimage"},"thumbnailUrl":"http:\/\/prague-fenix.cz\/wp-content\/uploads\/2025\/12\/0097-g.jpg","datePublished":"2025-10-28T08:15:14+00:00","dateModified":"2026-01-05T10:55:30+00:00","description":"Kira is a professional massage therapist at Prague Fenix in Prague. Personalized approach, relaxing and erotic massage, private atmosphere.","breadcrumb":{"@id":"https:\/\/prague-fenix.cz\/cs\/kira\/#breadcrumb"},"inLanguage":"cs","potentialAction":[{"@type":"ReadAction","target":["https:\/\/prague-fenix.cz\/cs\/kira\/"]}]},{"@type":"ImageObject","inLanguage":"cs","@id":"https:\/\/prague-fenix.cz\/cs\/kira\/#primaryimage","url":"http:\/\/prague-fenix.cz\/wp-content\/uploads\/2025\/12\/0097-g.jpg","contentUrl":"http:\/\/prague-fenix.cz\/wp-content\/uploads\/2025\/12\/0097-g.jpg"},{"@type":"BreadcrumbList","@id":"https:\/\/prague-fenix.cz\/cs\/kira\/#breadcrumb","itemListElement":[{"@type":"ListItem","position":1,"name":"Home","item":"https:\/\/prague-fenix.cz\/"},{"@type":"ListItem","position":2,"name":"Kira"}]},{"@type":"WebSite","@id":"https:\/\/prague-fenix.cz\/#website","url":"https:\/\/prague-fenix.cz\/","name":"Pague Fenix","description":"Erotic massage Prague","publisher":{"@id":"https:\/\/prague-fenix.cz\/#organization"},"potentialAction":[{"@type":"SearchAction","target":{"@type":"EntryPoint","urlTemplate":"https:\/\/prague-fenix.cz\/?s={search_term_string}"},"query-input":{"@type":"PropertyValueSpecification","valueRequired":true,"valueName":"search_term_string"}}],"inLanguage":"cs"},{"@type":"Organization","@id":"https:\/\/prague-fenix.cz\/#organization","name":"Pague Fenix","url":"https:\/\/prague-fenix.cz\/","logo":{"@type":"ImageObject","inLanguage":"cs","@id":"https:\/\/prague-fenix.cz\/#\/schema\/logo\/image\/","url":"https:\/\/prague-fenix.cz\/wp-content\/uploads\/2025\/10\/logo.png","contentUrl":"https:\/\/prague-fenix.cz\/wp-content\/uploads\/2025\/10\/logo.png","width":174,"height":80,"caption":"Pague Fenix"},"image":{"@id":"https:\/\/prague-fenix.cz\/#\/schema\/logo\/image\/"}}]}},"_links":{"self":[{"href":"https:\/\/prague-fenix.cz\/cs\/wp-json\/wp\/v2\/pages\/1262","targetHints":{"allow":["GET"]}}],"collection":[{"href":"https:\/\/prague-fenix.cz\/cs\/wp-json\/wp\/v2\/pages"}],"about":[{"href":"https:\/\/prague-fenix.cz\/cs\/wp-json\/wp\/v2\/types\/page"}],"author":[{"embeddable":true,"href":"https:\/\/prague-fenix.cz\/cs\/wp-json\/wp\/v2\/users\/1"}],"replies":[{"embeddable":true,"href":"https:\/\/prague-fenix.cz\/cs\/wp-json\/wp\/v2\/comments?post=1262"}],"version-history":[{"count":40,"href":"https:\/\/prague-fenix.cz\/cs\/wp-json\/wp\/v2\/pages\/1262\/revisions"}],"predecessor-version":[{"id":2684,"href":"https:\/\/prague-fenix.cz\/cs\/wp-json\/wp\/v2\/pages\/1262\/revisions\/2684"}],"wp:attachment":[{"href":"https:\/\/prague-fenix.cz\/cs\/wp-json\/wp\/v2\/media?parent=1262"}],"curies":[{"name":"wp","href":"https:\/\/api.w.org\/{rel}","templated":true}]}}