{"id":775,"date":"2025-10-16T16:00:54","date_gmt":"2025-10-16T13:00:54","guid":{"rendered":"https:\/\/prague-fenix.cz\/?page_id=775"},"modified":"2026-01-05T13:35:47","modified_gmt":"2026-01-05T10:35:47","slug":"rules","status":"publish","type":"page","link":"https:\/\/prague-fenix.cz\/cs\/rules\/","title":{"rendered":"Pravidla"},"content":{"rendered":"<div data-elementor-type=\"wp-page\" data-elementor-id=\"775\" class=\"elementor elementor-775\" data-elementor-post-type=\"page\">\n\t\t\t\t<div class=\"elementor-element elementor-element-8f9868d e-flex e-con-boxed e-con e-parent\" data-id=\"8f9868d\" data-element_type=\"container\">\n\t\t\t\t\t<div class=\"e-con-inner\">\n\t\t<div class=\"elementor-element elementor-element-97b05f2 e-con-full e-flex e-con e-child\" data-id=\"97b05f2\" data-element_type=\"container\">\n\t\t\t\t<div class=\"elementor-element elementor-element-38801c4 elementor-widget elementor-widget-heading\" data-id=\"38801c4\" data-element_type=\"widget\" data-widget_type=\"heading.default\">\n\t\t\t\t\t<h2 class=\"elementor-heading-title elementor-size-default\">PRAVIDLA<\/h2>\t\t\t\t<\/div>\n\t\t\t\t<\/div>\n\t\t<div class=\"elementor-element elementor-element-2d9cb70 e-con-full e-flex e-con e-child\" data-id=\"2d9cb70\" data-element_type=\"container\">\n\t\t\t\t<\/div>\n\t\t\t\t\t<\/div>\n\t\t\t\t<\/div>\n\t\t<div class=\"elementor-element elementor-element-eadf79f e-flex e-con-boxed e-con e-parent\" data-id=\"eadf79f\" data-element_type=\"container\">\n\t\t\t\t\t<div class=\"e-con-inner\">\n\t\t\t\t<div class=\"elementor-element elementor-element-906b126 elementor-widget__width-initial elementor-widget-mobile__width-inherit elementor-widget elementor-widget-heading\" data-id=\"906b126\" data-element_type=\"widget\" data-widget_type=\"heading.default\">\n\t\t\t\t\t<h2 class=\"elementor-heading-title elementor-size-default\">N\u00e1v\u0161t\u011bvn\u00ed \u0159\u00e1d erotick\u00e9 mas\u00e1\u017en\u00ed d\u00edlny v Praze Fenix<\/h2>\t\t\t\t<\/div>\n\t\t\t\t<div class=\"elementor-element elementor-element-29d94d2 elementor-widget__width-initial elementor-widget-mobile__width-inherit elementor-widget elementor-widget-text-editor\" data-id=\"29d94d2\" data-element_type=\"widget\" data-widget_type=\"text-editor.default\">\n\t\t\t\t\t\t\t\t\t<p>Doporu\u010dujeme sezn\u00e1mit se s n\u00e1v\u0161t\u011bvn\u00edm \u0159\u00e1dem mas\u00e1\u017en\u00edho salonu Fenix, abyste p\u0159ede\u0161li nedorozum\u011bn\u00edm a dal\u0161\u00edm d\u016fvod\u016fm nespokojenosti klient\u016f.<\/p><ol><li>V prvn\u00ed \u0159ad\u011b: na\u0161e d\u00edvky neposkytuj\u00ed \u017e\u00e1dn\u00e9 intimn\u00ed slu\u017eby. Ani or\u00e1ln\u00ed! Jin\u00fdmi slovy: v mas\u00e1\u017en\u00edm salonu Prague Fenix nen\u00ed sex ani kou\u0159en\u00ed.\u00a0<\/li><li>Erotick\u00e9 mas\u00e1\u017ee mohou vyu\u017e\u00edvat pouze osoby star\u0161\u00ed 18 let.<\/li><li>Neposkytujeme osobn\u00ed telefonn\u00ed \u010d\u00edsla ani si nedomlouv\u00e1me sch\u016fzky mimo na\u0161e pracovi\u0161t\u011b.<\/li><li>V p\u0159\u00edpad\u011b, \u017ee si chcete k hlavn\u00ed slu\u017eb\u011b objednat dal\u0161\u00ed druhy mas\u00e1\u017e\u00ed, m\u011bli byste v\u011bd\u011bt, \u017ee ne ka\u017ed\u00e1 mas\u00e9rka provede typ mas\u00e1\u017ee, kter\u00fd si p\u0159ejete. Proto je lep\u0161\u00ed se s t\u00edmto bodem p\u0159edem vypo\u0159\u00e1dat \u2013 vybrat si spr\u00e1vnou skladbu mas\u00e1\u017ee pro va\u0161e pot\u011b\u0161en\u00ed.<\/li><li>Dot\u00fdk\u00e1n\u00ed se d\u00edvky (d\u00edvek) b\u011bhem sezen\u00ed nen\u00ed zak\u00e1z\u00e1no, ale NEM\u016e\u017dETE se dot\u00fdkat jej\u00edch (jejich) bradavek ani genit\u00e1li\u00ed.<\/li><li>V na\u0161em salonu je p\u0159\u00edsn\u011b zak\u00e1z\u00e1no nat\u00e1\u010den\u00ed videa nebo fotografov\u00e1n\u00ed!<\/li><li>Erotick\u00fd mas\u00e1\u017en\u00ed salon Praha Fenix funguje po objedn\u00e1n\u00ed. Va\u0161e n\u00e1v\u0161t\u011bva za\u010d\u00edn\u00e1 okam\u017eikem, kdy p\u0159ekro\u010d\u00edte pr\u00e1h mas\u00e1\u017en\u00ed m\u00edstnosti.<\/li><li>V\u017edy jsme p\u0159ipraveni zodpov\u011bd\u011bt v\u0161echny va\u0161e ot\u00e1zky, ale vyhrazujeme si pr\u00e1vo diskutovat o t\u00e9matech osobn\u00ed povahy.<\/li><\/ol>\t\t\t\t\t\t\t\t<\/div>\n\t\t\t\t<div class=\"elementor-element elementor-element-bcc225e elementor-widget__width-initial elementor-widget-mobile__width-inherit elementor-widget elementor-widget-heading\" data-id=\"bcc225e\" data-element_type=\"widget\" data-widget_type=\"heading.default\">\n\t\t\t\t\t<h4 class=\"elementor-heading-title elementor-size-default\">Upozor\u0148ujeme: pokud by va\u0161e chov\u00e1n\u00ed bylo nezdvo\u0159il\u00e9 nebo neetick\u00e9, m\u016f\u017eeme v\u00e1m odm\u00edtnout poskytnout jak\u00e9koli slu\u017eby.<\/h4>\t\t\t\t<\/div>\n\t\t\t\t<div class=\"elementor-element elementor-element-94adc9e elementor-widget__width-initial elementor-widget-mobile__width-inherit elementor-widget elementor-widget-image\" data-id=\"94adc9e\" data-element_type=\"widget\" data-widget_type=\"image.default\">\n\t\t\t\t\t\t\t\t\t\t\t\t\t\t\t<img fetchpriority=\"high\" decoding=\"async\" width=\"874\" height=\"480\" src=\"https:\/\/prague-fenix.cz\/wp-content\/uploads\/2025\/10\/image-5-1.png\" class=\"attachment-full size-full wp-image-785\" alt=\"\" srcset=\"https:\/\/prague-fenix.cz\/wp-content\/uploads\/2025\/10\/image-5-1.png 874w, https:\/\/prague-fenix.cz\/wp-content\/uploads\/2025\/10\/image-5-1-300x165.png 300w, https:\/\/prague-fenix.cz\/wp-content\/uploads\/2025\/10\/image-5-1-768x422.png 768w\" sizes=\"(max-width: 874px) 100vw, 874px\" \/>\t\t\t\t\t\t\t\t\t\t\t\t\t\t\t<\/div>\n\t\t\t\t<div class=\"elementor-element elementor-element-da1a43a elementor-widget__width-initial elementor-widget-mobile__width-inherit elementor-widget elementor-widget-heading\" data-id=\"da1a43a\" data-element_type=\"widget\" data-widget_type=\"heading.default\">\n\t\t\t\t\t<h2 class=\"elementor-heading-title elementor-size-default\">Co je pot\u0159eba ud\u011blat p\u0159ed cestou do Fenixu?<\/h2>\t\t\t\t<\/div>\n\t\t\t\t<div class=\"elementor-element elementor-element-d40f928 elementor-widget__width-initial elementor-widget-mobile__width-inherit elementor-widget elementor-widget-text-editor\" data-id=\"d40f928\" data-element_type=\"widget\" data-widget_type=\"text-editor.default\">\n\t\t\t\t\t\t\t\t\t<p>Nejprve si mus\u00edte p\u0159edem rezervovat datum a \u010das va\u0161\u00ed n\u00e1v\u0161t\u011bvy. To v\u00e1m umo\u017en\u00ed si ud\u011blat \u010das a c\u00edtit se ohledn\u011b va\u0161\u00ed sezen\u00ed naprosto sebejist\u011b.<br \/>D\u016fle\u017eit\u00e9 je tak\u00e9 dorazit do salonu v domluven\u00fd \u010das, bez zpo\u017ed\u011bn\u00ed. Pro klidn\u00e9 p\u0159evl\u00e9k\u00e1n\u00ed a p\u0159\u00edpravu na mas\u00e1\u017e.<\/p>\t\t\t\t\t\t\t\t<\/div>\n\t\t\t\t<div class=\"elementor-element elementor-element-b1ea8c7 elementor-widget__width-initial elementor-widget-mobile__width-inherit elementor-widget elementor-widget-heading\" data-id=\"b1ea8c7\" data-element_type=\"widget\" data-widget_type=\"heading.default\">\n\t\t\t\t\t<h2 class=\"elementor-heading-title elementor-size-default\">Co je pot\u0159eba ud\u011blat p\u0159ed mas\u00e1\u017e\u00ed?<\/h2>\t\t\t\t<\/div>\n\t\t\t\t<div class=\"elementor-element elementor-element-0fd5556 elementor-widget__width-initial elementor-widget-mobile__width-inherit elementor-widget elementor-widget-text-editor\" data-id=\"0fd5556\" data-element_type=\"widget\" data-widget_type=\"text-editor.default\">\n\t\t\t\t\t\t\t\t\t<p>Doporu\u010dujeme se p\u0159ed mas\u00e1\u017e\u00ed osprchovat teplou vodou. To v\u00e1m pom\u016f\u017ee relaxovat a z\u00e1rove\u0148 vy\u010distit poko\u017eku.<br \/>Tak\u00e9 se mus\u00edte vyvarovat pit\u00ed alkoholu a konzumace nezdrav\u00e9ho j\u00eddla, abyste se b\u011bhem z\u00e1kroku vyhnuli nep\u0159\u00edjemn\u00fdm pocit\u016fm.<\/p>\t\t\t\t\t\t\t\t<\/div>\n\t\t\t\t<div class=\"elementor-element elementor-element-d24b37e elementor-widget__width-initial elementor-widget-mobile__width-inherit elementor-widget elementor-widget-heading\" data-id=\"d24b37e\" data-element_type=\"widget\" data-widget_type=\"heading.default\">\n\t\t\t\t\t<h2 class=\"elementor-heading-title elementor-size-default\">Co je pot\u0159eba d\u011blat b\u011bhem mas\u00e1\u017ee?<\/h2>\t\t\t\t<\/div>\n\t\t\t\t<div class=\"elementor-element elementor-element-b168c5e elementor-widget__width-initial elementor-widget-mobile__width-inherit elementor-widget elementor-widget-text-editor\" data-id=\"b168c5e\" data-element_type=\"widget\" data-widget_type=\"text-editor.default\">\n\t\t\t\t\t\t\t\t\t<p>B\u011bhem mas\u00e1\u017ee je d\u016fle\u017eit\u00e9 d\u016fv\u011b\u0159ovat mas\u00e9rce a nechat plynout my\u0161lenky a starosti. Sna\u017ete se soust\u0159edit na sv\u00e9 pocity a u\u017e\u00edvat si ka\u017edou minutu str\u00e1venou v salonu.<br \/>Erotick\u00e1 mas\u00e1\u017e nen\u00ed jen fyzick\u00e1 relaxace, ale i emocion\u00e1ln\u00ed, proto si dovolte pro\u017e\u00edt cel\u00e9 spektrum emoc\u00ed, kter\u00e9 se b\u011bhem procedury objevuj\u00ed.<\/p>\t\t\t\t\t\t\t\t<\/div>\n\t\t\t\t<div class=\"elementor-element elementor-element-0607f75 elementor-widget__width-initial elementor-widget-mobile__width-inherit elementor-widget elementor-widget-heading\" data-id=\"0607f75\" data-element_type=\"widget\" data-widget_type=\"heading.default\">\n\t\t\t\t\t<h2 class=\"elementor-heading-title elementor-size-default\">Co je pot\u0159eba ud\u011blat po sezen\u00ed?<\/h2>\t\t\t\t<\/div>\n\t\t\t\t<div class=\"elementor-element elementor-element-803c1dd elementor-widget__width-initial elementor-widget-mobile__width-inherit elementor-widget elementor-widget-text-editor\" data-id=\"803c1dd\" data-element_type=\"widget\" data-widget_type=\"text-editor.default\">\n\t\t\t\t\t\t\t\t\t<p>Erotick\u00fd mas\u00e1\u017en\u00ed salon Praha Fenix v\u00e1s r\u00e1d vid\u00ed mezi sv\u00fdmi klienty! Pro rezervaci sezen\u00ed n\u00e1m zavolejte.<br \/><a href=\"tel: 420 720 175 506\">+420 720 175 506<\/a>\u00a0\u2013 r\u00e1di zodpov\u00edme v\u0161echny va\u0161e dotazy a rezervujeme v\u00e1m vhodn\u00fd term\u00edn pro po\u017eadovan\u00fd typ<br \/>mas\u00e1\u017e.<\/p>\t\t\t\t\t\t\t\t<\/div>\n\t\t\t\t\t<\/div>\n\t\t\t\t<\/div>\n\t\t<div class=\"elementor-element elementor-element-bbfcb53 e-flex e-con-boxed e-con e-parent\" data-id=\"bbfcb53\" data-element_type=\"container\" data-settings=\"{&quot;background_background&quot;:&quot;classic&quot;}\">\n\t\t\t\t\t<div class=\"e-con-inner\">\n\t\t\t\t<div class=\"elementor-element elementor-element-a1cdff6 elementor-widget__width-initial elementor-widget elementor-widget-heading\" data-id=\"a1cdff6\" data-element_type=\"widget\" data-widget_type=\"heading.default\">\n\t\t\t\t\t<h2 class=\"elementor-heading-title elementor-size-default\">Objednejte si erotickou mas\u00e1\u017e od<br> nejlep\u0161\u00ed mas\u00e9rky v Praze.<\/h2>\t\t\t\t<\/div>\n\t\t\t\t<div class=\"elementor-element elementor-element-cce415a elementor-position-right elementor-mobile-position-right elementor-widget__width-auto elementor-view-default elementor-widget elementor-widget-icon-box\" data-id=\"cce415a\" data-element_type=\"widget\" data-widget_type=\"icon-box.default\">\n\t\t\t\t\t\t\t<div class=\"elementor-icon-box-wrapper\">\n\n\t\t\t\t\t\t<div class=\"elementor-icon-box-icon\">\n\t\t\t\t<a href=\"#\" class=\"elementor-icon elementor-animation-rotate\" tabindex=\"-1\" aria-label=\"+420 720 175 506\">\n\t\t\t\t<svg xmlns=\"http:\/\/www.w3.org\/2000\/svg\" width=\"16\" height=\"16\" viewbox=\"0 0 16 16\" fill=\"none\"><path d=\"M10.6692 6.276L4.93119 12.014L3.98853 11.0713L9.72585 5.33333H4.66919V4H12.0025V11.3333H10.6692V6.276Z\" fill=\"white\"><\/path><\/svg>\t\t\t\t<\/a>\n\t\t\t<\/div>\n\t\t\t\n\t\t\t\t\t\t<div class=\"elementor-icon-box-content\">\n\n\t\t\t\t\t\t\t\t\t<h3 class=\"elementor-icon-box-title\">\n\t\t\t\t\t\t<a href=\"#\" >\n\t\t\t\t\t\t\t+420 720 175 506\t\t\t\t\t\t<\/a>\n\t\t\t\t\t<\/h3>\n\t\t\t\t\n\t\t\t\t\n\t\t\t<\/div>\n\t\t\t\n\t\t<\/div>\n\t\t\t\t\t\t<\/div>\n\t\t\t\t\t<\/div>\n\t\t\t\t<\/div>\n\t\t<div class=\"elementor-element elementor-element-a719d2b e-con-full gallery-mob e-flex e-con e-parent\" data-id=\"a719d2b\" data-element_type=\"container\">\n\t\t\t\t<div class=\"elementor-element elementor-element-8cc1a7c elementor-widget elementor-widget-image\" data-id=\"8cc1a7c\" data-element_type=\"widget\" data-widget_type=\"image.default\">\n\t\t\t\t\t\t\t\t\t\t\t\t\t\t\t<img decoding=\"async\" width=\"300\" height=\"240\" src=\"https:\/\/prague-fenix.cz\/wp-content\/uploads\/2025\/11\/Fenix_Salon-8-300x240.jpg\" class=\"attachment-medium size-medium wp-image-1735\" alt=\"\" srcset=\"https:\/\/prague-fenix.cz\/wp-content\/uploads\/2025\/11\/Fenix_Salon-8-300x240.jpg 300w, https:\/\/prague-fenix.cz\/wp-content\/uploads\/2025\/11\/Fenix_Salon-8-768x614.jpg 768w, https:\/\/prague-fenix.cz\/wp-content\/uploads\/2025\/11\/Fenix_Salon-8-15x12.jpg 15w, https:\/\/prague-fenix.cz\/wp-content\/uploads\/2025\/11\/Fenix_Salon-8.jpg 1000w\" sizes=\"(max-width: 300px) 100vw, 300px\" \/>\t\t\t\t\t\t\t\t\t\t\t\t\t\t\t<\/div>\n\t\t\t\t<div class=\"elementor-element elementor-element-b8a44b2 elementor-widget elementor-widget-image\" data-id=\"b8a44b2\" data-element_type=\"widget\" data-widget_type=\"image.default\">\n\t\t\t\t\t\t\t\t\t\t\t\t\t\t\t<img decoding=\"async\" width=\"300\" height=\"240\" src=\"https:\/\/prague-fenix.cz\/wp-content\/uploads\/2025\/11\/Fenix_Salon-9-300x240.jpg\" class=\"attachment-medium size-medium wp-image-1736\" alt=\"\" srcset=\"https:\/\/prague-fenix.cz\/wp-content\/uploads\/2025\/11\/Fenix_Salon-9-300x240.jpg 300w, https:\/\/prague-fenix.cz\/wp-content\/uploads\/2025\/11\/Fenix_Salon-9-768x614.jpg 768w, https:\/\/prague-fenix.cz\/wp-content\/uploads\/2025\/11\/Fenix_Salon-9-15x12.jpg 15w, https:\/\/prague-fenix.cz\/wp-content\/uploads\/2025\/11\/Fenix_Salon-9.jpg 1000w\" sizes=\"(max-width: 300px) 100vw, 300px\" \/>\t\t\t\t\t\t\t\t\t\t\t\t\t\t\t<\/div>\n\t\t\t\t<div class=\"elementor-element elementor-element-c77851e elementor-widget elementor-widget-image\" data-id=\"c77851e\" data-element_type=\"widget\" data-widget_type=\"image.default\">\n\t\t\t\t\t\t\t\t\t\t\t\t\t\t\t<img loading=\"lazy\" decoding=\"async\" width=\"300\" height=\"240\" src=\"https:\/\/prague-fenix.cz\/wp-content\/uploads\/2025\/11\/Fenix_Salon-10-300x240.jpg\" class=\"attachment-medium size-medium wp-image-1737\" alt=\"\" srcset=\"https:\/\/prague-fenix.cz\/wp-content\/uploads\/2025\/11\/Fenix_Salon-10-300x240.jpg 300w, https:\/\/prague-fenix.cz\/wp-content\/uploads\/2025\/11\/Fenix_Salon-10-768x614.jpg 768w, https:\/\/prague-fenix.cz\/wp-content\/uploads\/2025\/11\/Fenix_Salon-10-15x12.jpg 15w, https:\/\/prague-fenix.cz\/wp-content\/uploads\/2025\/11\/Fenix_Salon-10.jpg 1000w\" sizes=\"(max-width: 300px) 100vw, 300px\" \/>\t\t\t\t\t\t\t\t\t\t\t\t\t\t\t<\/div>\n\t\t\t\t<div class=\"elementor-element elementor-element-484a246 elementor-widget elementor-widget-image\" data-id=\"484a246\" data-element_type=\"widget\" data-widget_type=\"image.default\">\n\t\t\t\t\t\t\t\t\t\t\t\t\t\t\t<img loading=\"lazy\" decoding=\"async\" width=\"300\" height=\"240\" src=\"https:\/\/prague-fenix.cz\/wp-content\/uploads\/2025\/11\/Fenix_Salon-11-300x240.jpg\" class=\"attachment-medium size-medium wp-image-1738\" alt=\"\" srcset=\"https:\/\/prague-fenix.cz\/wp-content\/uploads\/2025\/11\/Fenix_Salon-11-300x240.jpg 300w, https:\/\/prague-fenix.cz\/wp-content\/uploads\/2025\/11\/Fenix_Salon-11-768x614.jpg 768w, https:\/\/prague-fenix.cz\/wp-content\/uploads\/2025\/11\/Fenix_Salon-11-15x12.jpg 15w, https:\/\/prague-fenix.cz\/wp-content\/uploads\/2025\/11\/Fenix_Salon-11.jpg 1000w\" sizes=\"(max-width: 300px) 100vw, 300px\" \/>\t\t\t\t\t\t\t\t\t\t\t\t\t\t\t<\/div>\n\t\t\t\t<div class=\"elementor-element elementor-element-bfa0106 elementor-widget elementor-widget-image\" data-id=\"bfa0106\" data-element_type=\"widget\" data-widget_type=\"image.default\">\n\t\t\t\t\t\t\t\t\t\t\t\t\t\t\t<img loading=\"lazy\" decoding=\"async\" width=\"300\" height=\"240\" src=\"https:\/\/prague-fenix.cz\/wp-content\/uploads\/2025\/11\/Fenix_Salon-12-300x240.jpg\" class=\"attachment-medium size-medium wp-image-1739\" alt=\"\" srcset=\"https:\/\/prague-fenix.cz\/wp-content\/uploads\/2025\/11\/Fenix_Salon-12-300x240.jpg 300w, https:\/\/prague-fenix.cz\/wp-content\/uploads\/2025\/11\/Fenix_Salon-12-768x614.jpg 768w, https:\/\/prague-fenix.cz\/wp-content\/uploads\/2025\/11\/Fenix_Salon-12-15x12.jpg 15w, https:\/\/prague-fenix.cz\/wp-content\/uploads\/2025\/11\/Fenix_Salon-12.jpg 1000w\" sizes=\"(max-width: 300px) 100vw, 300px\" \/>\t\t\t\t\t\t\t\t\t\t\t\t\t\t\t<\/div>\n\t\t\t\t<\/div>\n\t\t\t\t<\/div>","protected":false},"excerpt":{"rendered":"<p>RULES Visiting rules of Erotic massage salon\u00a0Prague Fenix We recommend to get acquainted with visiting rules of massage salon Fenix to avoid misunderstandings and other reasons of client\u2019s displeasure. First and foremost: our girls don\u2019t provide any of intimate services. Oral too! In other words: there is no sex or blowjobs in massage salon Prague [&hellip;]<\/p>","protected":false},"author":1,"featured_media":0,"parent":0,"menu_order":0,"comment_status":"closed","ping_status":"closed","template":"","meta":{"footnotes":""},"class_list":["post-775","page","type-page","status-publish","hentry"],"yoast_head":"<!-- This site is optimized with the Yoast SEO plugin v26.2 - https:\/\/yoast.com\/wordpress\/plugins\/seo\/ -->\n<title>Rules of the Erotic Massage Salon - Prague Fenix<\/title>\n<meta name=\"description\" content=\"Rules of visiting the Prague Fenix erotic massage salon in Prague \u2014 service conditions, confidentiality, communication etiquette, and guest comfort.\" \/>\n<meta name=\"robots\" content=\"index, follow, max-snippet:-1, max-image-preview:large, max-video-preview:-1\" \/>\n<link rel=\"canonical\" href=\"https:\/\/prague-fenix.cz\/cs\/rules\/\" \/>\n<meta property=\"og:locale\" content=\"cs_CZ\" \/>\n<meta property=\"og:type\" content=\"article\" \/>\n<meta property=\"og:title\" content=\"Rules of the Erotic Massage Salon - Prague Fenix\" \/>\n<meta property=\"og:description\" content=\"Rules of visiting the Prague Fenix erotic massage salon in Prague \u2014 service conditions, confidentiality, communication etiquette, and guest comfort.\" \/>\n<meta property=\"og:url\" content=\"https:\/\/prague-fenix.cz\/cs\/rules\/\" \/>\n<meta property=\"og:site_name\" content=\"Pague Fenix\" \/>\n<meta property=\"article:modified_time\" content=\"2026-01-05T10:35:47+00:00\" \/>\n<meta property=\"og:image\" content=\"http:\/\/prague-fenix.cz\/wp-content\/uploads\/2025\/10\/image-5-1.png\" \/>\n<meta name=\"twitter:card\" content=\"summary_large_image\" \/>\n<meta name=\"twitter:label1\" content=\"Odhadovan\u00e1 doba \u010dten\u00ed\" \/>\n\t<meta name=\"twitter:data1\" content=\"4 minuty\" \/>\n<script type=\"application\/ld+json\" class=\"yoast-schema-graph\">{\"@context\":\"https:\/\/schema.org\",\"@graph\":[{\"@type\":\"WebPage\",\"@id\":\"https:\/\/prague-fenix.cz\/rules\/\",\"url\":\"https:\/\/prague-fenix.cz\/rules\/\",\"name\":\"Rules of the Erotic Massage Salon - Prague Fenix\",\"isPartOf\":{\"@id\":\"https:\/\/prague-fenix.cz\/#website\"},\"primaryImageOfPage\":{\"@id\":\"https:\/\/prague-fenix.cz\/rules\/#primaryimage\"},\"image\":{\"@id\":\"https:\/\/prague-fenix.cz\/rules\/#primaryimage\"},\"thumbnailUrl\":\"http:\/\/prague-fenix.cz\/wp-content\/uploads\/2025\/10\/image-5-1.png\",\"datePublished\":\"2025-10-16T13:00:54+00:00\",\"dateModified\":\"2026-01-05T10:35:47+00:00\",\"description\":\"Rules of visiting the Prague Fenix erotic massage salon in Prague \u2014 service conditions, confidentiality, communication etiquette, and guest comfort.\",\"breadcrumb\":{\"@id\":\"https:\/\/prague-fenix.cz\/rules\/#breadcrumb\"},\"inLanguage\":\"cs\",\"potentialAction\":[{\"@type\":\"ReadAction\",\"target\":[\"https:\/\/prague-fenix.cz\/rules\/\"]}]},{\"@type\":\"ImageObject\",\"inLanguage\":\"cs\",\"@id\":\"https:\/\/prague-fenix.cz\/rules\/#primaryimage\",\"url\":\"http:\/\/prague-fenix.cz\/wp-content\/uploads\/2025\/10\/image-5-1.png\",\"contentUrl\":\"http:\/\/prague-fenix.cz\/wp-content\/uploads\/2025\/10\/image-5-1.png\"},{\"@type\":\"BreadcrumbList\",\"@id\":\"https:\/\/prague-fenix.cz\/rules\/#breadcrumb\",\"itemListElement\":[{\"@type\":\"ListItem\",\"position\":1,\"name\":\"Home\",\"item\":\"https:\/\/prague-fenix.cz\/\"},{\"@type\":\"ListItem\",\"position\":2,\"name\":\"Rules\"}]},{\"@type\":\"WebSite\",\"@id\":\"https:\/\/prague-fenix.cz\/#website\",\"url\":\"https:\/\/prague-fenix.cz\/\",\"name\":\"Pague Fenix\",\"description\":\"Erotic massage Prague\",\"publisher\":{\"@id\":\"https:\/\/prague-fenix.cz\/#organization\"},\"potentialAction\":[{\"@type\":\"SearchAction\",\"target\":{\"@type\":\"EntryPoint\",\"urlTemplate\":\"https:\/\/prague-fenix.cz\/?s={search_term_string}\"},\"query-input\":{\"@type\":\"PropertyValueSpecification\",\"valueRequired\":true,\"valueName\":\"search_term_string\"}}],\"inLanguage\":\"cs\"},{\"@type\":\"Organization\",\"@id\":\"https:\/\/prague-fenix.cz\/#organization\",\"name\":\"Pague Fenix\",\"url\":\"https:\/\/prague-fenix.cz\/\",\"logo\":{\"@type\":\"ImageObject\",\"inLanguage\":\"cs\",\"@id\":\"https:\/\/prague-fenix.cz\/#\/schema\/logo\/image\/\",\"url\":\"https:\/\/prague-fenix.cz\/wp-content\/uploads\/2025\/10\/logo.png\",\"contentUrl\":\"https:\/\/prague-fenix.cz\/wp-content\/uploads\/2025\/10\/logo.png\",\"width\":174,\"height\":80,\"caption\":\"Pague Fenix\"},\"image\":{\"@id\":\"https:\/\/prague-fenix.cz\/#\/schema\/logo\/image\/\"}}]}<\/script>\n<!-- \/ Yoast SEO plugin. -->","yoast_head_json":{"title":"Rules of the Erotic Massage Salon - Prague Fenix","description":"Rules of visiting the Prague Fenix erotic massage salon in Prague \u2014 service conditions, confidentiality, communication etiquette, and guest comfort.","robots":{"index":"index","follow":"follow","max-snippet":"max-snippet:-1","max-image-preview":"max-image-preview:large","max-video-preview":"max-video-preview:-1"},"canonical":"https:\/\/prague-fenix.cz\/cs\/rules\/","og_locale":"cs_CZ","og_type":"article","og_title":"Rules of the Erotic Massage Salon - Prague Fenix","og_description":"Rules of visiting the Prague Fenix erotic massage salon in Prague \u2014 service conditions, confidentiality, communication etiquette, and guest comfort.","og_url":"https:\/\/prague-fenix.cz\/cs\/rules\/","og_site_name":"Pague Fenix","article_modified_time":"2026-01-05T10:35:47+00:00","og_image":[{"url":"http:\/\/prague-fenix.cz\/wp-content\/uploads\/2025\/10\/image-5-1.png","type":"","width":"","height":""}],"twitter_card":"summary_large_image","twitter_misc":{"Odhadovan\u00e1 doba \u010dten\u00ed":"4 minuty"},"schema":{"@context":"https:\/\/schema.org","@graph":[{"@type":"WebPage","@id":"https:\/\/prague-fenix.cz\/rules\/","url":"https:\/\/prague-fenix.cz\/rules\/","name":"Rules of the Erotic Massage Salon - Prague Fenix","isPartOf":{"@id":"https:\/\/prague-fenix.cz\/#website"},"primaryImageOfPage":{"@id":"https:\/\/prague-fenix.cz\/rules\/#primaryimage"},"image":{"@id":"https:\/\/prague-fenix.cz\/rules\/#primaryimage"},"thumbnailUrl":"http:\/\/prague-fenix.cz\/wp-content\/uploads\/2025\/10\/image-5-1.png","datePublished":"2025-10-16T13:00:54+00:00","dateModified":"2026-01-05T10:35:47+00:00","description":"Rules of visiting the Prague Fenix erotic massage salon in Prague \u2014 service conditions, confidentiality, communication etiquette, and guest comfort.","breadcrumb":{"@id":"https:\/\/prague-fenix.cz\/rules\/#breadcrumb"},"inLanguage":"cs","potentialAction":[{"@type":"ReadAction","target":["https:\/\/prague-fenix.cz\/rules\/"]}]},{"@type":"ImageObject","inLanguage":"cs","@id":"https:\/\/prague-fenix.cz\/rules\/#primaryimage","url":"http:\/\/prague-fenix.cz\/wp-content\/uploads\/2025\/10\/image-5-1.png","contentUrl":"http:\/\/prague-fenix.cz\/wp-content\/uploads\/2025\/10\/image-5-1.png"},{"@type":"BreadcrumbList","@id":"https:\/\/prague-fenix.cz\/rules\/#breadcrumb","itemListElement":[{"@type":"ListItem","position":1,"name":"Home","item":"https:\/\/prague-fenix.cz\/"},{"@type":"ListItem","position":2,"name":"Rules"}]},{"@type":"WebSite","@id":"https:\/\/prague-fenix.cz\/#website","url":"https:\/\/prague-fenix.cz\/","name":"Pague Fenix","description":"Erotic massage Prague","publisher":{"@id":"https:\/\/prague-fenix.cz\/#organization"},"potentialAction":[{"@type":"SearchAction","target":{"@type":"EntryPoint","urlTemplate":"https:\/\/prague-fenix.cz\/?s={search_term_string}"},"query-input":{"@type":"PropertyValueSpecification","valueRequired":true,"valueName":"search_term_string"}}],"inLanguage":"cs"},{"@type":"Organization","@id":"https:\/\/prague-fenix.cz\/#organization","name":"Pague Fenix","url":"https:\/\/prague-fenix.cz\/","logo":{"@type":"ImageObject","inLanguage":"cs","@id":"https:\/\/prague-fenix.cz\/#\/schema\/logo\/image\/","url":"https:\/\/prague-fenix.cz\/wp-content\/uploads\/2025\/10\/logo.png","contentUrl":"https:\/\/prague-fenix.cz\/wp-content\/uploads\/2025\/10\/logo.png","width":174,"height":80,"caption":"Pague Fenix"},"image":{"@id":"https:\/\/prague-fenix.cz\/#\/schema\/logo\/image\/"}}]}},"_links":{"self":[{"href":"https:\/\/prague-fenix.cz\/cs\/wp-json\/wp\/v2\/pages\/775","targetHints":{"allow":["GET"]}}],"collection":[{"href":"https:\/\/prague-fenix.cz\/cs\/wp-json\/wp\/v2\/pages"}],"about":[{"href":"https:\/\/prague-fenix.cz\/cs\/wp-json\/wp\/v2\/types\/page"}],"author":[{"embeddable":true,"href":"https:\/\/prague-fenix.cz\/cs\/wp-json\/wp\/v2\/users\/1"}],"replies":[{"embeddable":true,"href":"https:\/\/prague-fenix.cz\/cs\/wp-json\/wp\/v2\/comments?post=775"}],"version-history":[{"count":28,"href":"https:\/\/prague-fenix.cz\/cs\/wp-json\/wp\/v2\/pages\/775\/revisions"}],"predecessor-version":[{"id":2495,"href":"https:\/\/prague-fenix.cz\/cs\/wp-json\/wp\/v2\/pages\/775\/revisions\/2495"}],"wp:attachment":[{"href":"https:\/\/prague-fenix.cz\/cs\/wp-json\/wp\/v2\/media?parent=775"}],"curies":[{"name":"wp","href":"https:\/\/api.w.org\/{rel}","templated":true}]}}