{"id":819,"date":"2025-10-20T12:05:46","date_gmt":"2025-10-20T09:05:46","guid":{"rendered":"https:\/\/prague-fenix.cz\/?page_id=819"},"modified":"2026-01-05T13:44:24","modified_gmt":"2026-01-05T10:44:24","slug":"contacts","status":"publish","type":"page","link":"https:\/\/prague-fenix.cz\/cs\/contacts\/","title":{"rendered":"Kontakty"},"content":{"rendered":"<div data-elementor-type=\"wp-page\" data-elementor-id=\"819\" class=\"elementor elementor-819\" data-elementor-post-type=\"page\">\n\t\t\t\t<div class=\"elementor-element elementor-element-cc0f0d9 e-flex e-con-boxed e-con e-parent\" data-id=\"cc0f0d9\" data-element_type=\"container\">\n\t\t\t\t\t<div class=\"e-con-inner\">\n\t\t<div class=\"elementor-element elementor-element-18f60fe e-con-full e-flex e-con e-child\" data-id=\"18f60fe\" data-element_type=\"container\">\n\t\t\t\t<div class=\"elementor-element elementor-element-66e8df6 elementor-widget elementor-widget-heading\" data-id=\"66e8df6\" data-element_type=\"widget\" data-widget_type=\"heading.default\">\n\t\t\t\t\t<h2 class=\"elementor-heading-title elementor-size-default\">Kontakty<\/h2>\t\t\t\t<\/div>\n\t\t\t\t<\/div>\n\t\t<div class=\"elementor-element elementor-element-f905670 e-con-full e-flex e-con e-child\" data-id=\"f905670\" data-element_type=\"container\">\n\t\t\t\t<\/div>\n\t\t\t\t\t<\/div>\n\t\t\t\t<\/div>\n\t\t<div class=\"elementor-element elementor-element-d98d393 e-flex e-con-boxed e-con e-parent\" data-id=\"d98d393\" data-element_type=\"container\">\n\t\t\t\t\t<div class=\"e-con-inner\">\n\t\t<div class=\"elementor-element elementor-element-e082add e-con-full e-flex e-con e-child\" data-id=\"e082add\" data-element_type=\"container\">\n\t\t\t\t<div class=\"elementor-element elementor-element-72b4868 elementor-widget elementor-widget-heading\" data-id=\"72b4868\" data-element_type=\"widget\" data-widget_type=\"heading.default\">\n\t\t\t\t\t<h5 class=\"elementor-heading-title elementor-size-default\">Adresa<\/h5>\t\t\t\t<\/div>\n\t\t\t\t<div class=\"elementor-element elementor-element-5a673ba elementor-widget elementor-widget-heading\" data-id=\"5a673ba\" data-element_type=\"widget\" data-widget_type=\"heading.default\">\n\t\t\t\t\t<h5 class=\"elementor-heading-title elementor-size-default\">Velehradsk\u00e1 1702\/12, 130 00 Vinohrady<\/h5>\t\t\t\t<\/div>\n\t\t\t\t<div class=\"elementor-element elementor-element-fbd2187 elementor-widget elementor-widget-heading\" data-id=\"fbd2187\" data-element_type=\"widget\" data-widget_type=\"heading.default\">\n\t\t\t\t\t<h5 class=\"elementor-heading-title elementor-size-default\">Najdete n\u00e1s rychle a snadno! V\u017edy\u0165 se nach\u00e1z\u00edme v sam\u00e9m centru Prahy.<\/h5>\t\t\t\t<\/div>\n\t\t\t\t<\/div>\n\t\t<div class=\"elementor-element elementor-element-9c170a2 e-con-full e-flex e-con e-child\" data-id=\"9c170a2\" data-element_type=\"container\">\n\t\t\t\t<div class=\"elementor-element elementor-element-ca318fa elementor-widget elementor-widget-heading\" data-id=\"ca318fa\" data-element_type=\"widget\" data-widget_type=\"heading.default\">\n\t\t\t\t\t<h5 class=\"elementor-heading-title elementor-size-default\">Telefon<\/h5>\t\t\t\t<\/div>\n\t\t\t\t<div class=\"elementor-element elementor-element-43deba2 elementor-widget elementor-widget-heading\" data-id=\"43deba2\" data-element_type=\"widget\" data-widget_type=\"heading.default\">\n\t\t\t\t\t<h5 class=\"elementor-heading-title elementor-size-default\"><a href=\"tel:420720175506\">+420 720 175 506<\/a><\/h5>\t\t\t\t<\/div>\n\t\t\t\t<div class=\"elementor-element elementor-element-26e0755 elementor-widget elementor-widget-heading\" data-id=\"26e0755\" data-element_type=\"widget\" data-widget_type=\"heading.default\">\n\t\t\t\t\t<h5 class=\"elementor-heading-title elementor-size-default\">Jsme v kontaktu 24 hodin denn\u011b! Zavolejte si kdykoli, kdy\u017e v\u00e1m to vyhovuje, a rezervujte si sch\u016fzku hned te\u010f.<\/h5>\t\t\t\t<\/div>\n\t\t\t\t<\/div>\n\t\t<div class=\"elementor-element elementor-element-98a1167 e-con-full e-flex e-con e-child\" data-id=\"98a1167\" data-element_type=\"container\">\n\t\t\t\t<div class=\"elementor-element elementor-element-57886db elementor-widget elementor-widget-heading\" data-id=\"57886db\" data-element_type=\"widget\" data-widget_type=\"heading.default\">\n\t\t\t\t\t<h5 class=\"elementor-heading-title elementor-size-default\">E-mail<\/h5>\t\t\t\t<\/div>\n\t\t\t\t<div class=\"elementor-element elementor-element-564d653 elementor-widget elementor-widget-heading\" data-id=\"564d653\" data-element_type=\"widget\" data-widget_type=\"heading.default\">\n\t\t\t\t\t<h5 class=\"elementor-heading-title elementor-size-default\"><a href=\"mailto:prague.fenix@gmail.cz\">praha.fenix@gmail.cz<\/a><\/h5>\t\t\t\t<\/div>\n\t\t\t\t<div class=\"elementor-element elementor-element-5886e8b elementor-widget elementor-widget-heading\" data-id=\"5886e8b\" data-element_type=\"widget\" data-widget_type=\"heading.default\">\n\t\t\t\t\t<h5 class=\"elementor-heading-title elementor-size-default\">Jsme p\u0159ipraveni zodpov\u011bd\u011bt jak\u00e9koli va\u0161e dotazy. P\u0159ij\u00edm\u00e1me tak\u00e9 ve\u0161ker\u00e9 n\u00e1vrhy a p\u0159ipom\u00ednky.<\/h5>\t\t\t\t<\/div>\n\t\t\t\t<\/div>\n\t\t<div class=\"elementor-element elementor-element-73a06a8 e-con-full e-flex e-con e-child\" data-id=\"73a06a8\" data-element_type=\"container\">\n\t\t\t\t<div class=\"elementor-element elementor-element-5fcf61c elementor-widget elementor-widget-heading\" data-id=\"5fcf61c\" data-element_type=\"widget\" data-widget_type=\"heading.default\">\n\t\t\t\t\t<h5 class=\"elementor-heading-title elementor-size-default\">Webov\u00e9 str\u00e1nky<\/h5>\t\t\t\t<\/div>\n\t\t\t\t<div class=\"elementor-element elementor-element-7e475aa elementor-widget elementor-widget-heading\" data-id=\"7e475aa\" data-element_type=\"widget\" data-widget_type=\"heading.default\">\n\t\t\t\t\t<h5 class=\"elementor-heading-title elementor-size-default\"><a href=\"https:\/\/prague-fenix.cz\/cs\/\">www.prague-fenix.cz<\/a><\/h5>\t\t\t\t<\/div>\n\t\t\t\t<div class=\"elementor-element elementor-element-24eddc0 elementor-widget elementor-widget-heading\" data-id=\"24eddc0\" data-element_type=\"widget\" data-widget_type=\"heading.default\">\n\t\t\t\t\t<h5 class=\"elementor-heading-title elementor-size-default\">Nav\u0161tivte na\u0161e ofici\u00e1ln\u00ed webov\u00e9 str\u00e1nky kdykoli! Zde najdete ve\u0161ker\u00e9 podrobnosti, novinky a aktuality o na\u0161em mas\u00e1\u017en\u00edm studiu.<\/h5>\t\t\t\t<\/div>\n\t\t\t\t<\/div>\n\t\t\t\t\t<\/div>\n\t\t\t\t<\/div>\n\t\t<div class=\"elementor-element elementor-element-fe76c45 e-flex e-con-boxed e-con e-parent\" data-id=\"fe76c45\" data-element_type=\"container\">\n\t\t\t\t\t<div class=\"e-con-inner\">\n\t\t\t\t<div class=\"elementor-element elementor-element-1f75e40 elementor-widget elementor-widget-google_maps\" data-id=\"1f75e40\" data-element_type=\"widget\" data-widget_type=\"google_maps.default\">\n\t\t\t\t\t\t\t<div class=\"elementor-custom-embed\">\n\t\t\t<iframe loading=\"lazy\"\n\t\t\t\t\tsrc=\"https:\/\/maps.google.com\/maps?q=Velehradsk%C3%A1%201702%2F12%2C%20130%2000%20Vinohrady&#038;t=m&#038;z=17&#038;output=embed&#038;iwloc=near\"\n\t\t\t\t\ttitle=\"Velehradsk\u00e1 1702\/12, 130 00 Vinohrady\"\n\t\t\t\t\taria-label=\"Velehradsk\u00e1 1702\/12, 130 00 Vinohrady\"\n\t\t\t><\/iframe>\n\t\t<\/div>\n\t\t\t\t\t\t<\/div>\n\t\t\t\t\t<\/div>\n\t\t\t\t<\/div>\n\t\t<div class=\"elementor-element elementor-element-409cc00 e-con-full gallery-mob e-flex e-con e-parent\" data-id=\"409cc00\" data-element_type=\"container\">\n\t\t\t\t<div class=\"elementor-element elementor-element-e3284ca elementor-widget elementor-widget-image\" data-id=\"e3284ca\" data-element_type=\"widget\" data-widget_type=\"image.default\">\n\t\t\t\t\t\t\t\t\t\t\t\t\t\t\t<img fetchpriority=\"high\" decoding=\"async\" width=\"300\" height=\"240\" src=\"https:\/\/prague-fenix.cz\/wp-content\/uploads\/2025\/11\/Fenix_Salon-17-300x240.jpg\" class=\"attachment-medium size-medium wp-image-1744\" alt=\"\" srcset=\"https:\/\/prague-fenix.cz\/wp-content\/uploads\/2025\/11\/Fenix_Salon-17-300x240.jpg 300w, https:\/\/prague-fenix.cz\/wp-content\/uploads\/2025\/11\/Fenix_Salon-17-768x614.jpg 768w, https:\/\/prague-fenix.cz\/wp-content\/uploads\/2025\/11\/Fenix_Salon-17-15x12.jpg 15w, https:\/\/prague-fenix.cz\/wp-content\/uploads\/2025\/11\/Fenix_Salon-17.jpg 1000w\" sizes=\"(max-width: 300px) 100vw, 300px\" \/>\t\t\t\t\t\t\t\t\t\t\t\t\t\t\t<\/div>\n\t\t\t\t<div class=\"elementor-element elementor-element-d474f2e elementor-widget elementor-widget-image\" data-id=\"d474f2e\" data-element_type=\"widget\" data-widget_type=\"image.default\">\n\t\t\t\t\t\t\t\t\t\t\t\t\t\t\t<img decoding=\"async\" width=\"300\" height=\"240\" src=\"https:\/\/prague-fenix.cz\/wp-content\/uploads\/2025\/11\/Fenix_Salon-16-300x240.jpg\" class=\"attachment-medium size-medium wp-image-1743\" alt=\"\" srcset=\"https:\/\/prague-fenix.cz\/wp-content\/uploads\/2025\/11\/Fenix_Salon-16-300x240.jpg 300w, https:\/\/prague-fenix.cz\/wp-content\/uploads\/2025\/11\/Fenix_Salon-16-768x614.jpg 768w, https:\/\/prague-fenix.cz\/wp-content\/uploads\/2025\/11\/Fenix_Salon-16-15x12.jpg 15w, https:\/\/prague-fenix.cz\/wp-content\/uploads\/2025\/11\/Fenix_Salon-16.jpg 1000w\" sizes=\"(max-width: 300px) 100vw, 300px\" \/>\t\t\t\t\t\t\t\t\t\t\t\t\t\t\t<\/div>\n\t\t\t\t<div class=\"elementor-element elementor-element-4504f8e elementor-widget elementor-widget-image\" data-id=\"4504f8e\" data-element_type=\"widget\" data-widget_type=\"image.default\">\n\t\t\t\t\t\t\t\t\t\t\t\t\t\t\t<img decoding=\"async\" width=\"300\" height=\"240\" src=\"https:\/\/prague-fenix.cz\/wp-content\/uploads\/2025\/11\/Fenix_Salon-13-300x240.jpg\" class=\"attachment-medium size-medium wp-image-1740\" alt=\"\" srcset=\"https:\/\/prague-fenix.cz\/wp-content\/uploads\/2025\/11\/Fenix_Salon-13-300x240.jpg 300w, https:\/\/prague-fenix.cz\/wp-content\/uploads\/2025\/11\/Fenix_Salon-13-768x614.jpg 768w, https:\/\/prague-fenix.cz\/wp-content\/uploads\/2025\/11\/Fenix_Salon-13-15x12.jpg 15w, https:\/\/prague-fenix.cz\/wp-content\/uploads\/2025\/11\/Fenix_Salon-13.jpg 1000w\" sizes=\"(max-width: 300px) 100vw, 300px\" \/>\t\t\t\t\t\t\t\t\t\t\t\t\t\t\t<\/div>\n\t\t\t\t<div class=\"elementor-element elementor-element-4dd107b elementor-widget elementor-widget-image\" data-id=\"4dd107b\" data-element_type=\"widget\" data-widget_type=\"image.default\">\n\t\t\t\t\t\t\t\t\t\t\t\t\t\t\t<img loading=\"lazy\" decoding=\"async\" width=\"300\" height=\"240\" src=\"https:\/\/prague-fenix.cz\/wp-content\/uploads\/2025\/11\/Fenix_Salon-12-300x240.jpg\" class=\"attachment-medium size-medium wp-image-1739\" alt=\"\" srcset=\"https:\/\/prague-fenix.cz\/wp-content\/uploads\/2025\/11\/Fenix_Salon-12-300x240.jpg 300w, https:\/\/prague-fenix.cz\/wp-content\/uploads\/2025\/11\/Fenix_Salon-12-768x614.jpg 768w, https:\/\/prague-fenix.cz\/wp-content\/uploads\/2025\/11\/Fenix_Salon-12-15x12.jpg 15w, https:\/\/prague-fenix.cz\/wp-content\/uploads\/2025\/11\/Fenix_Salon-12.jpg 1000w\" sizes=\"(max-width: 300px) 100vw, 300px\" \/>\t\t\t\t\t\t\t\t\t\t\t\t\t\t\t<\/div>\n\t\t\t\t<div class=\"elementor-element elementor-element-7cae4ae elementor-widget elementor-widget-image\" data-id=\"7cae4ae\" data-element_type=\"widget\" data-widget_type=\"image.default\">\n\t\t\t\t\t\t\t\t\t\t\t\t\t\t\t<img loading=\"lazy\" decoding=\"async\" width=\"300\" height=\"240\" src=\"https:\/\/prague-fenix.cz\/wp-content\/uploads\/2025\/11\/Fenix_Salon-11-300x240.jpg\" class=\"attachment-medium size-medium wp-image-1738\" alt=\"\" srcset=\"https:\/\/prague-fenix.cz\/wp-content\/uploads\/2025\/11\/Fenix_Salon-11-300x240.jpg 300w, https:\/\/prague-fenix.cz\/wp-content\/uploads\/2025\/11\/Fenix_Salon-11-768x614.jpg 768w, https:\/\/prague-fenix.cz\/wp-content\/uploads\/2025\/11\/Fenix_Salon-11-15x12.jpg 15w, https:\/\/prague-fenix.cz\/wp-content\/uploads\/2025\/11\/Fenix_Salon-11.jpg 1000w\" sizes=\"(max-width: 300px) 100vw, 300px\" \/>\t\t\t\t\t\t\t\t\t\t\t\t\t\t\t<\/div>\n\t\t\t\t<\/div>\n\t\t\t\t<\/div>","protected":false},"excerpt":{"rendered":"<p>Contacts Address Velehradsk\u00e1 1702\/12, 130 00 Vinohrady Find us quickly and easily! After all, we are located in the very center of Prague. Telephone +420 720 175 506 We are in touch around the clock! Call at any convenient time and book your session right now. E-mail prague.fenix@gmail.cz We are ready to answer any of [&hellip;]<\/p>","protected":false},"author":1,"featured_media":0,"parent":0,"menu_order":0,"comment_status":"closed","ping_status":"closed","template":"elementor_header_footer","meta":{"footnotes":""},"class_list":["post-819","page","type-page","status-publish","hentry"],"yoast_head":"<!-- This site is optimized with the Yoast SEO plugin v26.2 - https:\/\/yoast.com\/wordpress\/plugins\/seo\/ -->\n<title>Contacts of the Erotic Massage Salon in Prague - Prague Fenix<\/title>\n<meta name=\"description\" content=\"Contacts of the Prague Fenix erotic massage salon in Prague \u2014 address, phone, online booking, map, and ways to reach us for appointments.\" \/>\n<meta name=\"robots\" content=\"index, follow, max-snippet:-1, max-image-preview:large, max-video-preview:-1\" \/>\n<link rel=\"canonical\" href=\"https:\/\/prague-fenix.cz\/cs\/contacts\/\" \/>\n<meta property=\"og:locale\" content=\"cs_CZ\" \/>\n<meta property=\"og:type\" content=\"article\" \/>\n<meta property=\"og:title\" content=\"Contacts of the Erotic Massage Salon in Prague - Prague Fenix\" \/>\n<meta property=\"og:description\" content=\"Contacts of the Prague Fenix erotic massage salon in Prague \u2014 address, phone, online booking, map, and ways to reach us for appointments.\" \/>\n<meta property=\"og:url\" content=\"https:\/\/prague-fenix.cz\/cs\/contacts\/\" \/>\n<meta property=\"og:site_name\" content=\"Pague Fenix\" \/>\n<meta property=\"article:modified_time\" content=\"2026-01-05T10:44:24+00:00\" \/>\n<meta property=\"og:image\" content=\"http:\/\/prague-fenix.cz\/wp-content\/uploads\/2025\/11\/Fenix_Salon-17-300x240.jpg\" \/>\n<meta name=\"twitter:card\" content=\"summary_large_image\" \/>\n<meta name=\"twitter:label1\" content=\"Odhadovan\u00e1 doba \u010dten\u00ed\" \/>\n\t<meta name=\"twitter:data1\" content=\"2 minuty\" \/>\n<script type=\"application\/ld+json\" class=\"yoast-schema-graph\">{\"@context\":\"https:\/\/schema.org\",\"@graph\":[{\"@type\":\"WebPage\",\"@id\":\"https:\/\/prague-fenix.cz\/contacts\/\",\"url\":\"https:\/\/prague-fenix.cz\/contacts\/\",\"name\":\"Contacts of the Erotic Massage Salon in Prague - Prague Fenix\",\"isPartOf\":{\"@id\":\"https:\/\/prague-fenix.cz\/#website\"},\"primaryImageOfPage\":{\"@id\":\"https:\/\/prague-fenix.cz\/contacts\/#primaryimage\"},\"image\":{\"@id\":\"https:\/\/prague-fenix.cz\/contacts\/#primaryimage\"},\"thumbnailUrl\":\"http:\/\/prague-fenix.cz\/wp-content\/uploads\/2025\/11\/Fenix_Salon-17-300x240.jpg\",\"datePublished\":\"2025-10-20T09:05:46+00:00\",\"dateModified\":\"2026-01-05T10:44:24+00:00\",\"description\":\"Contacts of the Prague Fenix erotic massage salon in Prague \u2014 address, phone, online booking, map, and ways to reach us for appointments.\",\"breadcrumb\":{\"@id\":\"https:\/\/prague-fenix.cz\/contacts\/#breadcrumb\"},\"inLanguage\":\"cs\",\"potentialAction\":[{\"@type\":\"ReadAction\",\"target\":[\"https:\/\/prague-fenix.cz\/contacts\/\"]}]},{\"@type\":\"ImageObject\",\"inLanguage\":\"cs\",\"@id\":\"https:\/\/prague-fenix.cz\/contacts\/#primaryimage\",\"url\":\"http:\/\/prague-fenix.cz\/wp-content\/uploads\/2025\/11\/Fenix_Salon-17-300x240.jpg\",\"contentUrl\":\"http:\/\/prague-fenix.cz\/wp-content\/uploads\/2025\/11\/Fenix_Salon-17-300x240.jpg\"},{\"@type\":\"BreadcrumbList\",\"@id\":\"https:\/\/prague-fenix.cz\/contacts\/#breadcrumb\",\"itemListElement\":[{\"@type\":\"ListItem\",\"position\":1,\"name\":\"Home\",\"item\":\"https:\/\/prague-fenix.cz\/\"},{\"@type\":\"ListItem\",\"position\":2,\"name\":\"Contacts\"}]},{\"@type\":\"WebSite\",\"@id\":\"https:\/\/prague-fenix.cz\/#website\",\"url\":\"https:\/\/prague-fenix.cz\/\",\"name\":\"Pague Fenix\",\"description\":\"Erotic massage Prague\",\"publisher\":{\"@id\":\"https:\/\/prague-fenix.cz\/#organization\"},\"potentialAction\":[{\"@type\":\"SearchAction\",\"target\":{\"@type\":\"EntryPoint\",\"urlTemplate\":\"https:\/\/prague-fenix.cz\/?s={search_term_string}\"},\"query-input\":{\"@type\":\"PropertyValueSpecification\",\"valueRequired\":true,\"valueName\":\"search_term_string\"}}],\"inLanguage\":\"cs\"},{\"@type\":\"Organization\",\"@id\":\"https:\/\/prague-fenix.cz\/#organization\",\"name\":\"Pague Fenix\",\"url\":\"https:\/\/prague-fenix.cz\/\",\"logo\":{\"@type\":\"ImageObject\",\"inLanguage\":\"cs\",\"@id\":\"https:\/\/prague-fenix.cz\/#\/schema\/logo\/image\/\",\"url\":\"https:\/\/prague-fenix.cz\/wp-content\/uploads\/2025\/10\/logo.png\",\"contentUrl\":\"https:\/\/prague-fenix.cz\/wp-content\/uploads\/2025\/10\/logo.png\",\"width\":174,\"height\":80,\"caption\":\"Pague Fenix\"},\"image\":{\"@id\":\"https:\/\/prague-fenix.cz\/#\/schema\/logo\/image\/\"}}]}<\/script>\n<!-- \/ Yoast SEO plugin. -->","yoast_head_json":{"title":"Contacts of the Erotic Massage Salon in Prague - Prague Fenix","description":"Contacts of the Prague Fenix erotic massage salon in Prague \u2014 address, phone, online booking, map, and ways to reach us for appointments.","robots":{"index":"index","follow":"follow","max-snippet":"max-snippet:-1","max-image-preview":"max-image-preview:large","max-video-preview":"max-video-preview:-1"},"canonical":"https:\/\/prague-fenix.cz\/cs\/contacts\/","og_locale":"cs_CZ","og_type":"article","og_title":"Contacts of the Erotic Massage Salon in Prague - Prague Fenix","og_description":"Contacts of the Prague Fenix erotic massage salon in Prague \u2014 address, phone, online booking, map, and ways to reach us for appointments.","og_url":"https:\/\/prague-fenix.cz\/cs\/contacts\/","og_site_name":"Pague Fenix","article_modified_time":"2026-01-05T10:44:24+00:00","og_image":[{"url":"http:\/\/prague-fenix.cz\/wp-content\/uploads\/2025\/11\/Fenix_Salon-17-300x240.jpg","type":"","width":"","height":""}],"twitter_card":"summary_large_image","twitter_misc":{"Odhadovan\u00e1 doba \u010dten\u00ed":"2 minuty"},"schema":{"@context":"https:\/\/schema.org","@graph":[{"@type":"WebPage","@id":"https:\/\/prague-fenix.cz\/contacts\/","url":"https:\/\/prague-fenix.cz\/contacts\/","name":"Contacts of the Erotic Massage Salon in Prague - Prague Fenix","isPartOf":{"@id":"https:\/\/prague-fenix.cz\/#website"},"primaryImageOfPage":{"@id":"https:\/\/prague-fenix.cz\/contacts\/#primaryimage"},"image":{"@id":"https:\/\/prague-fenix.cz\/contacts\/#primaryimage"},"thumbnailUrl":"http:\/\/prague-fenix.cz\/wp-content\/uploads\/2025\/11\/Fenix_Salon-17-300x240.jpg","datePublished":"2025-10-20T09:05:46+00:00","dateModified":"2026-01-05T10:44:24+00:00","description":"Contacts of the Prague Fenix erotic massage salon in Prague \u2014 address, phone, online booking, map, and ways to reach us for appointments.","breadcrumb":{"@id":"https:\/\/prague-fenix.cz\/contacts\/#breadcrumb"},"inLanguage":"cs","potentialAction":[{"@type":"ReadAction","target":["https:\/\/prague-fenix.cz\/contacts\/"]}]},{"@type":"ImageObject","inLanguage":"cs","@id":"https:\/\/prague-fenix.cz\/contacts\/#primaryimage","url":"http:\/\/prague-fenix.cz\/wp-content\/uploads\/2025\/11\/Fenix_Salon-17-300x240.jpg","contentUrl":"http:\/\/prague-fenix.cz\/wp-content\/uploads\/2025\/11\/Fenix_Salon-17-300x240.jpg"},{"@type":"BreadcrumbList","@id":"https:\/\/prague-fenix.cz\/contacts\/#breadcrumb","itemListElement":[{"@type":"ListItem","position":1,"name":"Home","item":"https:\/\/prague-fenix.cz\/"},{"@type":"ListItem","position":2,"name":"Contacts"}]},{"@type":"WebSite","@id":"https:\/\/prague-fenix.cz\/#website","url":"https:\/\/prague-fenix.cz\/","name":"Pague Fenix","description":"Erotic massage Prague","publisher":{"@id":"https:\/\/prague-fenix.cz\/#organization"},"potentialAction":[{"@type":"SearchAction","target":{"@type":"EntryPoint","urlTemplate":"https:\/\/prague-fenix.cz\/?s={search_term_string}"},"query-input":{"@type":"PropertyValueSpecification","valueRequired":true,"valueName":"search_term_string"}}],"inLanguage":"cs"},{"@type":"Organization","@id":"https:\/\/prague-fenix.cz\/#organization","name":"Pague Fenix","url":"https:\/\/prague-fenix.cz\/","logo":{"@type":"ImageObject","inLanguage":"cs","@id":"https:\/\/prague-fenix.cz\/#\/schema\/logo\/image\/","url":"https:\/\/prague-fenix.cz\/wp-content\/uploads\/2025\/10\/logo.png","contentUrl":"https:\/\/prague-fenix.cz\/wp-content\/uploads\/2025\/10\/logo.png","width":174,"height":80,"caption":"Pague Fenix"},"image":{"@id":"https:\/\/prague-fenix.cz\/#\/schema\/logo\/image\/"}}]}},"_links":{"self":[{"href":"https:\/\/prague-fenix.cz\/cs\/wp-json\/wp\/v2\/pages\/819","targetHints":{"allow":["GET"]}}],"collection":[{"href":"https:\/\/prague-fenix.cz\/cs\/wp-json\/wp\/v2\/pages"}],"about":[{"href":"https:\/\/prague-fenix.cz\/cs\/wp-json\/wp\/v2\/types\/page"}],"author":[{"embeddable":true,"href":"https:\/\/prague-fenix.cz\/cs\/wp-json\/wp\/v2\/users\/1"}],"replies":[{"embeddable":true,"href":"https:\/\/prague-fenix.cz\/cs\/wp-json\/wp\/v2\/comments?post=819"}],"version-history":[{"count":35,"href":"https:\/\/prague-fenix.cz\/cs\/wp-json\/wp\/v2\/pages\/819\/revisions"}],"predecessor-version":[{"id":2689,"href":"https:\/\/prague-fenix.cz\/cs\/wp-json\/wp\/v2\/pages\/819\/revisions\/2689"}],"wp:attachment":[{"href":"https:\/\/prague-fenix.cz\/cs\/wp-json\/wp\/v2\/media?parent=819"}],"curies":[{"name":"wp","href":"https:\/\/api.w.org\/{rel}","templated":true}]}}