{"id":1413,"date":"2025-11-07T00:03:26","date_gmt":"2025-11-06T21:03:26","guid":{"rendered":"https:\/\/prague-fenix.cz\/?page_id=1413"},"modified":"2025-11-07T14:23:39","modified_gmt":"2025-11-07T11:23:39","slug":"alexa","status":"publish","type":"page","link":"https:\/\/prague-fenix.cz\/de\/alexa\/","title":{"rendered":"Alexa"},"content":{"rendered":"<div data-elementor-type=\"wp-page\" data-elementor-id=\"1413\" class=\"elementor elementor-1413\" data-elementor-post-type=\"page\">\n\t\t\t\t<div class=\"elementor-element elementor-element-06c86d5 e-flex e-con-boxed e-con e-parent\" data-id=\"06c86d5\" data-element_type=\"container\">\n\t\t\t\t\t<div class=\"e-con-inner\">\n\t\t<div class=\"elementor-element elementor-element-30ead64 e-con-full e-flex e-con e-child\" data-id=\"30ead64\" data-element_type=\"container\">\n\t\t\t\t<div class=\"elementor-element elementor-element-e178369 elementor-widget elementor-widget-heading\" data-id=\"e178369\" data-element_type=\"widget\" data-widget_type=\"heading.default\">\n\t\t\t\t\t<h2 class=\"elementor-heading-title elementor-size-default\">Alexa<\/h2>\t\t\t\t<\/div>\n\t\t\t\t<\/div>\n\t\t\t\t\t<\/div>\n\t\t\t\t<\/div>\n\t\t<div class=\"elementor-element elementor-element-4dd8f65 service-column e-flex e-con-boxed e-con e-parent\" data-id=\"4dd8f65\" data-element_type=\"container\">\n\t\t\t\t\t<div class=\"e-con-inner\">\n\t\t<div class=\"elementor-element elementor-element-607c0b3 e-con-full e-flex e-con e-child\" data-id=\"607c0b3\" data-element_type=\"container\">\n\t\t<div class=\"elementor-element elementor-element-0272a5f e-con-full e-flex e-con e-child\" data-id=\"0272a5f\" data-element_type=\"container\">\n\t\t\t\t<div class=\"elementor-element elementor-element-65c48e4 elementor-widget elementor-widget-image\" data-id=\"65c48e4\" data-element_type=\"widget\" data-widget_type=\"image.default\">\n\t\t\t\t\t\t\t\t\t\t\t\t\t\t\t<img fetchpriority=\"high\" decoding=\"async\" width=\"1024\" height=\"683\" src=\"https:\/\/prague-fenix.cz\/wp-content\/uploads\/2025\/11\/Alexa.jpg\" class=\"attachment-full size-full wp-image-1412\" alt=\"\" srcset=\"https:\/\/prague-fenix.cz\/wp-content\/uploads\/2025\/11\/Alexa.jpg 1024w, https:\/\/prague-fenix.cz\/wp-content\/uploads\/2025\/11\/Alexa-300x200.jpg 300w, https:\/\/prague-fenix.cz\/wp-content\/uploads\/2025\/11\/Alexa-768x512.jpg 768w, https:\/\/prague-fenix.cz\/wp-content\/uploads\/2025\/11\/Alexa-18x12.jpg 18w\" sizes=\"(max-width: 1024px) 100vw, 1024px\" \/>\t\t\t\t\t\t\t\t\t\t\t\t\t\t\t<\/div>\n\t\t\t\t<\/div>\n\t\t<div class=\"elementor-element elementor-element-e95c074 e-con-full e-flex e-con e-child\" data-id=\"e95c074\" data-element_type=\"container\">\n\t\t\t\t<\/div>\n\t\t\t\t<\/div>\n\t\t\t\t\t<\/div>\n\t\t\t\t<\/div>\n\t\t<div class=\"elementor-element elementor-element-a6d4e02 service-column e-flex e-con-boxed e-con e-parent\" data-id=\"a6d4e02\" data-element_type=\"container\">\n\t\t\t\t\t<div class=\"e-con-inner\">\n\t\t<div class=\"elementor-element elementor-element-b4755ce e-con-full e-flex e-con e-child\" data-id=\"b4755ce\" data-element_type=\"container\">\n\t\t<div class=\"elementor-element elementor-element-5608bca e-con-full e-flex e-con e-child\" data-id=\"5608bca\" data-element_type=\"container\">\n\t\t\t\t<div class=\"elementor-element elementor-element-713e5a1 elementor-widget elementor-widget-heading\" data-id=\"713e5a1\" data-element_type=\"widget\" data-widget_type=\"heading.default\">\n\t\t\t\t\t<h2 class=\"elementor-heading-title elementor-size-default\">\u00dcber Alexa<\/h2>\t\t\t\t<\/div>\n\t\t\t\t<div class=\"elementor-element elementor-element-26419ec elementor-widget elementor-widget-text-editor\" data-id=\"26419ec\" data-element_type=\"widget\" data-widget_type=\"text-editor.default\">\n\t\t\t\t\t\t\t\t\t<p>Sch\u00f6n, klug und geschickt \u2013 genau das trifft auf Alex zu. Mit nur 22 Jahren beherrscht sie die Kunst der Massage bereits meisterhaft. Ihre sanften H\u00e4nde wissen genau, wie man eine entspannende Massage gibt und den K\u00f6rper in Ekstase versetzt. Wenn Sie gerade in Prag sind oder demn\u00e4chst einen Besuch planen, hei\u00dfe ich Sie herzlich willkommen. Nutzen Sie die Gelegenheit und erleben Sie die beste Entspannungsmassage.<\/p>\t\t\t\t\t\t\t\t<\/div>\n\t\t\t\t<\/div>\n\t\t<div class=\"elementor-element elementor-element-e3ab25e e-con-full e-flex e-con e-child\" data-id=\"e3ab25e\" data-element_type=\"container\" data-settings=\"{&quot;background_background&quot;:&quot;classic&quot;}\">\n\t\t\t\t<div class=\"elementor-element elementor-element-f863399 elementor-widget elementor-widget-heading\" data-id=\"f863399\" data-element_type=\"widget\" data-widget_type=\"heading.default\">\n\t\t\t\t\t<h2 class=\"elementor-heading-title elementor-size-default\">INFO<\/h2>\t\t\t\t<\/div>\n\t\t<div class=\"elementor-element elementor-element-46de9eb e-con-full e-flex e-con e-child\" data-id=\"46de9eb\" data-element_type=\"container\">\n\t\t\t\t<div class=\"elementor-element elementor-element-c16ade8 elementor-widget elementor-widget-heading\" data-id=\"c16ade8\" data-element_type=\"widget\" data-widget_type=\"heading.default\">\n\t\t\t\t\t<p class=\"elementor-heading-title elementor-size-default\">Alter<\/p>\t\t\t\t<\/div>\n\t\t\t\t<div class=\"elementor-element elementor-element-33b2b99 elementor-widget elementor-widget-heading\" data-id=\"33b2b99\" data-element_type=\"widget\" data-widget_type=\"heading.default\">\n\t\t\t\t\t<p class=\"elementor-heading-title elementor-size-default\">22 Jahre<\/p>\t\t\t\t<\/div>\n\t\t\t\t<\/div>\n\t\t<div class=\"elementor-element elementor-element-699bfec e-con-full e-flex e-con e-child\" data-id=\"699bfec\" data-element_type=\"container\">\n\t\t\t\t<div class=\"elementor-element elementor-element-3cbf76c elementor-widget elementor-widget-heading\" data-id=\"3cbf76c\" data-element_type=\"widget\" data-widget_type=\"heading.default\">\n\t\t\t\t\t<p class=\"elementor-heading-title elementor-size-default\">Gewicht<\/p>\t\t\t\t<\/div>\n\t\t\t\t<div class=\"elementor-element elementor-element-844c71a elementor-widget elementor-widget-heading\" data-id=\"844c71a\" data-element_type=\"widget\" data-widget_type=\"heading.default\">\n\t\t\t\t\t<p class=\"elementor-heading-title elementor-size-default\">55 kg<\/p>\t\t\t\t<\/div>\n\t\t\t\t<\/div>\n\t\t<div class=\"elementor-element elementor-element-7240251 e-con-full e-flex e-con e-child\" data-id=\"7240251\" data-element_type=\"container\">\n\t\t\t\t<div class=\"elementor-element elementor-element-da384a4 elementor-widget elementor-widget-heading\" data-id=\"da384a4\" data-element_type=\"widget\" data-widget_type=\"heading.default\">\n\t\t\t\t\t<p class=\"elementor-heading-title elementor-size-default\">H\u00f6he<\/p>\t\t\t\t<\/div>\n\t\t\t\t<div class=\"elementor-element elementor-element-1af6bd2 elementor-widget elementor-widget-heading\" data-id=\"1af6bd2\" data-element_type=\"widget\" data-widget_type=\"heading.default\">\n\t\t\t\t\t<p class=\"elementor-heading-title elementor-size-default\">164 m<\/p>\t\t\t\t<\/div>\n\t\t\t\t<\/div>\n\t\t<div class=\"elementor-element elementor-element-ea2623e e-con-full e-flex e-con e-child\" data-id=\"ea2623e\" data-element_type=\"container\">\n\t\t\t\t<div class=\"elementor-element elementor-element-528b8d7 elementor-widget elementor-widget-heading\" data-id=\"528b8d7\" data-element_type=\"widget\" data-widget_type=\"heading.default\">\n\t\t\t\t\t<p class=\"elementor-heading-title elementor-size-default\">Haarfarbe<\/p>\t\t\t\t<\/div>\n\t\t\t\t<div class=\"elementor-element elementor-element-5a0aa7c elementor-widget elementor-widget-heading\" data-id=\"5a0aa7c\" data-element_type=\"widget\" data-widget_type=\"heading.default\">\n\t\t\t\t\t<p class=\"elementor-heading-title elementor-size-default\">Braun<\/p>\t\t\t\t<\/div>\n\t\t\t\t<\/div>\n\t\t<div class=\"elementor-element elementor-element-e757def e-con-full e-flex e-con e-child\" data-id=\"e757def\" data-element_type=\"container\">\n\t\t\t\t<div class=\"elementor-element elementor-element-4e4fa74 elementor-widget elementor-widget-heading\" data-id=\"4e4fa74\" data-element_type=\"widget\" data-widget_type=\"heading.default\">\n\t\t\t\t\t<p class=\"elementor-heading-title elementor-size-default\">Brustgr\u00f6\u00dfe<\/p>\t\t\t\t<\/div>\n\t\t\t\t<div class=\"elementor-element elementor-element-bcf04a2 elementor-widget elementor-widget-heading\" data-id=\"bcf04a2\" data-element_type=\"widget\" data-widget_type=\"heading.default\">\n\t\t\t\t\t<p class=\"elementor-heading-title elementor-size-default\">B (2)<\/p>\t\t\t\t<\/div>\n\t\t\t\t<\/div>\n\t\t\t\t<\/div>\n\t\t\t\t<\/div>\n\t\t\t\t\t<\/div>\n\t\t\t\t<\/div>\n\t\t<div class=\"elementor-element elementor-element-89aa690 service-column e-flex e-con-boxed e-con e-parent\" data-id=\"89aa690\" data-element_type=\"container\">\n\t\t\t\t\t<div class=\"e-con-inner\">\n\t\t<div class=\"elementor-element elementor-element-033fe8f e-con-full e-flex e-con e-child\" data-id=\"033fe8f\" data-element_type=\"container\">\n\t\t<div class=\"elementor-element elementor-element-61135fd e-con-full e-flex e-con e-child\" data-id=\"61135fd\" data-element_type=\"container\">\n\t\t\t\t<div class=\"elementor-element elementor-element-591ca07 elementor-widget elementor-widget-heading\" data-id=\"591ca07\" data-element_type=\"widget\" data-widget_type=\"heading.default\">\n\t\t\t\t\t<h2 class=\"elementor-heading-title elementor-size-default\">Erotische Massage von Alexa<\/h2>\t\t\t\t<\/div>\n\t\t\t\t<div class=\"elementor-element elementor-element-60f1a6b elementor-widget elementor-widget-text-editor\" data-id=\"60f1a6b\" data-element_type=\"widget\" data-widget_type=\"text-editor.default\">\n\t\t\t\t\t\t\t\t\t<p>Um erotische Massagen von Alexa zu buchen, rufen Sie bitte an. <a href=\"tel:  420 720 175 506\">+420 720 175 506<\/a> Jetzt sofort! Sie wartet schon auf ein Treffen, und zwar mit Ihnen! \u00a0<\/p>\t\t\t\t\t\t\t\t<\/div>\n\t\t\t\t<\/div>\n\t\t\t\t<\/div>\n\t\t\t\t\t<\/div>\n\t\t\t\t<\/div>\n\t\t<div class=\"elementor-element elementor-element-5cd375a service-column e-flex e-con-boxed e-con e-parent\" data-id=\"5cd375a\" data-element_type=\"container\">\n\t\t\t\t\t<div class=\"e-con-inner\">\n\t\t<div class=\"elementor-element elementor-element-fae0687 e-con-full e-flex e-con e-child\" data-id=\"fae0687\" data-element_type=\"container\">\n\t\t<div class=\"elementor-element elementor-element-68306d7 e-con-full e-flex e-con e-child\" data-id=\"68306d7\" data-element_type=\"container\">\n\t\t\t\t<div class=\"elementor-element elementor-element-2aac93a elementor-widget elementor-widget-image\" data-id=\"2aac93a\" data-element_type=\"widget\" data-widget_type=\"image.default\">\n\t\t\t\t\t\t\t\t\t\t\t\t\t\t\t<img decoding=\"async\" width=\"683\" height=\"1024\" src=\"https:\/\/prague-fenix.cz\/wp-content\/uploads\/2025\/11\/Alexa-2.jpg\" class=\"attachment-large size-large wp-image-1411\" alt=\"\" srcset=\"https:\/\/prague-fenix.cz\/wp-content\/uploads\/2025\/11\/Alexa-2.jpg 683w, https:\/\/prague-fenix.cz\/wp-content\/uploads\/2025\/11\/Alexa-2-200x300.jpg 200w, https:\/\/prague-fenix.cz\/wp-content\/uploads\/2025\/11\/Alexa-2-8x12.jpg 8w\" sizes=\"(max-width: 683px) 100vw, 683px\" \/>\t\t\t\t\t\t\t\t\t\t\t\t\t\t\t<\/div>\n\t\t\t\t<\/div>\n\t\t<div class=\"elementor-element elementor-element-bcf698c e-con-full e-flex e-con e-child\" data-id=\"bcf698c\" data-element_type=\"container\">\n\t\t\t\t<div class=\"elementor-element elementor-element-fb7f4c4 elementor-widget elementor-widget-image\" data-id=\"fb7f4c4\" data-element_type=\"widget\" data-widget_type=\"image.default\">\n\t\t\t\t\t\t\t\t\t\t\t\t\t\t\t<img decoding=\"async\" width=\"699\" height=\"1024\" src=\"https:\/\/prague-fenix.cz\/wp-content\/uploads\/2025\/11\/Alexa-3.jpg\" class=\"attachment-large size-large wp-image-1410\" alt=\"\" srcset=\"https:\/\/prague-fenix.cz\/wp-content\/uploads\/2025\/11\/Alexa-3.jpg 699w, https:\/\/prague-fenix.cz\/wp-content\/uploads\/2025\/11\/Alexa-3-205x300.jpg 205w, https:\/\/prague-fenix.cz\/wp-content\/uploads\/2025\/11\/Alexa-3-8x12.jpg 8w\" sizes=\"(max-width: 699px) 100vw, 699px\" \/>\t\t\t\t\t\t\t\t\t\t\t\t\t\t\t<\/div>\n\t\t\t\t<\/div>\n\t\t<div class=\"elementor-element elementor-element-1a12d9d e-con-full e-flex e-con e-child\" data-id=\"1a12d9d\" data-element_type=\"container\">\n\t\t\t\t<div class=\"elementor-element elementor-element-1313e8a elementor-widget elementor-widget-image\" data-id=\"1313e8a\" data-element_type=\"widget\" data-widget_type=\"image.default\">\n\t\t\t\t\t\t\t\t\t\t\t\t\t\t\t<img loading=\"lazy\" decoding=\"async\" width=\"699\" height=\"1024\" src=\"https:\/\/prague-fenix.cz\/wp-content\/uploads\/2025\/11\/Alexa-4.jpg\" class=\"attachment-large size-large wp-image-1409\" alt=\"\" srcset=\"https:\/\/prague-fenix.cz\/wp-content\/uploads\/2025\/11\/Alexa-4.jpg 699w, https:\/\/prague-fenix.cz\/wp-content\/uploads\/2025\/11\/Alexa-4-205x300.jpg 205w, https:\/\/prague-fenix.cz\/wp-content\/uploads\/2025\/11\/Alexa-4-8x12.jpg 8w\" sizes=\"(max-width: 699px) 100vw, 699px\" \/>\t\t\t\t\t\t\t\t\t\t\t\t\t\t\t<\/div>\n\t\t\t\t<\/div>\n\t\t\t\t<\/div>\n\t\t\t\t\t<\/div>\n\t\t\t\t<\/div>\n\t\t\t\t<\/div>","protected":false},"excerpt":{"rendered":"<p>Alexa About Alexa How about beautiful, smart and dexterous. And it\u2019s all about Alex. She is only 22 years old, and already masterfully performs massage. Her soft hands know exactly how to give a relaxing massage and bring your body to ecstasy. If you are now in Prague or planning to come to Prague soon, [&hellip;]<\/p>","protected":false},"author":1,"featured_media":0,"parent":0,"menu_order":0,"comment_status":"closed","ping_status":"closed","template":"elementor_header_footer","meta":{"footnotes":""},"class_list":["post-1413","page","type-page","status-publish","hentry"],"yoast_head":"<!-- This site is optimized with the Yoast SEO plugin v26.2 - https:\/\/yoast.com\/wordpress\/plugins\/seo\/ -->\n<title>Alexa - Pague Fenix<\/title>\n<meta name=\"robots\" content=\"index, follow, max-snippet:-1, max-image-preview:large, max-video-preview:-1\" \/>\n<link rel=\"canonical\" href=\"https:\/\/prague-fenix.cz\/de\/masseuses\/alexa\/\" \/>\n<meta property=\"og:locale\" content=\"de_DE\" \/>\n<meta property=\"og:type\" content=\"article\" \/>\n<meta property=\"og:title\" content=\"Alexa - Pague Fenix\" \/>\n<meta property=\"og:description\" content=\"Alexa About Alexa How about beautiful, smart and dexterous. And it\u2019s all about Alex. She is only 22 years old, and already masterfully performs massage. Her soft hands know exactly how to give a relaxing massage and bring your body to ecstasy. If you are now in Prague or planning to come to Prague soon, [&hellip;]\" \/>\n<meta property=\"og:url\" content=\"https:\/\/prague-fenix.cz\/de\/masseuses\/alexa\/\" \/>\n<meta property=\"og:site_name\" content=\"Pague Fenix\" \/>\n<meta property=\"article:modified_time\" content=\"2025-11-07T11:23:39+00:00\" \/>\n<meta property=\"og:image\" content=\"http:\/\/prague-fenix.cz\/wp-content\/uploads\/2025\/11\/Alexa.jpg\" \/>\n<meta name=\"twitter:card\" content=\"summary_large_image\" \/>\n<meta name=\"twitter:label1\" content=\"Gesch\u00e4tzte Lesezeit\" \/>\n\t<meta name=\"twitter:data1\" content=\"1\u00a0Minute\" \/>\n<script type=\"application\/ld+json\" class=\"yoast-schema-graph\">{\"@context\":\"https:\/\/schema.org\",\"@graph\":[{\"@type\":\"WebPage\",\"@id\":\"http:\/\/prague-fenix.cz\/cs\/alexa\/\",\"url\":\"http:\/\/prague-fenix.cz\/cs\/alexa\/\",\"name\":\"Alexa - Pague Fenix\",\"isPartOf\":{\"@id\":\"https:\/\/prague-fenix.cz\/#website\"},\"primaryImageOfPage\":{\"@id\":\"http:\/\/prague-fenix.cz\/cs\/alexa\/#primaryimage\"},\"image\":{\"@id\":\"http:\/\/prague-fenix.cz\/cs\/alexa\/#primaryimage\"},\"thumbnailUrl\":\"http:\/\/prague-fenix.cz\/wp-content\/uploads\/2025\/11\/Alexa.jpg\",\"datePublished\":\"2025-11-06T21:03:26+00:00\",\"dateModified\":\"2025-11-07T11:23:39+00:00\",\"breadcrumb\":{\"@id\":\"http:\/\/prague-fenix.cz\/cs\/alexa\/#breadcrumb\"},\"inLanguage\":\"de\",\"potentialAction\":[{\"@type\":\"ReadAction\",\"target\":[\"http:\/\/prague-fenix.cz\/cs\/alexa\/\"]}]},{\"@type\":\"ImageObject\",\"inLanguage\":\"de\",\"@id\":\"http:\/\/prague-fenix.cz\/cs\/alexa\/#primaryimage\",\"url\":\"http:\/\/prague-fenix.cz\/wp-content\/uploads\/2025\/11\/Alexa.jpg\",\"contentUrl\":\"http:\/\/prague-fenix.cz\/wp-content\/uploads\/2025\/11\/Alexa.jpg\"},{\"@type\":\"BreadcrumbList\",\"@id\":\"http:\/\/prague-fenix.cz\/cs\/alexa\/#breadcrumb\",\"itemListElement\":[{\"@type\":\"ListItem\",\"position\":1,\"name\":\"Home\",\"item\":\"https:\/\/prague-fenix.cz\/\"},{\"@type\":\"ListItem\",\"position\":2,\"name\":\"Alexa\"}]},{\"@type\":\"WebSite\",\"@id\":\"https:\/\/prague-fenix.cz\/#website\",\"url\":\"https:\/\/prague-fenix.cz\/\",\"name\":\"Pague Fenix\",\"description\":\"Erotic massage Prague\",\"publisher\":{\"@id\":\"https:\/\/prague-fenix.cz\/#organization\"},\"potentialAction\":[{\"@type\":\"SearchAction\",\"target\":{\"@type\":\"EntryPoint\",\"urlTemplate\":\"https:\/\/prague-fenix.cz\/?s={search_term_string}\"},\"query-input\":{\"@type\":\"PropertyValueSpecification\",\"valueRequired\":true,\"valueName\":\"search_term_string\"}}],\"inLanguage\":\"de\"},{\"@type\":\"Organization\",\"@id\":\"https:\/\/prague-fenix.cz\/#organization\",\"name\":\"Pague Fenix\",\"url\":\"https:\/\/prague-fenix.cz\/\",\"logo\":{\"@type\":\"ImageObject\",\"inLanguage\":\"de\",\"@id\":\"https:\/\/prague-fenix.cz\/#\/schema\/logo\/image\/\",\"url\":\"https:\/\/prague-fenix.cz\/wp-content\/uploads\/2025\/10\/logo.png\",\"contentUrl\":\"https:\/\/prague-fenix.cz\/wp-content\/uploads\/2025\/10\/logo.png\",\"width\":174,\"height\":80,\"caption\":\"Pague Fenix\"},\"image\":{\"@id\":\"https:\/\/prague-fenix.cz\/#\/schema\/logo\/image\/\"}}]}<\/script>\n<!-- \/ Yoast SEO plugin. -->","yoast_head_json":{"title":"Alexa - Pague Fenix","robots":{"index":"index","follow":"follow","max-snippet":"max-snippet:-1","max-image-preview":"max-image-preview:large","max-video-preview":"max-video-preview:-1"},"canonical":"https:\/\/prague-fenix.cz\/de\/masseuses\/alexa\/","og_locale":"de_DE","og_type":"article","og_title":"Alexa - Pague Fenix","og_description":"Alexa About Alexa How about beautiful, smart and dexterous. And it\u2019s all about Alex. She is only 22 years old, and already masterfully performs massage. Her soft hands know exactly how to give a relaxing massage and bring your body to ecstasy. If you are now in Prague or planning to come to Prague soon, [&hellip;]","og_url":"https:\/\/prague-fenix.cz\/de\/masseuses\/alexa\/","og_site_name":"Pague Fenix","article_modified_time":"2025-11-07T11:23:39+00:00","og_image":[{"url":"http:\/\/prague-fenix.cz\/wp-content\/uploads\/2025\/11\/Alexa.jpg","type":"","width":"","height":""}],"twitter_card":"summary_large_image","twitter_misc":{"Gesch\u00e4tzte Lesezeit":"1\u00a0Minute"},"schema":{"@context":"https:\/\/schema.org","@graph":[{"@type":"WebPage","@id":"http:\/\/prague-fenix.cz\/cs\/alexa\/","url":"http:\/\/prague-fenix.cz\/cs\/alexa\/","name":"Alexa - Pague Fenix","isPartOf":{"@id":"https:\/\/prague-fenix.cz\/#website"},"primaryImageOfPage":{"@id":"http:\/\/prague-fenix.cz\/cs\/alexa\/#primaryimage"},"image":{"@id":"http:\/\/prague-fenix.cz\/cs\/alexa\/#primaryimage"},"thumbnailUrl":"http:\/\/prague-fenix.cz\/wp-content\/uploads\/2025\/11\/Alexa.jpg","datePublished":"2025-11-06T21:03:26+00:00","dateModified":"2025-11-07T11:23:39+00:00","breadcrumb":{"@id":"http:\/\/prague-fenix.cz\/cs\/alexa\/#breadcrumb"},"inLanguage":"de","potentialAction":[{"@type":"ReadAction","target":["http:\/\/prague-fenix.cz\/cs\/alexa\/"]}]},{"@type":"ImageObject","inLanguage":"de","@id":"http:\/\/prague-fenix.cz\/cs\/alexa\/#primaryimage","url":"http:\/\/prague-fenix.cz\/wp-content\/uploads\/2025\/11\/Alexa.jpg","contentUrl":"http:\/\/prague-fenix.cz\/wp-content\/uploads\/2025\/11\/Alexa.jpg"},{"@type":"BreadcrumbList","@id":"http:\/\/prague-fenix.cz\/cs\/alexa\/#breadcrumb","itemListElement":[{"@type":"ListItem","position":1,"name":"Home","item":"https:\/\/prague-fenix.cz\/"},{"@type":"ListItem","position":2,"name":"Alexa"}]},{"@type":"WebSite","@id":"https:\/\/prague-fenix.cz\/#website","url":"https:\/\/prague-fenix.cz\/","name":"Pague Fenix","description":"Erotic massage Prague","publisher":{"@id":"https:\/\/prague-fenix.cz\/#organization"},"potentialAction":[{"@type":"SearchAction","target":{"@type":"EntryPoint","urlTemplate":"https:\/\/prague-fenix.cz\/?s={search_term_string}"},"query-input":{"@type":"PropertyValueSpecification","valueRequired":true,"valueName":"search_term_string"}}],"inLanguage":"de"},{"@type":"Organization","@id":"https:\/\/prague-fenix.cz\/#organization","name":"Pague Fenix","url":"https:\/\/prague-fenix.cz\/","logo":{"@type":"ImageObject","inLanguage":"de","@id":"https:\/\/prague-fenix.cz\/#\/schema\/logo\/image\/","url":"https:\/\/prague-fenix.cz\/wp-content\/uploads\/2025\/10\/logo.png","contentUrl":"https:\/\/prague-fenix.cz\/wp-content\/uploads\/2025\/10\/logo.png","width":174,"height":80,"caption":"Pague Fenix"},"image":{"@id":"https:\/\/prague-fenix.cz\/#\/schema\/logo\/image\/"}}]}},"_links":{"self":[{"href":"https:\/\/prague-fenix.cz\/de\/wp-json\/wp\/v2\/pages\/1413","targetHints":{"allow":["GET"]}}],"collection":[{"href":"https:\/\/prague-fenix.cz\/de\/wp-json\/wp\/v2\/pages"}],"about":[{"href":"https:\/\/prague-fenix.cz\/de\/wp-json\/wp\/v2\/types\/page"}],"author":[{"embeddable":true,"href":"https:\/\/prague-fenix.cz\/de\/wp-json\/wp\/v2\/users\/1"}],"replies":[{"embeddable":true,"href":"https:\/\/prague-fenix.cz\/de\/wp-json\/wp\/v2\/comments?post=1413"}],"version-history":[{"count":10,"href":"https:\/\/prague-fenix.cz\/de\/wp-json\/wp\/v2\/pages\/1413\/revisions"}],"predecessor-version":[{"id":1642,"href":"https:\/\/prague-fenix.cz\/de\/wp-json\/wp\/v2\/pages\/1413\/revisions\/1642"}],"wp:attachment":[{"href":"https:\/\/prague-fenix.cz\/de\/wp-json\/wp\/v2\/media?parent=1413"}],"curies":[{"name":"wp","href":"https:\/\/api.w.org\/{rel}","templated":true}]}}