{"id":2879,"date":"2026-05-09T10:36:39","date_gmt":"2026-05-09T07:36:39","guid":{"rendered":"https:\/\/prague-fenix.cz\/?page_id=2879"},"modified":"2026-05-09T11:47:49","modified_gmt":"2026-05-09T08:47:49","slug":"slava","status":"publish","type":"page","link":"https:\/\/prague-fenix.cz\/de\/slava\/","title":{"rendered":"Slava"},"content":{"rendered":"<div data-elementor-type=\"wp-page\" data-elementor-id=\"2879\" class=\"elementor elementor-2879\" data-elementor-post-type=\"page\">\n\t\t\t\t<div class=\"elementor-element elementor-element-06c86d5 e-flex e-con-boxed e-con e-parent\" data-id=\"06c86d5\" data-element_type=\"container\">\n\t\t\t\t\t<div class=\"e-con-inner\">\n\t\t<div class=\"elementor-element elementor-element-30ead64 e-con-full e-flex e-con e-child\" data-id=\"30ead64\" data-element_type=\"container\">\n\t\t\t\t<div class=\"elementor-element elementor-element-e178369 elementor-widget elementor-widget-heading\" data-id=\"e178369\" data-element_type=\"widget\" data-widget_type=\"heading.default\">\n\t\t\t\t\t<h2 class=\"elementor-heading-title elementor-size-default\">Slava<\/h2>\t\t\t\t<\/div>\n\t\t\t\t<\/div>\n\t\t\t\t\t<\/div>\n\t\t\t\t<\/div>\n\t\t<div class=\"elementor-element elementor-element-4dd8f65 service-column e-flex e-con-boxed e-con e-parent\" data-id=\"4dd8f65\" data-element_type=\"container\">\n\t\t\t\t\t<div class=\"e-con-inner\">\n\t\t<div class=\"elementor-element elementor-element-607c0b3 e-con-full e-flex e-con e-child\" data-id=\"607c0b3\" data-element_type=\"container\">\n\t\t<div class=\"elementor-element elementor-element-0272a5f e-con-full e-flex e-con e-child\" data-id=\"0272a5f\" data-element_type=\"container\">\n\t\t\t\t<div class=\"elementor-element elementor-element-65c48e4 elementor-widget elementor-widget-image\" data-id=\"65c48e4\" data-element_type=\"widget\" data-widget_type=\"image.default\">\n\t\t\t\t\t\t\t\t\t\t\t\t\t\t\t<img fetchpriority=\"high\" decoding=\"async\" width=\"1500\" height=\"1000\" src=\"https:\/\/prague-fenix.cz\/wp-content\/uploads\/2026\/05\/Slava-4.jpg\" class=\"attachment-full size-full wp-image-2884\" alt=\"\" srcset=\"https:\/\/prague-fenix.cz\/wp-content\/uploads\/2026\/05\/Slava-4.jpg 1500w, https:\/\/prague-fenix.cz\/wp-content\/uploads\/2026\/05\/Slava-4-300x200.jpg 300w, https:\/\/prague-fenix.cz\/wp-content\/uploads\/2026\/05\/Slava-4-1024x683.jpg 1024w, https:\/\/prague-fenix.cz\/wp-content\/uploads\/2026\/05\/Slava-4-768x512.jpg 768w, https:\/\/prague-fenix.cz\/wp-content\/uploads\/2026\/05\/Slava-4-18x12.jpg 18w\" sizes=\"(max-width: 1500px) 100vw, 1500px\" \/>\t\t\t\t\t\t\t\t\t\t\t\t\t\t\t<\/div>\n\t\t\t\t<\/div>\n\t\t<div class=\"elementor-element elementor-element-e95c074 e-con-full e-flex e-con e-child\" data-id=\"e95c074\" data-element_type=\"container\">\n\t\t\t\t<\/div>\n\t\t\t\t<\/div>\n\t\t\t\t\t<\/div>\n\t\t\t\t<\/div>\n\t\t<div class=\"elementor-element elementor-element-a6d4e02 service-column e-flex e-con-boxed e-con e-parent\" data-id=\"a6d4e02\" data-element_type=\"container\">\n\t\t\t\t\t<div class=\"e-con-inner\">\n\t\t<div class=\"elementor-element elementor-element-b4755ce e-con-full e-flex e-con e-child\" data-id=\"b4755ce\" data-element_type=\"container\">\n\t\t<div class=\"elementor-element elementor-element-5608bca e-con-full e-flex e-con e-child\" data-id=\"5608bca\" data-element_type=\"container\">\n\t\t\t\t<div class=\"elementor-element elementor-element-713e5a1 elementor-widget elementor-widget-heading\" data-id=\"713e5a1\" data-element_type=\"widget\" data-widget_type=\"heading.default\">\n\t\t\t\t\t<h2 class=\"elementor-heading-title elementor-size-default\">\u00dcber Slava<\/h2>\t\t\t\t<\/div>\n\t\t\t\t<div class=\"elementor-element elementor-element-26419ec elementor-widget elementor-widget-text-editor\" data-id=\"26419ec\" data-element_type=\"widget\" data-widget_type=\"text-editor.default\">\n\t\t\t\t\t\t\t\t\t<p>Sind Sie bereit, einen gew\u00f6hnlichen Tag in ein unvergessliches Erlebnis zu verwandeln? Ich lade Sie ein, in meine Welt der Regeneration und Ruhe einzutauchen. Mein Name ist Slava, und ich bin stolz auf die \u201eMagie\u201c, die meine H\u00e4nde an Ihrem K\u00f6rper bewirken k\u00f6nnen. Ob Sie tief sitzende Verspannungen l\u00f6sen oder neue Ebenen der Sinnlichkeit erkunden m\u00f6chten \u2013 meine Technik ist darauf ausgerichtet, Sie in einen Zustand vollkommener Gl\u00fcckseligkeit zu versetzen. Durch die Teilnahme an spezialisierten Meisterklassen verfeinere ich mein Handwerk st\u00e4ndig, um sicherzustellen, dass jede Sitzung bei mir noch exklusiver ist als die letzte. Ich kann es kaum erwarten, Sie begr\u00fc\u00dfen zu d\u00fcrfen!<\/p>\t\t\t\t\t\t\t\t<\/div>\n\t\t\t\t<\/div>\n\t\t<div class=\"elementor-element elementor-element-e3ab25e e-con-full e-flex e-con e-child\" data-id=\"e3ab25e\" data-element_type=\"container\" data-settings=\"{&quot;background_background&quot;:&quot;classic&quot;}\">\n\t\t\t\t<div class=\"elementor-element elementor-element-f863399 elementor-widget elementor-widget-heading\" data-id=\"f863399\" data-element_type=\"widget\" data-widget_type=\"heading.default\">\n\t\t\t\t\t<h2 class=\"elementor-heading-title elementor-size-default\">INFO<\/h2>\t\t\t\t<\/div>\n\t\t<div class=\"elementor-element elementor-element-46de9eb e-con-full e-flex e-con e-child\" data-id=\"46de9eb\" data-element_type=\"container\">\n\t\t\t\t<div class=\"elementor-element elementor-element-c16ade8 elementor-widget elementor-widget-heading\" data-id=\"c16ade8\" data-element_type=\"widget\" data-widget_type=\"heading.default\">\n\t\t\t\t\t<p class=\"elementor-heading-title elementor-size-default\">Alter<\/p>\t\t\t\t<\/div>\n\t\t\t\t<div class=\"elementor-element elementor-element-33b2b99 elementor-widget elementor-widget-heading\" data-id=\"33b2b99\" data-element_type=\"widget\" data-widget_type=\"heading.default\">\n\t\t\t\t\t<p class=\"elementor-heading-title elementor-size-default\">30 years<\/p>\t\t\t\t<\/div>\n\t\t\t\t<\/div>\n\t\t<div class=\"elementor-element elementor-element-699bfec e-con-full e-flex e-con e-child\" data-id=\"699bfec\" data-element_type=\"container\">\n\t\t\t\t<div class=\"elementor-element elementor-element-3cbf76c elementor-widget elementor-widget-heading\" data-id=\"3cbf76c\" data-element_type=\"widget\" data-widget_type=\"heading.default\">\n\t\t\t\t\t<p class=\"elementor-heading-title elementor-size-default\">Gewicht<\/p>\t\t\t\t<\/div>\n\t\t\t\t<div class=\"elementor-element elementor-element-844c71a elementor-widget elementor-widget-heading\" data-id=\"844c71a\" data-element_type=\"widget\" data-widget_type=\"heading.default\">\n\t\t\t\t\t<p class=\"elementor-heading-title elementor-size-default\">77 kg<\/p>\t\t\t\t<\/div>\n\t\t\t\t<\/div>\n\t\t<div class=\"elementor-element elementor-element-7240251 e-con-full e-flex e-con e-child\" data-id=\"7240251\" data-element_type=\"container\">\n\t\t\t\t<div class=\"elementor-element elementor-element-da384a4 elementor-widget elementor-widget-heading\" data-id=\"da384a4\" data-element_type=\"widget\" data-widget_type=\"heading.default\">\n\t\t\t\t\t<p class=\"elementor-heading-title elementor-size-default\">H\u00f6he<\/p>\t\t\t\t<\/div>\n\t\t\t\t<div class=\"elementor-element elementor-element-1af6bd2 elementor-widget elementor-widget-heading\" data-id=\"1af6bd2\" data-element_type=\"widget\" data-widget_type=\"heading.default\">\n\t\t\t\t\t<p class=\"elementor-heading-title elementor-size-default\">175 sm<\/p>\t\t\t\t<\/div>\n\t\t\t\t<\/div>\n\t\t<div class=\"elementor-element elementor-element-e757def e-con-full e-flex e-con e-child\" data-id=\"e757def\" data-element_type=\"container\">\n\t\t\t\t<div class=\"elementor-element elementor-element-4e4fa74 elementor-widget elementor-widget-heading\" data-id=\"4e4fa74\" data-element_type=\"widget\" data-widget_type=\"heading.default\">\n\t\t\t\t\t<p class=\"elementor-heading-title elementor-size-default\">Brustgr\u00f6\u00dfe<\/p>\t\t\t\t<\/div>\n\t\t\t\t<div class=\"elementor-element elementor-element-bcf04a2 elementor-widget elementor-widget-heading\" data-id=\"bcf04a2\" data-element_type=\"widget\" data-widget_type=\"heading.default\">\n\t\t\t\t\t<p class=\"elementor-heading-title elementor-size-default\">B (3)<\/p>\t\t\t\t<\/div>\n\t\t\t\t<\/div>\n\t\t\t\t<\/div>\n\t\t\t\t<\/div>\n\t\t\t\t\t<\/div>\n\t\t\t\t<\/div>\n\t\t<div class=\"elementor-element elementor-element-89aa690 service-column e-flex e-con-boxed e-con e-parent\" data-id=\"89aa690\" data-element_type=\"container\">\n\t\t\t\t\t<div class=\"e-con-inner\">\n\t\t<div class=\"elementor-element elementor-element-033fe8f e-con-full e-flex e-con e-child\" data-id=\"033fe8f\" data-element_type=\"container\">\n\t\t<div class=\"elementor-element elementor-element-61135fd e-con-full e-flex e-con e-child\" data-id=\"61135fd\" data-element_type=\"container\">\n\t\t\t\t<div class=\"elementor-element elementor-element-591ca07 elementor-widget elementor-widget-heading\" data-id=\"591ca07\" data-element_type=\"widget\" data-widget_type=\"heading.default\">\n\t\t\t\t\t<h2 class=\"elementor-heading-title elementor-size-default\">Erotische Massage von Slava<\/h2>\t\t\t\t<\/div>\n\t\t\t\t<div class=\"elementor-element elementor-element-60f1a6b elementor-widget elementor-widget-text-editor\" data-id=\"60f1a6b\" data-element_type=\"widget\" data-widget_type=\"text-editor.default\">\n\t\t\t\t\t\t\t\t\t<p>Um eine Premium-Massage bei Slava zu erleben, rufen Sie mich bitte direkt an unter +420 720 175 506. Schieben Sie Ihr Vergn\u00fcgen nicht auf \u2013 ich freue mich auf unsere Begegnung und bin bereit, Ihnen meine volle Aufmerksamkeit zu schenken!<\/p>\t\t\t\t\t\t\t\t<\/div>\n\t\t\t\t<\/div>\n\t\t\t\t<\/div>\n\t\t\t\t\t<\/div>\n\t\t\t\t<\/div>\n\t\t<div class=\"elementor-element elementor-element-5cd375a service-column e-flex e-con-boxed e-con e-parent\" data-id=\"5cd375a\" data-element_type=\"container\">\n\t\t\t\t\t<div class=\"e-con-inner\">\n\t\t<div class=\"elementor-element elementor-element-fae0687 e-con-full e-flex e-con e-child\" data-id=\"fae0687\" data-element_type=\"container\">\n\t\t<div class=\"elementor-element elementor-element-68306d7 e-con-full e-flex e-con e-child\" data-id=\"68306d7\" data-element_type=\"container\">\n\t\t\t\t<div class=\"elementor-element elementor-element-2aac93a elementor-widget elementor-widget-image\" data-id=\"2aac93a\" data-element_type=\"widget\" data-widget_type=\"image.default\">\n\t\t\t\t\t\t\t\t\t\t\t\t\t\t\t<img decoding=\"async\" width=\"682\" height=\"1023\" src=\"https:\/\/prague-fenix.cz\/wp-content\/uploads\/2026\/05\/Slava-3.jpg\" class=\"attachment-large size-large wp-image-2883\" alt=\"\" srcset=\"https:\/\/prague-fenix.cz\/wp-content\/uploads\/2026\/05\/Slava-3.jpg 682w, https:\/\/prague-fenix.cz\/wp-content\/uploads\/2026\/05\/Slava-3-200x300.jpg 200w, https:\/\/prague-fenix.cz\/wp-content\/uploads\/2026\/05\/Slava-3-8x12.jpg 8w\" sizes=\"(max-width: 682px) 100vw, 682px\" \/>\t\t\t\t\t\t\t\t\t\t\t\t\t\t\t<\/div>\n\t\t\t\t<\/div>\n\t\t<div class=\"elementor-element elementor-element-bcf698c e-con-full e-flex e-con e-child\" data-id=\"bcf698c\" data-element_type=\"container\">\n\t\t\t\t<div class=\"elementor-element elementor-element-fb7f4c4 elementor-widget elementor-widget-image\" data-id=\"fb7f4c4\" data-element_type=\"widget\" data-widget_type=\"image.default\">\n\t\t\t\t\t\t\t\t\t\t\t\t\t\t\t<img decoding=\"async\" width=\"682\" height=\"1023\" src=\"https:\/\/prague-fenix.cz\/wp-content\/uploads\/2026\/05\/Slava-2.jpg\" class=\"attachment-large size-large wp-image-2882\" alt=\"\" srcset=\"https:\/\/prague-fenix.cz\/wp-content\/uploads\/2026\/05\/Slava-2.jpg 682w, https:\/\/prague-fenix.cz\/wp-content\/uploads\/2026\/05\/Slava-2-200x300.jpg 200w, https:\/\/prague-fenix.cz\/wp-content\/uploads\/2026\/05\/Slava-2-8x12.jpg 8w\" sizes=\"(max-width: 682px) 100vw, 682px\" \/>\t\t\t\t\t\t\t\t\t\t\t\t\t\t\t<\/div>\n\t\t\t\t<\/div>\n\t\t<div class=\"elementor-element elementor-element-1a12d9d e-con-full e-flex e-con e-child\" data-id=\"1a12d9d\" data-element_type=\"container\">\n\t\t\t\t<div class=\"elementor-element elementor-element-1313e8a elementor-widget elementor-widget-image\" data-id=\"1313e8a\" data-element_type=\"widget\" data-widget_type=\"image.default\">\n\t\t\t\t\t\t\t\t\t\t\t\t\t\t\t<img loading=\"lazy\" decoding=\"async\" width=\"682\" height=\"1023\" src=\"https:\/\/prague-fenix.cz\/wp-content\/uploads\/2026\/05\/Slava-1.jpg\" class=\"attachment-large size-large wp-image-2881\" alt=\"\" srcset=\"https:\/\/prague-fenix.cz\/wp-content\/uploads\/2026\/05\/Slava-1.jpg 682w, https:\/\/prague-fenix.cz\/wp-content\/uploads\/2026\/05\/Slava-1-200x300.jpg 200w, https:\/\/prague-fenix.cz\/wp-content\/uploads\/2026\/05\/Slava-1-8x12.jpg 8w\" sizes=\"(max-width: 682px) 100vw, 682px\" \/>\t\t\t\t\t\t\t\t\t\t\t\t\t\t\t<\/div>\n\t\t\t\t<\/div>\n\t\t\t\t<\/div>\n\t\t\t\t\t<\/div>\n\t\t\t\t<\/div>\n\t\t\t\t<\/div>","protected":false},"excerpt":{"rendered":"<p>Slava About Slava Ready to turn an ordinary day into an unforgettable experience? I invite you to step into my world of rejuvenation and peace. I\u2019m Slava, and I take pride in the &#8220;magic&#8221; my hands can work on your body. Whether you need to release deep-seated tension or simply want to explore new levels [&hellip;]<\/p>","protected":false},"author":1,"featured_media":0,"parent":0,"menu_order":0,"comment_status":"closed","ping_status":"closed","template":"elementor_header_footer","meta":{"footnotes":""},"class_list":["post-2879","page","type-page","status-publish","hentry"],"yoast_head":"<!-- This site is optimized with the Yoast SEO plugin v26.2 - https:\/\/yoast.com\/wordpress\/plugins\/seo\/ -->\n<title>Therapist Slava, Erotic Massage in Prague - Prague Fenix<\/title>\n<meta name=\"description\" content=\"Slava is a professional massage therapist at Prague Fenix in Prague. Personalized approach, relaxing and erotic massage in a cozy, private atmosphere.\" \/>\n<meta name=\"robots\" content=\"index, follow, max-snippet:-1, max-image-preview:large, max-video-preview:-1\" \/>\n<link rel=\"canonical\" href=\"https:\/\/prague-fenix.cz\/de\/slava\/\" \/>\n<meta property=\"og:locale\" content=\"de_DE\" \/>\n<meta property=\"og:type\" content=\"article\" \/>\n<meta property=\"og:title\" content=\"Therapist Slava, Erotic Massage in Prague - Prague Fenix\" \/>\n<meta property=\"og:description\" content=\"Slava is a professional massage therapist at Prague Fenix in Prague. Personalized approach, relaxing and erotic massage in a cozy, private atmosphere.\" \/>\n<meta property=\"og:url\" content=\"https:\/\/prague-fenix.cz\/de\/slava\/\" \/>\n<meta property=\"og:site_name\" content=\"Pague Fenix\" \/>\n<meta property=\"article:modified_time\" content=\"2026-05-09T08:47:49+00:00\" \/>\n<meta property=\"og:image\" content=\"https:\/\/prague-fenix.cz\/wp-content\/uploads\/2026\/05\/Slava-4.jpg\" \/>\n\t<meta property=\"og:image:width\" content=\"1500\" \/>\n\t<meta property=\"og:image:height\" content=\"1000\" \/>\n\t<meta property=\"og:image:type\" content=\"image\/jpeg\" \/>\n<meta name=\"twitter:card\" content=\"summary_large_image\" \/>\n<meta name=\"twitter:label1\" content=\"Gesch\u00e4tzte Lesezeit\" \/>\n\t<meta name=\"twitter:data1\" content=\"1\u00a0Minute\" \/>\n<script type=\"application\/ld+json\" class=\"yoast-schema-graph\">{\"@context\":\"https:\/\/schema.org\",\"@graph\":[{\"@type\":\"WebPage\",\"@id\":\"https:\/\/prague-fenix.cz\/slava\/\",\"url\":\"https:\/\/prague-fenix.cz\/slava\/\",\"name\":\"Therapist Slava, Erotic Massage in Prague - Prague Fenix\",\"isPartOf\":{\"@id\":\"https:\/\/prague-fenix.cz\/#website\"},\"primaryImageOfPage\":{\"@id\":\"https:\/\/prague-fenix.cz\/slava\/#primaryimage\"},\"image\":{\"@id\":\"https:\/\/prague-fenix.cz\/slava\/#primaryimage\"},\"thumbnailUrl\":\"https:\/\/prague-fenix.cz\/wp-content\/uploads\/2026\/05\/Slava-4.jpg\",\"datePublished\":\"2026-05-09T07:36:39+00:00\",\"dateModified\":\"2026-05-09T08:47:49+00:00\",\"description\":\"Slava is a professional massage therapist at Prague Fenix in Prague. Personalized approach, relaxing and erotic massage in a cozy, private atmosphere.\",\"breadcrumb\":{\"@id\":\"https:\/\/prague-fenix.cz\/slava\/#breadcrumb\"},\"inLanguage\":\"de\",\"potentialAction\":[{\"@type\":\"ReadAction\",\"target\":[\"https:\/\/prague-fenix.cz\/slava\/\"]}]},{\"@type\":\"ImageObject\",\"inLanguage\":\"de\",\"@id\":\"https:\/\/prague-fenix.cz\/slava\/#primaryimage\",\"url\":\"https:\/\/prague-fenix.cz\/wp-content\/uploads\/2026\/05\/Slava-4.jpg\",\"contentUrl\":\"https:\/\/prague-fenix.cz\/wp-content\/uploads\/2026\/05\/Slava-4.jpg\"},{\"@type\":\"BreadcrumbList\",\"@id\":\"https:\/\/prague-fenix.cz\/slava\/#breadcrumb\",\"itemListElement\":[{\"@type\":\"ListItem\",\"position\":1,\"name\":\"Home\",\"item\":\"https:\/\/prague-fenix.cz\/\"},{\"@type\":\"ListItem\",\"position\":2,\"name\":\"Slava\"}]},{\"@type\":\"WebSite\",\"@id\":\"https:\/\/prague-fenix.cz\/#website\",\"url\":\"https:\/\/prague-fenix.cz\/\",\"name\":\"Pague Fenix\",\"description\":\"Erotic massage Prague\",\"publisher\":{\"@id\":\"https:\/\/prague-fenix.cz\/#organization\"},\"potentialAction\":[{\"@type\":\"SearchAction\",\"target\":{\"@type\":\"EntryPoint\",\"urlTemplate\":\"https:\/\/prague-fenix.cz\/?s={search_term_string}\"},\"query-input\":{\"@type\":\"PropertyValueSpecification\",\"valueRequired\":true,\"valueName\":\"search_term_string\"}}],\"inLanguage\":\"de\"},{\"@type\":\"Organization\",\"@id\":\"https:\/\/prague-fenix.cz\/#organization\",\"name\":\"Pague Fenix\",\"url\":\"https:\/\/prague-fenix.cz\/\",\"logo\":{\"@type\":\"ImageObject\",\"inLanguage\":\"de\",\"@id\":\"https:\/\/prague-fenix.cz\/#\/schema\/logo\/image\/\",\"url\":\"https:\/\/prague-fenix.cz\/wp-content\/uploads\/2025\/10\/logo.png\",\"contentUrl\":\"https:\/\/prague-fenix.cz\/wp-content\/uploads\/2025\/10\/logo.png\",\"width\":174,\"height\":80,\"caption\":\"Pague Fenix\"},\"image\":{\"@id\":\"https:\/\/prague-fenix.cz\/#\/schema\/logo\/image\/\"}}]}<\/script>\n<!-- \/ Yoast SEO plugin. -->","yoast_head_json":{"title":"Therapist Slava, Erotic Massage in Prague - Prague Fenix","description":"Slava is a professional massage therapist at Prague Fenix in Prague. Personalized approach, relaxing and erotic massage in a cozy, private atmosphere.","robots":{"index":"index","follow":"follow","max-snippet":"max-snippet:-1","max-image-preview":"max-image-preview:large","max-video-preview":"max-video-preview:-1"},"canonical":"https:\/\/prague-fenix.cz\/de\/slava\/","og_locale":"de_DE","og_type":"article","og_title":"Therapist Slava, Erotic Massage in Prague - Prague Fenix","og_description":"Slava is a professional massage therapist at Prague Fenix in Prague. Personalized approach, relaxing and erotic massage in a cozy, private atmosphere.","og_url":"https:\/\/prague-fenix.cz\/de\/slava\/","og_site_name":"Pague Fenix","article_modified_time":"2026-05-09T08:47:49+00:00","og_image":[{"width":1500,"height":1000,"url":"https:\/\/prague-fenix.cz\/wp-content\/uploads\/2026\/05\/Slava-4.jpg","type":"image\/jpeg"}],"twitter_card":"summary_large_image","twitter_misc":{"Gesch\u00e4tzte Lesezeit":"1\u00a0Minute"},"schema":{"@context":"https:\/\/schema.org","@graph":[{"@type":"WebPage","@id":"https:\/\/prague-fenix.cz\/slava\/","url":"https:\/\/prague-fenix.cz\/slava\/","name":"Therapist Slava, Erotic Massage in Prague - Prague Fenix","isPartOf":{"@id":"https:\/\/prague-fenix.cz\/#website"},"primaryImageOfPage":{"@id":"https:\/\/prague-fenix.cz\/slava\/#primaryimage"},"image":{"@id":"https:\/\/prague-fenix.cz\/slava\/#primaryimage"},"thumbnailUrl":"https:\/\/prague-fenix.cz\/wp-content\/uploads\/2026\/05\/Slava-4.jpg","datePublished":"2026-05-09T07:36:39+00:00","dateModified":"2026-05-09T08:47:49+00:00","description":"Slava is a professional massage therapist at Prague Fenix in Prague. Personalized approach, relaxing and erotic massage in a cozy, private atmosphere.","breadcrumb":{"@id":"https:\/\/prague-fenix.cz\/slava\/#breadcrumb"},"inLanguage":"de","potentialAction":[{"@type":"ReadAction","target":["https:\/\/prague-fenix.cz\/slava\/"]}]},{"@type":"ImageObject","inLanguage":"de","@id":"https:\/\/prague-fenix.cz\/slava\/#primaryimage","url":"https:\/\/prague-fenix.cz\/wp-content\/uploads\/2026\/05\/Slava-4.jpg","contentUrl":"https:\/\/prague-fenix.cz\/wp-content\/uploads\/2026\/05\/Slava-4.jpg"},{"@type":"BreadcrumbList","@id":"https:\/\/prague-fenix.cz\/slava\/#breadcrumb","itemListElement":[{"@type":"ListItem","position":1,"name":"Home","item":"https:\/\/prague-fenix.cz\/"},{"@type":"ListItem","position":2,"name":"Slava"}]},{"@type":"WebSite","@id":"https:\/\/prague-fenix.cz\/#website","url":"https:\/\/prague-fenix.cz\/","name":"Pague Fenix","description":"Erotic massage Prague","publisher":{"@id":"https:\/\/prague-fenix.cz\/#organization"},"potentialAction":[{"@type":"SearchAction","target":{"@type":"EntryPoint","urlTemplate":"https:\/\/prague-fenix.cz\/?s={search_term_string}"},"query-input":{"@type":"PropertyValueSpecification","valueRequired":true,"valueName":"search_term_string"}}],"inLanguage":"de"},{"@type":"Organization","@id":"https:\/\/prague-fenix.cz\/#organization","name":"Pague Fenix","url":"https:\/\/prague-fenix.cz\/","logo":{"@type":"ImageObject","inLanguage":"de","@id":"https:\/\/prague-fenix.cz\/#\/schema\/logo\/image\/","url":"https:\/\/prague-fenix.cz\/wp-content\/uploads\/2025\/10\/logo.png","contentUrl":"https:\/\/prague-fenix.cz\/wp-content\/uploads\/2025\/10\/logo.png","width":174,"height":80,"caption":"Pague Fenix"},"image":{"@id":"https:\/\/prague-fenix.cz\/#\/schema\/logo\/image\/"}}]}},"_links":{"self":[{"href":"https:\/\/prague-fenix.cz\/de\/wp-json\/wp\/v2\/pages\/2879","targetHints":{"allow":["GET"]}}],"collection":[{"href":"https:\/\/prague-fenix.cz\/de\/wp-json\/wp\/v2\/pages"}],"about":[{"href":"https:\/\/prague-fenix.cz\/de\/wp-json\/wp\/v2\/types\/page"}],"author":[{"embeddable":true,"href":"https:\/\/prague-fenix.cz\/de\/wp-json\/wp\/v2\/users\/1"}],"replies":[{"embeddable":true,"href":"https:\/\/prague-fenix.cz\/de\/wp-json\/wp\/v2\/comments?post=2879"}],"version-history":[{"count":13,"href":"https:\/\/prague-fenix.cz\/de\/wp-json\/wp\/v2\/pages\/2879\/revisions"}],"predecessor-version":[{"id":2916,"href":"https:\/\/prague-fenix.cz\/de\/wp-json\/wp\/v2\/pages\/2879\/revisions\/2916"}],"wp:attachment":[{"href":"https:\/\/prague-fenix.cz\/de\/wp-json\/wp\/v2\/media?parent=2879"}],"curies":[{"name":"wp","href":"https:\/\/api.w.org\/{rel}","templated":true}]}}