{"id":737,"date":"2025-10-16T15:34:20","date_gmt":"2025-10-16T12:34:20","guid":{"rendered":"https:\/\/prague-fenix.cz\/?page_id=737"},"modified":"2026-01-05T13:33:32","modified_gmt":"2026-01-05T10:33:32","slug":"salon","status":"publish","type":"page","link":"https:\/\/prague-fenix.cz\/de\/salon\/","title":{"rendered":"Salon"},"content":{"rendered":"<div data-elementor-type=\"wp-page\" data-elementor-id=\"737\" class=\"elementor elementor-737\" data-elementor-post-type=\"page\">\n\t\t\t\t<div class=\"elementor-element elementor-element-8f9868d e-flex e-con-boxed e-con e-parent\" data-id=\"8f9868d\" data-element_type=\"container\">\n\t\t\t\t\t<div class=\"e-con-inner\">\n\t\t<div class=\"elementor-element elementor-element-97b05f2 e-con-full e-flex e-con e-child\" data-id=\"97b05f2\" data-element_type=\"container\">\n\t\t\t\t<div class=\"elementor-element elementor-element-38801c4 elementor-widget elementor-widget-heading\" data-id=\"38801c4\" data-element_type=\"widget\" data-widget_type=\"heading.default\">\n\t\t\t\t\t<h2 class=\"elementor-heading-title elementor-size-default\">Salon<\/h2>\t\t\t\t<\/div>\n\t\t\t\t<\/div>\n\t\t<div class=\"elementor-element elementor-element-2d9cb70 e-con-full e-flex e-con e-child\" data-id=\"2d9cb70\" data-element_type=\"container\">\n\t\t\t\t<div class=\"elementor-element elementor-element-9c72831 elementor-widget elementor-widget-heading\" data-id=\"9c72831\" data-element_type=\"widget\" data-widget_type=\"heading.default\">\n\t\t\t\t\t<h5 class=\"elementor-heading-title elementor-size-default\">Die einladende und stets gem\u00fctliche Atmosph\u00e4re des Salons Fenix Prague tr\u00e4gt dazu bei, dass Sie sich vollkommen entspannen und eine wohltuende Massage in den H\u00e4nden erfahrener und \u00fcberaus attraktiver Masseurinnen genie\u00dfen k\u00f6nnen. Jeder Massageraum ist sauber, komfortabel und geschmackvoll eingerichtet. In diesem Ambiente k\u00f6nnen Sie sich ganz auf die Massage und die Therapeutin konzentrieren.<\/h5>\t\t\t\t<\/div>\n\t\t\t\t<\/div>\n\t\t\t\t\t<\/div>\n\t\t\t\t<\/div>\n\t\t<div class=\"elementor-element elementor-element-b99daaa e-grid girls-list e-con-boxed e-con e-parent\" data-id=\"b99daaa\" data-element_type=\"container\">\n\t\t\t\t\t<div class=\"e-con-inner\">\n\t\t<div class=\"elementor-element elementor-element-27d14f3 e-con-full girl-cart e-flex e-con e-child\" data-id=\"27d14f3\" data-element_type=\"container\" data-settings=\"{&quot;background_background&quot;:&quot;classic&quot;}\">\n\t\t\t\t<\/div>\n\t\t<div class=\"elementor-element elementor-element-73dff0f e-con-full girl-cart e-flex e-con e-child\" data-id=\"73dff0f\" data-element_type=\"container\" data-settings=\"{&quot;background_background&quot;:&quot;classic&quot;}\">\n\t\t\t\t<\/div>\n\t\t<div class=\"elementor-element elementor-element-1481e70 e-con-full girl-cart e-flex e-con e-child\" data-id=\"1481e70\" data-element_type=\"container\" data-settings=\"{&quot;background_background&quot;:&quot;classic&quot;}\">\n\t\t\t\t<\/div>\n\t\t<div class=\"elementor-element elementor-element-91a6c7b e-con-full girl-cart e-flex e-con e-child\" data-id=\"91a6c7b\" data-element_type=\"container\" data-settings=\"{&quot;background_background&quot;:&quot;classic&quot;}\">\n\t\t\t\t<\/div>\n\t\t<div class=\"elementor-element elementor-element-a5c68f5 e-con-full girl-cart e-flex e-con e-child\" data-id=\"a5c68f5\" data-element_type=\"container\" data-settings=\"{&quot;background_background&quot;:&quot;classic&quot;}\">\n\t\t\t\t<\/div>\n\t\t<div class=\"elementor-element elementor-element-1aca2eb e-con-full girl-cart e-flex e-con e-child\" data-id=\"1aca2eb\" data-element_type=\"container\" data-settings=\"{&quot;background_background&quot;:&quot;classic&quot;}\">\n\t\t\t\t<\/div>\n\t\t<div class=\"elementor-element elementor-element-33d1b35 e-con-full girl-cart e-flex e-con e-child\" data-id=\"33d1b35\" data-element_type=\"container\" data-settings=\"{&quot;background_background&quot;:&quot;classic&quot;}\">\n\t\t\t\t<\/div>\n\t\t<div class=\"elementor-element elementor-element-e0cb5bc e-con-full girl-cart e-flex e-con e-child\" data-id=\"e0cb5bc\" data-element_type=\"container\" data-settings=\"{&quot;background_background&quot;:&quot;classic&quot;}\">\n\t\t\t\t<\/div>\n\t\t<div class=\"elementor-element elementor-element-8f47fbd e-con-full girl-cart e-flex e-con e-child\" data-id=\"8f47fbd\" data-element_type=\"container\" data-settings=\"{&quot;background_background&quot;:&quot;classic&quot;}\">\n\t\t\t\t<\/div>\n\t\t\t\t\t<\/div>\n\t\t\t\t<\/div>\n\t\t<div class=\"elementor-element elementor-element-eadf79f e-flex e-con-boxed e-con e-parent\" data-id=\"eadf79f\" data-element_type=\"container\">\n\t\t\t\t\t<div class=\"e-con-inner\">\n\t\t\t\t<div class=\"elementor-element elementor-element-29d94d2 elementor-widget__width-initial elementor-widget-mobile__width-inherit elementor-widget elementor-widget-text-editor\" data-id=\"29d94d2\" data-element_type=\"widget\" data-widget_type=\"text-editor.default\">\n\t\t\t\t\t\t\t\t\t<p>Unser Salon verf\u00fcgt au\u00dferdem \u00fcber komfortable und ger\u00e4umige Badezimmer, denn Hygiene hat im Salon Fenix Prague oberste Priorit\u00e4t. <br \/>Au\u00dferdem ist bei manchen Angeboten das Duschen mit dem M\u00e4dchen inklusive. Das bedeutet, dass in einem g\u00fcnstigen Zimmer definitiv gen\u00fcgend Platz vorhanden sein wird!<\/p>\t\t\t\t\t\t\t\t<\/div>\n\t\t\t\t\t<\/div>\n\t\t\t\t<\/div>\n\t\t<div class=\"elementor-element elementor-element-c366681 e-grid e-con-boxed e-con e-parent\" data-id=\"c366681\" data-element_type=\"container\">\n\t\t\t\t\t<div class=\"e-con-inner\">\n\t\t<div class=\"elementor-element elementor-element-109a341 e-con-full girl-cart e-flex e-con e-child\" data-id=\"109a341\" data-element_type=\"container\" data-settings=\"{&quot;background_background&quot;:&quot;classic&quot;}\">\n\t\t\t\t<\/div>\n\t\t<div class=\"elementor-element elementor-element-4e28692 e-con-full girl-cart e-flex e-con e-child\" data-id=\"4e28692\" data-element_type=\"container\" data-settings=\"{&quot;background_background&quot;:&quot;classic&quot;}\">\n\t\t\t\t<\/div>\n\t\t<div class=\"elementor-element elementor-element-61ad01f e-con-full girl-cart e-flex e-con e-child\" data-id=\"61ad01f\" data-element_type=\"container\" data-settings=\"{&quot;background_background&quot;:&quot;classic&quot;}\">\n\t\t\t\t<\/div>\n\t\t\t\t\t<\/div>\n\t\t\t\t<\/div>\n\t\t<div class=\"elementor-element elementor-element-bbfcb53 e-flex e-con-boxed e-con e-parent\" data-id=\"bbfcb53\" data-element_type=\"container\" data-settings=\"{&quot;background_background&quot;:&quot;classic&quot;}\">\n\t\t\t\t\t<div class=\"e-con-inner\">\n\t\t\t\t<div class=\"elementor-element elementor-element-a1cdff6 elementor-widget__width-initial elementor-widget elementor-widget-heading\" data-id=\"a1cdff6\" data-element_type=\"widget\" data-widget_type=\"heading.default\">\n\t\t\t\t\t<h2 class=\"elementor-heading-title elementor-size-default\">Buchen Sie eine erotische Massage bei<br> Die besten Masseurinnen in Prag.<\/h2>\t\t\t\t<\/div>\n\t\t\t\t<div class=\"elementor-element elementor-element-cce415a elementor-position-right elementor-mobile-position-right elementor-widget__width-auto elementor-view-default elementor-widget elementor-widget-icon-box\" data-id=\"cce415a\" data-element_type=\"widget\" data-widget_type=\"icon-box.default\">\n\t\t\t\t\t\t\t<div class=\"elementor-icon-box-wrapper\">\n\n\t\t\t\t\t\t<div class=\"elementor-icon-box-icon\">\n\t\t\t\t<a href=\"#\" class=\"elementor-icon elementor-animation-rotate\" tabindex=\"-1\" aria-label=\"+420 720 175 506\">\n\t\t\t\t<svg xmlns=\"http:\/\/www.w3.org\/2000\/svg\" width=\"16\" height=\"16\" viewbox=\"0 0 16 16\" fill=\"none\"><path d=\"M10.6692 6.276L4.93119 12.014L3.98853 11.0713L9.72585 5.33333H4.66919V4H12.0025V11.3333H10.6692V6.276Z\" fill=\"white\"><\/path><\/svg>\t\t\t\t<\/a>\n\t\t\t<\/div>\n\t\t\t\n\t\t\t\t\t\t<div class=\"elementor-icon-box-content\">\n\n\t\t\t\t\t\t\t\t\t<h3 class=\"elementor-icon-box-title\">\n\t\t\t\t\t\t<a href=\"#\" >\n\t\t\t\t\t\t\t+420 720 175 506\t\t\t\t\t\t<\/a>\n\t\t\t\t\t<\/h3>\n\t\t\t\t\n\t\t\t\t\n\t\t\t<\/div>\n\t\t\t\n\t\t<\/div>\n\t\t\t\t\t\t<\/div>\n\t\t\t\t\t<\/div>\n\t\t\t\t<\/div>\n\t\t<div class=\"elementor-element elementor-element-a719d2b e-con-full gallery-mob e-flex e-con e-parent\" data-id=\"a719d2b\" data-element_type=\"container\">\n\t\t\t\t<div class=\"elementor-element elementor-element-8cc1a7c elementor-widget elementor-widget-image\" data-id=\"8cc1a7c\" data-element_type=\"widget\" data-widget_type=\"image.default\">\n\t\t\t\t\t\t\t\t\t\t\t\t\t\t\t<img fetchpriority=\"high\" decoding=\"async\" width=\"300\" height=\"240\" src=\"https:\/\/prague-fenix.cz\/wp-content\/uploads\/2025\/11\/Fenix_Salon-17-300x240.jpg\" class=\"attachment-medium size-medium wp-image-1744\" alt=\"\" srcset=\"https:\/\/prague-fenix.cz\/wp-content\/uploads\/2025\/11\/Fenix_Salon-17-300x240.jpg 300w, https:\/\/prague-fenix.cz\/wp-content\/uploads\/2025\/11\/Fenix_Salon-17-768x614.jpg 768w, https:\/\/prague-fenix.cz\/wp-content\/uploads\/2025\/11\/Fenix_Salon-17-15x12.jpg 15w, https:\/\/prague-fenix.cz\/wp-content\/uploads\/2025\/11\/Fenix_Salon-17.jpg 1000w\" sizes=\"(max-width: 300px) 100vw, 300px\" \/>\t\t\t\t\t\t\t\t\t\t\t\t\t\t\t<\/div>\n\t\t\t\t<div class=\"elementor-element elementor-element-b8a44b2 elementor-widget elementor-widget-image\" data-id=\"b8a44b2\" data-element_type=\"widget\" data-widget_type=\"image.default\">\n\t\t\t\t\t\t\t\t\t\t\t\t\t\t\t<img decoding=\"async\" width=\"300\" height=\"240\" src=\"https:\/\/prague-fenix.cz\/wp-content\/uploads\/2025\/11\/Fenix_Salon-13-300x240.jpg\" class=\"attachment-medium size-medium wp-image-1740\" alt=\"\" srcset=\"https:\/\/prague-fenix.cz\/wp-content\/uploads\/2025\/11\/Fenix_Salon-13-300x240.jpg 300w, https:\/\/prague-fenix.cz\/wp-content\/uploads\/2025\/11\/Fenix_Salon-13-768x614.jpg 768w, https:\/\/prague-fenix.cz\/wp-content\/uploads\/2025\/11\/Fenix_Salon-13-15x12.jpg 15w, https:\/\/prague-fenix.cz\/wp-content\/uploads\/2025\/11\/Fenix_Salon-13.jpg 1000w\" sizes=\"(max-width: 300px) 100vw, 300px\" \/>\t\t\t\t\t\t\t\t\t\t\t\t\t\t\t<\/div>\n\t\t\t\t<div class=\"elementor-element elementor-element-c77851e elementor-widget elementor-widget-image\" data-id=\"c77851e\" data-element_type=\"widget\" data-widget_type=\"image.default\">\n\t\t\t\t\t\t\t\t\t\t\t\t\t\t\t<img decoding=\"async\" width=\"300\" height=\"240\" src=\"https:\/\/prague-fenix.cz\/wp-content\/uploads\/2025\/11\/Fenix_Salon-4-300x240.jpg\" class=\"attachment-medium size-medium wp-image-1731\" alt=\"\" srcset=\"https:\/\/prague-fenix.cz\/wp-content\/uploads\/2025\/11\/Fenix_Salon-4-300x240.jpg 300w, https:\/\/prague-fenix.cz\/wp-content\/uploads\/2025\/11\/Fenix_Salon-4-768x614.jpg 768w, https:\/\/prague-fenix.cz\/wp-content\/uploads\/2025\/11\/Fenix_Salon-4-15x12.jpg 15w, https:\/\/prague-fenix.cz\/wp-content\/uploads\/2025\/11\/Fenix_Salon-4.jpg 1000w\" sizes=\"(max-width: 300px) 100vw, 300px\" \/>\t\t\t\t\t\t\t\t\t\t\t\t\t\t\t<\/div>\n\t\t\t\t<div class=\"elementor-element elementor-element-484a246 elementor-widget elementor-widget-image\" data-id=\"484a246\" data-element_type=\"widget\" data-widget_type=\"image.default\">\n\t\t\t\t\t\t\t\t\t\t\t\t\t\t\t<img loading=\"lazy\" decoding=\"async\" width=\"300\" height=\"240\" src=\"https:\/\/prague-fenix.cz\/wp-content\/uploads\/2025\/11\/Fenix_Salon-5-300x240.jpg\" class=\"attachment-medium size-medium wp-image-1732\" alt=\"\" srcset=\"https:\/\/prague-fenix.cz\/wp-content\/uploads\/2025\/11\/Fenix_Salon-5-300x240.jpg 300w, https:\/\/prague-fenix.cz\/wp-content\/uploads\/2025\/11\/Fenix_Salon-5-768x614.jpg 768w, https:\/\/prague-fenix.cz\/wp-content\/uploads\/2025\/11\/Fenix_Salon-5-15x12.jpg 15w, https:\/\/prague-fenix.cz\/wp-content\/uploads\/2025\/11\/Fenix_Salon-5.jpg 1000w\" sizes=\"(max-width: 300px) 100vw, 300px\" \/>\t\t\t\t\t\t\t\t\t\t\t\t\t\t\t<\/div>\n\t\t\t\t<div class=\"elementor-element elementor-element-bfa0106 elementor-widget elementor-widget-image\" data-id=\"bfa0106\" data-element_type=\"widget\" data-widget_type=\"image.default\">\n\t\t\t\t\t\t\t\t\t\t\t\t\t\t\t<img loading=\"lazy\" decoding=\"async\" width=\"300\" height=\"240\" src=\"https:\/\/prague-fenix.cz\/wp-content\/uploads\/2025\/11\/Fenix_Salon-11-300x240.jpg\" class=\"attachment-medium size-medium wp-image-1738\" alt=\"\" srcset=\"https:\/\/prague-fenix.cz\/wp-content\/uploads\/2025\/11\/Fenix_Salon-11-300x240.jpg 300w, https:\/\/prague-fenix.cz\/wp-content\/uploads\/2025\/11\/Fenix_Salon-11-768x614.jpg 768w, https:\/\/prague-fenix.cz\/wp-content\/uploads\/2025\/11\/Fenix_Salon-11-15x12.jpg 15w, https:\/\/prague-fenix.cz\/wp-content\/uploads\/2025\/11\/Fenix_Salon-11.jpg 1000w\" sizes=\"(max-width: 300px) 100vw, 300px\" \/>\t\t\t\t\t\t\t\t\t\t\t\t\t\t\t<\/div>\n\t\t\t\t<\/div>\n\t\t\t\t<\/div>","protected":false},"excerpt":{"rendered":"<p>Salon The amazing and always cozy atmosphere of the salon Fenix Prague will help you relax as much as possible and easily enjoy a session in the hands of experienced and incredibly beautiful masseuses. Each massage room is clean, comfortable and appropriately decorated. This environment will allow you to focus solely on the massage and [&hellip;]<\/p>","protected":false},"author":1,"featured_media":0,"parent":0,"menu_order":0,"comment_status":"closed","ping_status":"closed","template":"","meta":{"footnotes":""},"class_list":["post-737","page","type-page","status-publish","hentry"],"yoast_head":"<!-- This site is optimized with the Yoast SEO plugin v26.2 - https:\/\/yoast.com\/wordpress\/plugins\/seo\/ -->\n<title>Erotic Massage Salon in Prague - Prague Fenix<\/title>\n<meta name=\"description\" content=\"Prague Fenix erotic massage salon in Prague \u2014 elegant interior, cozy atmosphere, professional therapists, and complete privacy.\" \/>\n<meta name=\"robots\" content=\"index, follow, max-snippet:-1, max-image-preview:large, max-video-preview:-1\" \/>\n<link rel=\"canonical\" href=\"https:\/\/prague-fenix.cz\/de\/salon\/\" \/>\n<meta property=\"og:locale\" content=\"de_DE\" \/>\n<meta property=\"og:type\" content=\"article\" \/>\n<meta property=\"og:title\" content=\"Erotic Massage Salon in Prague - Prague Fenix\" \/>\n<meta property=\"og:description\" content=\"Prague Fenix erotic massage salon in Prague \u2014 elegant interior, cozy atmosphere, professional therapists, and complete privacy.\" \/>\n<meta property=\"og:url\" content=\"https:\/\/prague-fenix.cz\/de\/salon\/\" \/>\n<meta property=\"og:site_name\" content=\"Pague Fenix\" \/>\n<meta property=\"article:modified_time\" content=\"2026-01-05T10:33:32+00:00\" \/>\n<meta property=\"og:image\" content=\"http:\/\/prague-fenix.cz\/wp-content\/uploads\/2025\/11\/Fenix_Salon-17-300x240.jpg\" \/>\n<meta name=\"twitter:card\" content=\"summary_large_image\" \/>\n<meta name=\"twitter:label1\" content=\"Gesch\u00e4tzte Lesezeit\" \/>\n\t<meta name=\"twitter:data1\" content=\"2\u00a0Minuten\" \/>\n<script type=\"application\/ld+json\" class=\"yoast-schema-graph\">{\"@context\":\"https:\/\/schema.org\",\"@graph\":[{\"@type\":\"WebPage\",\"@id\":\"https:\/\/prague-fenix.cz\/salon\/\",\"url\":\"https:\/\/prague-fenix.cz\/salon\/\",\"name\":\"Erotic Massage Salon in Prague - Prague Fenix\",\"isPartOf\":{\"@id\":\"https:\/\/prague-fenix.cz\/#website\"},\"primaryImageOfPage\":{\"@id\":\"https:\/\/prague-fenix.cz\/salon\/#primaryimage\"},\"image\":{\"@id\":\"https:\/\/prague-fenix.cz\/salon\/#primaryimage\"},\"thumbnailUrl\":\"http:\/\/prague-fenix.cz\/wp-content\/uploads\/2025\/11\/Fenix_Salon-17-300x240.jpg\",\"datePublished\":\"2025-10-16T12:34:20+00:00\",\"dateModified\":\"2026-01-05T10:33:32+00:00\",\"description\":\"Prague Fenix erotic massage salon in Prague \u2014 elegant interior, cozy atmosphere, professional therapists, and complete privacy.\",\"breadcrumb\":{\"@id\":\"https:\/\/prague-fenix.cz\/salon\/#breadcrumb\"},\"inLanguage\":\"de\",\"potentialAction\":[{\"@type\":\"ReadAction\",\"target\":[\"https:\/\/prague-fenix.cz\/salon\/\"]}]},{\"@type\":\"ImageObject\",\"inLanguage\":\"de\",\"@id\":\"https:\/\/prague-fenix.cz\/salon\/#primaryimage\",\"url\":\"http:\/\/prague-fenix.cz\/wp-content\/uploads\/2025\/11\/Fenix_Salon-17-300x240.jpg\",\"contentUrl\":\"http:\/\/prague-fenix.cz\/wp-content\/uploads\/2025\/11\/Fenix_Salon-17-300x240.jpg\"},{\"@type\":\"BreadcrumbList\",\"@id\":\"https:\/\/prague-fenix.cz\/salon\/#breadcrumb\",\"itemListElement\":[{\"@type\":\"ListItem\",\"position\":1,\"name\":\"Home\",\"item\":\"https:\/\/prague-fenix.cz\/\"},{\"@type\":\"ListItem\",\"position\":2,\"name\":\"Salon\"}]},{\"@type\":\"WebSite\",\"@id\":\"https:\/\/prague-fenix.cz\/#website\",\"url\":\"https:\/\/prague-fenix.cz\/\",\"name\":\"Pague Fenix\",\"description\":\"Erotic massage Prague\",\"publisher\":{\"@id\":\"https:\/\/prague-fenix.cz\/#organization\"},\"potentialAction\":[{\"@type\":\"SearchAction\",\"target\":{\"@type\":\"EntryPoint\",\"urlTemplate\":\"https:\/\/prague-fenix.cz\/?s={search_term_string}\"},\"query-input\":{\"@type\":\"PropertyValueSpecification\",\"valueRequired\":true,\"valueName\":\"search_term_string\"}}],\"inLanguage\":\"de\"},{\"@type\":\"Organization\",\"@id\":\"https:\/\/prague-fenix.cz\/#organization\",\"name\":\"Pague Fenix\",\"url\":\"https:\/\/prague-fenix.cz\/\",\"logo\":{\"@type\":\"ImageObject\",\"inLanguage\":\"de\",\"@id\":\"https:\/\/prague-fenix.cz\/#\/schema\/logo\/image\/\",\"url\":\"https:\/\/prague-fenix.cz\/wp-content\/uploads\/2025\/10\/logo.png\",\"contentUrl\":\"https:\/\/prague-fenix.cz\/wp-content\/uploads\/2025\/10\/logo.png\",\"width\":174,\"height\":80,\"caption\":\"Pague Fenix\"},\"image\":{\"@id\":\"https:\/\/prague-fenix.cz\/#\/schema\/logo\/image\/\"}}]}<\/script>\n<!-- \/ Yoast SEO plugin. -->","yoast_head_json":{"title":"Erotic Massage Salon in Prague - Prague Fenix","description":"Prague Fenix erotic massage salon in Prague \u2014 elegant interior, cozy atmosphere, professional therapists, and complete privacy.","robots":{"index":"index","follow":"follow","max-snippet":"max-snippet:-1","max-image-preview":"max-image-preview:large","max-video-preview":"max-video-preview:-1"},"canonical":"https:\/\/prague-fenix.cz\/de\/salon\/","og_locale":"de_DE","og_type":"article","og_title":"Erotic Massage Salon in Prague - Prague Fenix","og_description":"Prague Fenix erotic massage salon in Prague \u2014 elegant interior, cozy atmosphere, professional therapists, and complete privacy.","og_url":"https:\/\/prague-fenix.cz\/de\/salon\/","og_site_name":"Pague Fenix","article_modified_time":"2026-01-05T10:33:32+00:00","og_image":[{"url":"http:\/\/prague-fenix.cz\/wp-content\/uploads\/2025\/11\/Fenix_Salon-17-300x240.jpg","type":"","width":"","height":""}],"twitter_card":"summary_large_image","twitter_misc":{"Gesch\u00e4tzte Lesezeit":"2\u00a0Minuten"},"schema":{"@context":"https:\/\/schema.org","@graph":[{"@type":"WebPage","@id":"https:\/\/prague-fenix.cz\/salon\/","url":"https:\/\/prague-fenix.cz\/salon\/","name":"Erotic Massage Salon in Prague - Prague Fenix","isPartOf":{"@id":"https:\/\/prague-fenix.cz\/#website"},"primaryImageOfPage":{"@id":"https:\/\/prague-fenix.cz\/salon\/#primaryimage"},"image":{"@id":"https:\/\/prague-fenix.cz\/salon\/#primaryimage"},"thumbnailUrl":"http:\/\/prague-fenix.cz\/wp-content\/uploads\/2025\/11\/Fenix_Salon-17-300x240.jpg","datePublished":"2025-10-16T12:34:20+00:00","dateModified":"2026-01-05T10:33:32+00:00","description":"Prague Fenix erotic massage salon in Prague \u2014 elegant interior, cozy atmosphere, professional therapists, and complete privacy.","breadcrumb":{"@id":"https:\/\/prague-fenix.cz\/salon\/#breadcrumb"},"inLanguage":"de","potentialAction":[{"@type":"ReadAction","target":["https:\/\/prague-fenix.cz\/salon\/"]}]},{"@type":"ImageObject","inLanguage":"de","@id":"https:\/\/prague-fenix.cz\/salon\/#primaryimage","url":"http:\/\/prague-fenix.cz\/wp-content\/uploads\/2025\/11\/Fenix_Salon-17-300x240.jpg","contentUrl":"http:\/\/prague-fenix.cz\/wp-content\/uploads\/2025\/11\/Fenix_Salon-17-300x240.jpg"},{"@type":"BreadcrumbList","@id":"https:\/\/prague-fenix.cz\/salon\/#breadcrumb","itemListElement":[{"@type":"ListItem","position":1,"name":"Home","item":"https:\/\/prague-fenix.cz\/"},{"@type":"ListItem","position":2,"name":"Salon"}]},{"@type":"WebSite","@id":"https:\/\/prague-fenix.cz\/#website","url":"https:\/\/prague-fenix.cz\/","name":"Pague Fenix","description":"Erotic massage Prague","publisher":{"@id":"https:\/\/prague-fenix.cz\/#organization"},"potentialAction":[{"@type":"SearchAction","target":{"@type":"EntryPoint","urlTemplate":"https:\/\/prague-fenix.cz\/?s={search_term_string}"},"query-input":{"@type":"PropertyValueSpecification","valueRequired":true,"valueName":"search_term_string"}}],"inLanguage":"de"},{"@type":"Organization","@id":"https:\/\/prague-fenix.cz\/#organization","name":"Pague Fenix","url":"https:\/\/prague-fenix.cz\/","logo":{"@type":"ImageObject","inLanguage":"de","@id":"https:\/\/prague-fenix.cz\/#\/schema\/logo\/image\/","url":"https:\/\/prague-fenix.cz\/wp-content\/uploads\/2025\/10\/logo.png","contentUrl":"https:\/\/prague-fenix.cz\/wp-content\/uploads\/2025\/10\/logo.png","width":174,"height":80,"caption":"Pague Fenix"},"image":{"@id":"https:\/\/prague-fenix.cz\/#\/schema\/logo\/image\/"}}]}},"_links":{"self":[{"href":"https:\/\/prague-fenix.cz\/de\/wp-json\/wp\/v2\/pages\/737","targetHints":{"allow":["GET"]}}],"collection":[{"href":"https:\/\/prague-fenix.cz\/de\/wp-json\/wp\/v2\/pages"}],"about":[{"href":"https:\/\/prague-fenix.cz\/de\/wp-json\/wp\/v2\/types\/page"}],"author":[{"embeddable":true,"href":"https:\/\/prague-fenix.cz\/de\/wp-json\/wp\/v2\/users\/1"}],"replies":[{"embeddable":true,"href":"https:\/\/prague-fenix.cz\/de\/wp-json\/wp\/v2\/comments?post=737"}],"version-history":[{"count":37,"href":"https:\/\/prague-fenix.cz\/de\/wp-json\/wp\/v2\/pages\/737\/revisions"}],"predecessor-version":[{"id":2492,"href":"https:\/\/prague-fenix.cz\/de\/wp-json\/wp\/v2\/pages\/737\/revisions\/2492"}],"wp:attachment":[{"href":"https:\/\/prague-fenix.cz\/de\/wp-json\/wp\/v2\/media?parent=737"}],"curies":[{"name":"wp","href":"https:\/\/api.w.org\/{rel}","templated":true}]}}