{"id":775,"date":"2025-10-16T16:00:54","date_gmt":"2025-10-16T13:00:54","guid":{"rendered":"https:\/\/prague-fenix.cz\/?page_id=775"},"modified":"2026-01-05T13:35:47","modified_gmt":"2026-01-05T10:35:47","slug":"rules","status":"publish","type":"page","link":"https:\/\/prague-fenix.cz\/de\/rules\/","title":{"rendered":"Regeln"},"content":{"rendered":"<div data-elementor-type=\"wp-page\" data-elementor-id=\"775\" class=\"elementor elementor-775\" data-elementor-post-type=\"page\">\n\t\t\t\t<div class=\"elementor-element elementor-element-8f9868d e-flex e-con-boxed e-con e-parent\" data-id=\"8f9868d\" data-element_type=\"container\">\n\t\t\t\t\t<div class=\"e-con-inner\">\n\t\t<div class=\"elementor-element elementor-element-97b05f2 e-con-full e-flex e-con e-child\" data-id=\"97b05f2\" data-element_type=\"container\">\n\t\t\t\t<div class=\"elementor-element elementor-element-38801c4 elementor-widget elementor-widget-heading\" data-id=\"38801c4\" data-element_type=\"widget\" data-widget_type=\"heading.default\">\n\t\t\t\t\t<h2 class=\"elementor-heading-title elementor-size-default\">REGELN<\/h2>\t\t\t\t<\/div>\n\t\t\t\t<\/div>\n\t\t<div class=\"elementor-element elementor-element-2d9cb70 e-con-full e-flex e-con e-child\" data-id=\"2d9cb70\" data-element_type=\"container\">\n\t\t\t\t<\/div>\n\t\t\t\t\t<\/div>\n\t\t\t\t<\/div>\n\t\t<div class=\"elementor-element elementor-element-eadf79f e-flex e-con-boxed e-con e-parent\" data-id=\"eadf79f\" data-element_type=\"container\">\n\t\t\t\t\t<div class=\"e-con-inner\">\n\t\t\t\t<div class=\"elementor-element elementor-element-906b126 elementor-widget__width-initial elementor-widget-mobile__width-inherit elementor-widget elementor-widget-heading\" data-id=\"906b126\" data-element_type=\"widget\" data-widget_type=\"heading.default\">\n\t\t\t\t\t<h2 class=\"elementor-heading-title elementor-size-default\">Besuchsregeln des Erotikmassagesalons Fenix in Prag<\/h2>\t\t\t\t<\/div>\n\t\t\t\t<div class=\"elementor-element elementor-element-29d94d2 elementor-widget__width-initial elementor-widget-mobile__width-inherit elementor-widget elementor-widget-text-editor\" data-id=\"29d94d2\" data-element_type=\"widget\" data-widget_type=\"text-editor.default\">\n\t\t\t\t\t\t\t\t\t<p>Wir empfehlen Ihnen, sich mit den Besuchsregeln des Massagesalons Fenix vertraut zu machen, um Missverst\u00e4ndnisse und andere Gr\u00fcnde f\u00fcr die Unzufriedenheit der Kunden zu vermeiden.<\/p><ol><li>Zuallererst: Unsere Masseurinnen bieten keinerlei intime Dienstleistungen an. Auch keine Oralsex-Dienstleistungen! Anders gesagt: Im Massagesalon Prague Fenix gibt es weder Sex noch Blowjobs.\u00a0<\/li><li>Erotische Massagedienstleistungen d\u00fcrfen nur von Personen \u00fcber 18 Jahren in Anspruch genommen werden.<\/li><li>Wir geben keine privaten Telefonnummern weiter und vereinbaren auch keine Treffen au\u00dferhalb unseres Arbeitsplatzes.<\/li><li>Falls Sie zus\u00e4tzlich zur Hauptmassage weitere Massagearten buchen m\u00f6chten, sollten Sie wissen, dass nicht jede Masseurin jede gew\u00fcnschte Massageart anbietet. Daher ist es ratsam, dies im Voraus zu kl\u00e4ren und die passende Massagekombination f\u00fcr Ihr Wohlbefinden auszuw\u00e4hlen.<\/li><li>Das Ber\u00fchren des\/der M\u00e4dchens\/M\u00e4dchen w\u00e4hrend der Session ist nicht verboten, aber Sie d\u00fcrfen ihre Brustwarzen oder Genitalien NICHT ber\u00fchren.<\/li><li>Video- und Fotoaufnahmen sind in unserem Salon strengstens verboten!<\/li><li>Der Erotikmassagesalon Fenix in Prag arbeitet mit Terminvergabe. Ihre Besuchszeit beginnt, sobald Sie die Schwelle des Massageraums \u00fcberschreiten.<\/li><li>Wir sind jederzeit bereit, alle Ihre Fragen zu beantworten, behalten uns jedoch das Recht vor, Themen pers\u00f6nlicher Natur zu besprechen.<\/li><\/ol>\t\t\t\t\t\t\t\t<\/div>\n\t\t\t\t<div class=\"elementor-element elementor-element-bcc225e elementor-widget__width-initial elementor-widget-mobile__width-inherit elementor-widget elementor-widget-heading\" data-id=\"bcc225e\" data-element_type=\"widget\" data-widget_type=\"heading.default\">\n\t\t\t\t\t<h4 class=\"elementor-heading-title elementor-size-default\">Hinweis: Bei unh\u00f6flichem oder unethischem Verhalten behalten wir uns das Recht vor, Ihnen jegliche Dienstleistungen zu verweigern.<\/h4>\t\t\t\t<\/div>\n\t\t\t\t<div class=\"elementor-element elementor-element-94adc9e elementor-widget__width-initial elementor-widget-mobile__width-inherit elementor-widget elementor-widget-image\" data-id=\"94adc9e\" data-element_type=\"widget\" data-widget_type=\"image.default\">\n\t\t\t\t\t\t\t\t\t\t\t\t\t\t\t<img fetchpriority=\"high\" decoding=\"async\" width=\"874\" height=\"480\" src=\"https:\/\/prague-fenix.cz\/wp-content\/uploads\/2025\/10\/image-5-1.png\" class=\"attachment-full size-full wp-image-785\" alt=\"\" srcset=\"https:\/\/prague-fenix.cz\/wp-content\/uploads\/2025\/10\/image-5-1.png 874w, https:\/\/prague-fenix.cz\/wp-content\/uploads\/2025\/10\/image-5-1-300x165.png 300w, https:\/\/prague-fenix.cz\/wp-content\/uploads\/2025\/10\/image-5-1-768x422.png 768w\" sizes=\"(max-width: 874px) 100vw, 874px\" \/>\t\t\t\t\t\t\t\t\t\t\t\t\t\t\t<\/div>\n\t\t\t\t<div class=\"elementor-element elementor-element-da1a43a elementor-widget__width-initial elementor-widget-mobile__width-inherit elementor-widget elementor-widget-heading\" data-id=\"da1a43a\" data-element_type=\"widget\" data-widget_type=\"heading.default\">\n\t\t\t\t\t<h2 class=\"elementor-heading-title elementor-size-default\">Was m\u00fcssen Sie vor Ihrem Besuch bei Fenix erledigen?<\/h2>\t\t\t\t<\/div>\n\t\t\t\t<div class=\"elementor-element elementor-element-d40f928 elementor-widget__width-initial elementor-widget-mobile__width-inherit elementor-widget elementor-widget-text-editor\" data-id=\"d40f928\" data-element_type=\"widget\" data-widget_type=\"text-editor.default\">\n\t\t\t\t\t\t\t\t\t<p>Zun\u00e4chst m\u00fcssen Sie Datum und Uhrzeit Ihres Besuchs im Voraus buchen. So k\u00f6nnen Sie sich ausreichend Zeit nehmen und sich w\u00e4hrend Ihrer Sitzung rundum wohlf\u00fchlen.<br \/>Es ist au\u00dferdem wichtig, p\u00fcnktlich im Salon zu erscheinen, ohne sich zu versp\u00e4ten. So k\u00f6nnen Sie sich in Ruhe umziehen und sich auf die Massage vorbereiten.<\/p>\t\t\t\t\t\t\t\t<\/div>\n\t\t\t\t<div class=\"elementor-element elementor-element-b1ea8c7 elementor-widget__width-initial elementor-widget-mobile__width-inherit elementor-widget elementor-widget-heading\" data-id=\"b1ea8c7\" data-element_type=\"widget\" data-widget_type=\"heading.default\">\n\t\t\t\t\t<h2 class=\"elementor-heading-title elementor-size-default\">Was m\u00fcssen Sie vor der Massagebehandlung tun?<\/h2>\t\t\t\t<\/div>\n\t\t\t\t<div class=\"elementor-element elementor-element-0fd5556 elementor-widget__width-initial elementor-widget-mobile__width-inherit elementor-widget elementor-widget-text-editor\" data-id=\"0fd5556\" data-element_type=\"widget\" data-widget_type=\"text-editor.default\">\n\t\t\t\t\t\t\t\t\t<p>Wir empfehlen Ihnen, vor der Massage warm zu duschen. Das hilft Ihnen, sich zu entspannen und gleichzeitig Ihre Haut zu reinigen.<br \/>Au\u00dferdem sollten Sie auf Alkohol und ungesunde Lebensmittel verzichten, um Beschwerden w\u00e4hrend des Eingriffs zu vermeiden.<\/p>\t\t\t\t\t\t\t\t<\/div>\n\t\t\t\t<div class=\"elementor-element elementor-element-d24b37e elementor-widget__width-initial elementor-widget-mobile__width-inherit elementor-widget elementor-widget-heading\" data-id=\"d24b37e\" data-element_type=\"widget\" data-widget_type=\"heading.default\">\n\t\t\t\t\t<h2 class=\"elementor-heading-title elementor-size-default\">Was m\u00fcssen Sie w\u00e4hrend der Massage tun?<\/h2>\t\t\t\t<\/div>\n\t\t\t\t<div class=\"elementor-element elementor-element-b168c5e elementor-widget__width-initial elementor-widget-mobile__width-inherit elementor-widget elementor-widget-text-editor\" data-id=\"b168c5e\" data-element_type=\"widget\" data-widget_type=\"text-editor.default\">\n\t\t\t\t\t\t\t\t\t<p>W\u00e4hrend der Massage ist es wichtig, Ihrer Masseurin oder Ihrem Masseur zu vertrauen und Ihre Gedanken und Sorgen loszulassen. Konzentrieren Sie sich auf Ihre Empfindungen und genie\u00dfen Sie jede Minute im Salon.<br \/>Eine erotische Massage ist nicht nur k\u00f6rperliche Entspannung, sondern auch emotionale. Lassen Sie sich daher auf das gesamte Spektrum der Emotionen ein, die w\u00e4hrend der Behandlung aufkommen.<\/p>\t\t\t\t\t\t\t\t<\/div>\n\t\t\t\t<div class=\"elementor-element elementor-element-0607f75 elementor-widget__width-initial elementor-widget-mobile__width-inherit elementor-widget elementor-widget-heading\" data-id=\"0607f75\" data-element_type=\"widget\" data-widget_type=\"heading.default\">\n\t\t\t\t\t<h2 class=\"elementor-heading-title elementor-size-default\">Was m\u00fcssen Sie nach der Sitzung tun?<\/h2>\t\t\t\t<\/div>\n\t\t\t\t<div class=\"elementor-element elementor-element-803c1dd elementor-widget__width-initial elementor-widget-mobile__width-inherit elementor-widget elementor-widget-text-editor\" data-id=\"803c1dd\" data-element_type=\"widget\" data-widget_type=\"text-editor.default\">\n\t\t\t\t\t\t\t\t\t<p>Das Erotikmassagestudio Fenix in Prag freut sich, Sie als Kunden begr\u00fc\u00dfen zu d\u00fcrfen! Um einen Termin zu vereinbaren, rufen Sie uns bitte an.<br \/><a href=\"tel: 420 720 175 506\">+420 720 175 506<\/a>\u00a0Wir beantworten gerne alle Ihre Fragen und buchen Ihnen den gew\u00fcnschten Termin f\u00fcr die gew\u00fcnschte Art von Veranstaltung.<br \/>Massage.<\/p>\t\t\t\t\t\t\t\t<\/div>\n\t\t\t\t\t<\/div>\n\t\t\t\t<\/div>\n\t\t<div class=\"elementor-element elementor-element-bbfcb53 e-flex e-con-boxed e-con e-parent\" data-id=\"bbfcb53\" data-element_type=\"container\" data-settings=\"{&quot;background_background&quot;:&quot;classic&quot;}\">\n\t\t\t\t\t<div class=\"e-con-inner\">\n\t\t\t\t<div class=\"elementor-element elementor-element-a1cdff6 elementor-widget__width-initial elementor-widget elementor-widget-heading\" data-id=\"a1cdff6\" data-element_type=\"widget\" data-widget_type=\"heading.default\">\n\t\t\t\t\t<h2 class=\"elementor-heading-title elementor-size-default\">Buchen Sie eine erotische Massage bei<br> Die besten Masseurinnen in Prag.<\/h2>\t\t\t\t<\/div>\n\t\t\t\t<div class=\"elementor-element elementor-element-cce415a elementor-position-right elementor-mobile-position-right elementor-widget__width-auto elementor-view-default elementor-widget elementor-widget-icon-box\" data-id=\"cce415a\" data-element_type=\"widget\" data-widget_type=\"icon-box.default\">\n\t\t\t\t\t\t\t<div class=\"elementor-icon-box-wrapper\">\n\n\t\t\t\t\t\t<div class=\"elementor-icon-box-icon\">\n\t\t\t\t<a href=\"#\" class=\"elementor-icon elementor-animation-rotate\" tabindex=\"-1\" aria-label=\"+420 720 175 506\">\n\t\t\t\t<svg xmlns=\"http:\/\/www.w3.org\/2000\/svg\" width=\"16\" height=\"16\" viewbox=\"0 0 16 16\" fill=\"none\"><path d=\"M10.6692 6.276L4.93119 12.014L3.98853 11.0713L9.72585 5.33333H4.66919V4H12.0025V11.3333H10.6692V6.276Z\" fill=\"white\"><\/path><\/svg>\t\t\t\t<\/a>\n\t\t\t<\/div>\n\t\t\t\n\t\t\t\t\t\t<div class=\"elementor-icon-box-content\">\n\n\t\t\t\t\t\t\t\t\t<h3 class=\"elementor-icon-box-title\">\n\t\t\t\t\t\t<a href=\"#\" >\n\t\t\t\t\t\t\t+420 720 175 506\t\t\t\t\t\t<\/a>\n\t\t\t\t\t<\/h3>\n\t\t\t\t\n\t\t\t\t\n\t\t\t<\/div>\n\t\t\t\n\t\t<\/div>\n\t\t\t\t\t\t<\/div>\n\t\t\t\t\t<\/div>\n\t\t\t\t<\/div>\n\t\t<div class=\"elementor-element elementor-element-a719d2b e-con-full gallery-mob e-flex e-con e-parent\" data-id=\"a719d2b\" data-element_type=\"container\">\n\t\t\t\t<div class=\"elementor-element elementor-element-8cc1a7c elementor-widget elementor-widget-image\" data-id=\"8cc1a7c\" data-element_type=\"widget\" data-widget_type=\"image.default\">\n\t\t\t\t\t\t\t\t\t\t\t\t\t\t\t<img decoding=\"async\" width=\"300\" height=\"240\" src=\"https:\/\/prague-fenix.cz\/wp-content\/uploads\/2025\/11\/Fenix_Salon-8-300x240.jpg\" class=\"attachment-medium size-medium wp-image-1735\" alt=\"\" srcset=\"https:\/\/prague-fenix.cz\/wp-content\/uploads\/2025\/11\/Fenix_Salon-8-300x240.jpg 300w, https:\/\/prague-fenix.cz\/wp-content\/uploads\/2025\/11\/Fenix_Salon-8-768x614.jpg 768w, https:\/\/prague-fenix.cz\/wp-content\/uploads\/2025\/11\/Fenix_Salon-8-15x12.jpg 15w, https:\/\/prague-fenix.cz\/wp-content\/uploads\/2025\/11\/Fenix_Salon-8.jpg 1000w\" sizes=\"(max-width: 300px) 100vw, 300px\" \/>\t\t\t\t\t\t\t\t\t\t\t\t\t\t\t<\/div>\n\t\t\t\t<div class=\"elementor-element elementor-element-b8a44b2 elementor-widget elementor-widget-image\" data-id=\"b8a44b2\" data-element_type=\"widget\" data-widget_type=\"image.default\">\n\t\t\t\t\t\t\t\t\t\t\t\t\t\t\t<img decoding=\"async\" width=\"300\" height=\"240\" src=\"https:\/\/prague-fenix.cz\/wp-content\/uploads\/2025\/11\/Fenix_Salon-9-300x240.jpg\" class=\"attachment-medium size-medium wp-image-1736\" alt=\"\" srcset=\"https:\/\/prague-fenix.cz\/wp-content\/uploads\/2025\/11\/Fenix_Salon-9-300x240.jpg 300w, https:\/\/prague-fenix.cz\/wp-content\/uploads\/2025\/11\/Fenix_Salon-9-768x614.jpg 768w, https:\/\/prague-fenix.cz\/wp-content\/uploads\/2025\/11\/Fenix_Salon-9-15x12.jpg 15w, https:\/\/prague-fenix.cz\/wp-content\/uploads\/2025\/11\/Fenix_Salon-9.jpg 1000w\" sizes=\"(max-width: 300px) 100vw, 300px\" \/>\t\t\t\t\t\t\t\t\t\t\t\t\t\t\t<\/div>\n\t\t\t\t<div class=\"elementor-element elementor-element-c77851e elementor-widget elementor-widget-image\" data-id=\"c77851e\" data-element_type=\"widget\" data-widget_type=\"image.default\">\n\t\t\t\t\t\t\t\t\t\t\t\t\t\t\t<img loading=\"lazy\" decoding=\"async\" width=\"300\" height=\"240\" src=\"https:\/\/prague-fenix.cz\/wp-content\/uploads\/2025\/11\/Fenix_Salon-10-300x240.jpg\" class=\"attachment-medium size-medium wp-image-1737\" alt=\"\" srcset=\"https:\/\/prague-fenix.cz\/wp-content\/uploads\/2025\/11\/Fenix_Salon-10-300x240.jpg 300w, https:\/\/prague-fenix.cz\/wp-content\/uploads\/2025\/11\/Fenix_Salon-10-768x614.jpg 768w, https:\/\/prague-fenix.cz\/wp-content\/uploads\/2025\/11\/Fenix_Salon-10-15x12.jpg 15w, https:\/\/prague-fenix.cz\/wp-content\/uploads\/2025\/11\/Fenix_Salon-10.jpg 1000w\" sizes=\"(max-width: 300px) 100vw, 300px\" \/>\t\t\t\t\t\t\t\t\t\t\t\t\t\t\t<\/div>\n\t\t\t\t<div class=\"elementor-element elementor-element-484a246 elementor-widget elementor-widget-image\" data-id=\"484a246\" data-element_type=\"widget\" data-widget_type=\"image.default\">\n\t\t\t\t\t\t\t\t\t\t\t\t\t\t\t<img loading=\"lazy\" decoding=\"async\" width=\"300\" height=\"240\" src=\"https:\/\/prague-fenix.cz\/wp-content\/uploads\/2025\/11\/Fenix_Salon-11-300x240.jpg\" class=\"attachment-medium size-medium wp-image-1738\" alt=\"\" srcset=\"https:\/\/prague-fenix.cz\/wp-content\/uploads\/2025\/11\/Fenix_Salon-11-300x240.jpg 300w, https:\/\/prague-fenix.cz\/wp-content\/uploads\/2025\/11\/Fenix_Salon-11-768x614.jpg 768w, https:\/\/prague-fenix.cz\/wp-content\/uploads\/2025\/11\/Fenix_Salon-11-15x12.jpg 15w, https:\/\/prague-fenix.cz\/wp-content\/uploads\/2025\/11\/Fenix_Salon-11.jpg 1000w\" sizes=\"(max-width: 300px) 100vw, 300px\" \/>\t\t\t\t\t\t\t\t\t\t\t\t\t\t\t<\/div>\n\t\t\t\t<div class=\"elementor-element elementor-element-bfa0106 elementor-widget elementor-widget-image\" data-id=\"bfa0106\" data-element_type=\"widget\" data-widget_type=\"image.default\">\n\t\t\t\t\t\t\t\t\t\t\t\t\t\t\t<img loading=\"lazy\" decoding=\"async\" width=\"300\" height=\"240\" src=\"https:\/\/prague-fenix.cz\/wp-content\/uploads\/2025\/11\/Fenix_Salon-12-300x240.jpg\" class=\"attachment-medium size-medium wp-image-1739\" alt=\"\" srcset=\"https:\/\/prague-fenix.cz\/wp-content\/uploads\/2025\/11\/Fenix_Salon-12-300x240.jpg 300w, https:\/\/prague-fenix.cz\/wp-content\/uploads\/2025\/11\/Fenix_Salon-12-768x614.jpg 768w, https:\/\/prague-fenix.cz\/wp-content\/uploads\/2025\/11\/Fenix_Salon-12-15x12.jpg 15w, https:\/\/prague-fenix.cz\/wp-content\/uploads\/2025\/11\/Fenix_Salon-12.jpg 1000w\" sizes=\"(max-width: 300px) 100vw, 300px\" \/>\t\t\t\t\t\t\t\t\t\t\t\t\t\t\t<\/div>\n\t\t\t\t<\/div>\n\t\t\t\t<\/div>","protected":false},"excerpt":{"rendered":"<p>RULES Visiting rules of Erotic massage salon\u00a0Prague Fenix We recommend to get acquainted with visiting rules of massage salon Fenix to avoid misunderstandings and other reasons of client\u2019s displeasure. First and foremost: our girls don\u2019t provide any of intimate services. Oral too! In other words: there is no sex or blowjobs in massage salon Prague [&hellip;]<\/p>","protected":false},"author":1,"featured_media":0,"parent":0,"menu_order":0,"comment_status":"closed","ping_status":"closed","template":"","meta":{"footnotes":""},"class_list":["post-775","page","type-page","status-publish","hentry"],"yoast_head":"<!-- This site is optimized with the Yoast SEO plugin v26.2 - https:\/\/yoast.com\/wordpress\/plugins\/seo\/ -->\n<title>Rules of the Erotic Massage Salon - Prague Fenix<\/title>\n<meta name=\"description\" content=\"Rules of visiting the Prague Fenix erotic massage salon in Prague \u2014 service conditions, confidentiality, communication etiquette, and guest comfort.\" \/>\n<meta name=\"robots\" content=\"index, follow, max-snippet:-1, max-image-preview:large, max-video-preview:-1\" \/>\n<link rel=\"canonical\" href=\"https:\/\/prague-fenix.cz\/de\/rules\/\" \/>\n<meta property=\"og:locale\" content=\"de_DE\" \/>\n<meta property=\"og:type\" content=\"article\" \/>\n<meta property=\"og:title\" content=\"Rules of the Erotic Massage Salon - Prague Fenix\" \/>\n<meta property=\"og:description\" content=\"Rules of visiting the Prague Fenix erotic massage salon in Prague \u2014 service conditions, confidentiality, communication etiquette, and guest comfort.\" \/>\n<meta property=\"og:url\" content=\"https:\/\/prague-fenix.cz\/de\/rules\/\" \/>\n<meta property=\"og:site_name\" content=\"Pague Fenix\" \/>\n<meta property=\"article:modified_time\" content=\"2026-01-05T10:35:47+00:00\" \/>\n<meta property=\"og:image\" content=\"http:\/\/prague-fenix.cz\/wp-content\/uploads\/2025\/10\/image-5-1.png\" \/>\n<meta name=\"twitter:card\" content=\"summary_large_image\" \/>\n<meta name=\"twitter:label1\" content=\"Gesch\u00e4tzte Lesezeit\" \/>\n\t<meta name=\"twitter:data1\" content=\"4\u00a0Minuten\" \/>\n<script type=\"application\/ld+json\" class=\"yoast-schema-graph\">{\"@context\":\"https:\/\/schema.org\",\"@graph\":[{\"@type\":\"WebPage\",\"@id\":\"https:\/\/prague-fenix.cz\/rules\/\",\"url\":\"https:\/\/prague-fenix.cz\/rules\/\",\"name\":\"Rules of the Erotic Massage Salon - Prague Fenix\",\"isPartOf\":{\"@id\":\"https:\/\/prague-fenix.cz\/#website\"},\"primaryImageOfPage\":{\"@id\":\"https:\/\/prague-fenix.cz\/rules\/#primaryimage\"},\"image\":{\"@id\":\"https:\/\/prague-fenix.cz\/rules\/#primaryimage\"},\"thumbnailUrl\":\"http:\/\/prague-fenix.cz\/wp-content\/uploads\/2025\/10\/image-5-1.png\",\"datePublished\":\"2025-10-16T13:00:54+00:00\",\"dateModified\":\"2026-01-05T10:35:47+00:00\",\"description\":\"Rules of visiting the Prague Fenix erotic massage salon in Prague \u2014 service conditions, confidentiality, communication etiquette, and guest comfort.\",\"breadcrumb\":{\"@id\":\"https:\/\/prague-fenix.cz\/rules\/#breadcrumb\"},\"inLanguage\":\"de\",\"potentialAction\":[{\"@type\":\"ReadAction\",\"target\":[\"https:\/\/prague-fenix.cz\/rules\/\"]}]},{\"@type\":\"ImageObject\",\"inLanguage\":\"de\",\"@id\":\"https:\/\/prague-fenix.cz\/rules\/#primaryimage\",\"url\":\"http:\/\/prague-fenix.cz\/wp-content\/uploads\/2025\/10\/image-5-1.png\",\"contentUrl\":\"http:\/\/prague-fenix.cz\/wp-content\/uploads\/2025\/10\/image-5-1.png\"},{\"@type\":\"BreadcrumbList\",\"@id\":\"https:\/\/prague-fenix.cz\/rules\/#breadcrumb\",\"itemListElement\":[{\"@type\":\"ListItem\",\"position\":1,\"name\":\"Home\",\"item\":\"https:\/\/prague-fenix.cz\/\"},{\"@type\":\"ListItem\",\"position\":2,\"name\":\"Rules\"}]},{\"@type\":\"WebSite\",\"@id\":\"https:\/\/prague-fenix.cz\/#website\",\"url\":\"https:\/\/prague-fenix.cz\/\",\"name\":\"Pague Fenix\",\"description\":\"Erotic massage Prague\",\"publisher\":{\"@id\":\"https:\/\/prague-fenix.cz\/#organization\"},\"potentialAction\":[{\"@type\":\"SearchAction\",\"target\":{\"@type\":\"EntryPoint\",\"urlTemplate\":\"https:\/\/prague-fenix.cz\/?s={search_term_string}\"},\"query-input\":{\"@type\":\"PropertyValueSpecification\",\"valueRequired\":true,\"valueName\":\"search_term_string\"}}],\"inLanguage\":\"de\"},{\"@type\":\"Organization\",\"@id\":\"https:\/\/prague-fenix.cz\/#organization\",\"name\":\"Pague Fenix\",\"url\":\"https:\/\/prague-fenix.cz\/\",\"logo\":{\"@type\":\"ImageObject\",\"inLanguage\":\"de\",\"@id\":\"https:\/\/prague-fenix.cz\/#\/schema\/logo\/image\/\",\"url\":\"https:\/\/prague-fenix.cz\/wp-content\/uploads\/2025\/10\/logo.png\",\"contentUrl\":\"https:\/\/prague-fenix.cz\/wp-content\/uploads\/2025\/10\/logo.png\",\"width\":174,\"height\":80,\"caption\":\"Pague Fenix\"},\"image\":{\"@id\":\"https:\/\/prague-fenix.cz\/#\/schema\/logo\/image\/\"}}]}<\/script>\n<!-- \/ Yoast SEO plugin. -->","yoast_head_json":{"title":"Rules of the Erotic Massage Salon - Prague Fenix","description":"Rules of visiting the Prague Fenix erotic massage salon in Prague \u2014 service conditions, confidentiality, communication etiquette, and guest comfort.","robots":{"index":"index","follow":"follow","max-snippet":"max-snippet:-1","max-image-preview":"max-image-preview:large","max-video-preview":"max-video-preview:-1"},"canonical":"https:\/\/prague-fenix.cz\/de\/rules\/","og_locale":"de_DE","og_type":"article","og_title":"Rules of the Erotic Massage Salon - Prague Fenix","og_description":"Rules of visiting the Prague Fenix erotic massage salon in Prague \u2014 service conditions, confidentiality, communication etiquette, and guest comfort.","og_url":"https:\/\/prague-fenix.cz\/de\/rules\/","og_site_name":"Pague Fenix","article_modified_time":"2026-01-05T10:35:47+00:00","og_image":[{"url":"http:\/\/prague-fenix.cz\/wp-content\/uploads\/2025\/10\/image-5-1.png","type":"","width":"","height":""}],"twitter_card":"summary_large_image","twitter_misc":{"Gesch\u00e4tzte Lesezeit":"4\u00a0Minuten"},"schema":{"@context":"https:\/\/schema.org","@graph":[{"@type":"WebPage","@id":"https:\/\/prague-fenix.cz\/rules\/","url":"https:\/\/prague-fenix.cz\/rules\/","name":"Rules of the Erotic Massage Salon - Prague Fenix","isPartOf":{"@id":"https:\/\/prague-fenix.cz\/#website"},"primaryImageOfPage":{"@id":"https:\/\/prague-fenix.cz\/rules\/#primaryimage"},"image":{"@id":"https:\/\/prague-fenix.cz\/rules\/#primaryimage"},"thumbnailUrl":"http:\/\/prague-fenix.cz\/wp-content\/uploads\/2025\/10\/image-5-1.png","datePublished":"2025-10-16T13:00:54+00:00","dateModified":"2026-01-05T10:35:47+00:00","description":"Rules of visiting the Prague Fenix erotic massage salon in Prague \u2014 service conditions, confidentiality, communication etiquette, and guest comfort.","breadcrumb":{"@id":"https:\/\/prague-fenix.cz\/rules\/#breadcrumb"},"inLanguage":"de","potentialAction":[{"@type":"ReadAction","target":["https:\/\/prague-fenix.cz\/rules\/"]}]},{"@type":"ImageObject","inLanguage":"de","@id":"https:\/\/prague-fenix.cz\/rules\/#primaryimage","url":"http:\/\/prague-fenix.cz\/wp-content\/uploads\/2025\/10\/image-5-1.png","contentUrl":"http:\/\/prague-fenix.cz\/wp-content\/uploads\/2025\/10\/image-5-1.png"},{"@type":"BreadcrumbList","@id":"https:\/\/prague-fenix.cz\/rules\/#breadcrumb","itemListElement":[{"@type":"ListItem","position":1,"name":"Home","item":"https:\/\/prague-fenix.cz\/"},{"@type":"ListItem","position":2,"name":"Rules"}]},{"@type":"WebSite","@id":"https:\/\/prague-fenix.cz\/#website","url":"https:\/\/prague-fenix.cz\/","name":"Pague Fenix","description":"Erotic massage Prague","publisher":{"@id":"https:\/\/prague-fenix.cz\/#organization"},"potentialAction":[{"@type":"SearchAction","target":{"@type":"EntryPoint","urlTemplate":"https:\/\/prague-fenix.cz\/?s={search_term_string}"},"query-input":{"@type":"PropertyValueSpecification","valueRequired":true,"valueName":"search_term_string"}}],"inLanguage":"de"},{"@type":"Organization","@id":"https:\/\/prague-fenix.cz\/#organization","name":"Pague Fenix","url":"https:\/\/prague-fenix.cz\/","logo":{"@type":"ImageObject","inLanguage":"de","@id":"https:\/\/prague-fenix.cz\/#\/schema\/logo\/image\/","url":"https:\/\/prague-fenix.cz\/wp-content\/uploads\/2025\/10\/logo.png","contentUrl":"https:\/\/prague-fenix.cz\/wp-content\/uploads\/2025\/10\/logo.png","width":174,"height":80,"caption":"Pague Fenix"},"image":{"@id":"https:\/\/prague-fenix.cz\/#\/schema\/logo\/image\/"}}]}},"_links":{"self":[{"href":"https:\/\/prague-fenix.cz\/de\/wp-json\/wp\/v2\/pages\/775","targetHints":{"allow":["GET"]}}],"collection":[{"href":"https:\/\/prague-fenix.cz\/de\/wp-json\/wp\/v2\/pages"}],"about":[{"href":"https:\/\/prague-fenix.cz\/de\/wp-json\/wp\/v2\/types\/page"}],"author":[{"embeddable":true,"href":"https:\/\/prague-fenix.cz\/de\/wp-json\/wp\/v2\/users\/1"}],"replies":[{"embeddable":true,"href":"https:\/\/prague-fenix.cz\/de\/wp-json\/wp\/v2\/comments?post=775"}],"version-history":[{"count":28,"href":"https:\/\/prague-fenix.cz\/de\/wp-json\/wp\/v2\/pages\/775\/revisions"}],"predecessor-version":[{"id":2495,"href":"https:\/\/prague-fenix.cz\/de\/wp-json\/wp\/v2\/pages\/775\/revisions\/2495"}],"wp:attachment":[{"href":"https:\/\/prague-fenix.cz\/de\/wp-json\/wp\/v2\/media?parent=775"}],"curies":[{"name":"wp","href":"https:\/\/api.w.org\/{rel}","templated":true}]}}